{"id":14151,"date":"2016-08-29T06:17:58","date_gmt":"2016-08-29T06:17:58","guid":{"rendered":"http:\/\/grad-export.hr\/fr\/?page_id=14151"},"modified":"2025-03-01T17:31:39","modified_gmt":"2025-03-01T17:31:39","slug":"elite-various-modele-aveiro","status":"publish","type":"page","link":"https:\/\/grad-export.hr\/fr\/elite-various-modele-aveiro","title":{"rendered":"Elite Various &#8211; Mod\u00e8le Aveiro"},"content":{"rendered":"<p><strong>Mod\u00e8le AVEIRO 1<\/strong><\/p>\n<p>&#8211; fentes 17 mm<br \/>\n&#8211; une ou deux couleurs<\/p>\n<div class=\"item\">\n<div class=\"slika-elite\">\n<div class=\"slika-noborder\"><img loading=\"lazy\" decoding=\"async\" class=\"alignleft size-full wp-image-13966\" src=\"http:\/\/grad-export.hr\/web\/wp-content\/uploads\/elite-various-model-aveiro\/Aveiro1-1.png\" alt=\"Aveiro1-1\" width=\"261\" height=\"621\"><\/div>\n<\/div>\n<div class=\"descr-elite\">\n<span><\/p>\n<h5>Mod\u00e8le: Aveiro 1<\/h5>\n<p>Couleur: GRIGIO ANTICO<br \/>\nVerre: DPL<br \/>\nB\u00e2ton de tirage: OCR 160h<br \/>\nRosace: RKP 50<br \/>\n<\/span>\n<\/div>\n<\/div>\n<hr>\n<div class=\"item\">\n<div class=\"slika-elite\">\n<div class=\"slika-noborder\"><img loading=\"lazy\" decoding=\"async\" class=\"alignleft size-full wp-image-13967\" src=\"http:\/\/grad-export.hr\/web\/wp-content\/uploads\/elite-various-model-aveiro\/Aveiro1-2.png\" alt=\"Aveiro1-2\" width=\"261\" height=\"549\"><\/div>\n<\/div>\n<div class=\"descr-elite\">\n<span><\/p>\n<h5>Mod\u00e8le: Aveiro 1<\/h5>\n<p>Couleur RAL: 7016 mat\/B\u00c9TON CLAIR<br \/>\nVerre: PJF<br \/>\nB\u00e2ton de tirage: OCR 160h<br \/>\nRosace: RKP 50<br \/>\n<\/span>\n<\/div>\n<\/div>\n<hr>\n<div class=\"item\">\n<div class=\"slika-elite\">\n<div class=\"slika-noborder\"><img loading=\"lazy\" decoding=\"async\" class=\"alignleft size-full wp-image-13968\" src=\"http:\/\/grad-export.hr\/web\/wp-content\/uploads\/elite-various-model-aveiro\/Aveiro1-3.png\" alt=\"Aveiro1-3\" width=\"261\" height=\"613\"><\/div>\n<\/div>\n<div class=\"descr-elite\">\n<span><\/p>\n<h5>Mod\u00e8le: Aveiro 1<\/h5>\n<p>Couleur RAL: 9016 mat<br \/>\nVerre: DPH<br \/>\nB\u00e2ton de tirage: KPR 160h<br \/>\nRosace: RKP 50<br \/>\nScanner \u00e0 doigt: AFS<br \/>\n<\/span>\n<\/div>\n<\/div>\n<hr>\n<p><strong>Mod\u00e8le AVEIRO 2<\/strong><\/p>\n<p>&#8211; application 20 mm<br \/>\n&#8211; une ou deux couleurs<br \/>\n&#8211; disponible en version PVC<\/p>\n<div class=\"item\">\n<div class=\"slika-elite\">\n<div class=\"slika-noborder\"><img loading=\"lazy\" decoding=\"async\" class=\"alignleft size-full wp-image-13970\" src=\"http:\/\/grad-export.hr\/web\/wp-content\/uploads\/elite-various-model-aveiro\/Aveiro2-1.png\" alt=\"Aveiro2-1\" width=\"261\" height=\"621\"><\/div>\n<\/div>\n<div class=\"descr-elite\">\n<span><\/p>\n<h5>Mod\u00e8le: Aveiro 2<\/h5>\n<p>Couleur RAL: 9007<br \/>\nVerre: DPL<br \/>\nApplication: POLI<br \/>\nB\u00e2ton de tirage: OPR 160h<br \/>\nRosace: RKP 50<br \/>\n<\/span>\n<\/div>\n<\/div>\n<hr>\n<div class=\"item\">\n<div class=\"slika-elite\">\n<div class=\"slika-noborder\"><img loading=\"lazy\" decoding=\"async\" class=\"alignleft size-full wp-image-13971\" src=\"http:\/\/grad-export.hr\/web\/wp-content\/uploads\/elite-various-model-aveiro\/Aveiro2-2.png\" alt=\"Aveiro2-2\" width=\"261\" height=\"533\"><\/div>\n<\/div>\n<div class=\"descr-elite\">\n<span><\/p>\n<h5>Mod\u00e8le: Aveiro 2<\/h5>\n<p>Couleur RAL: 7030\/ZEBRANO DARK<br \/>\nVerre: DPZ<br \/>\nApplication: POLI<br \/>\nB\u00e2ton de tirage: KPK 160h<br \/>\nRosace: RKP 50<br \/>\nScanner \u00e0 doigt: AFS<br \/>\nDiode \u00e9lectroluminescente: LDK<br \/>\n<\/span>\n<\/div>\n<\/div>\n<hr>\n<p><strong>Mod\u00e8le AVEIRO 3<\/strong><\/p>\n<p>&#8211; fentes 10 mm<br \/>\n&#8211; une ou deux couleurs<\/p>\n<div class=\"item\">\n<div class=\"slika-elite\">\n<div class=\"slika-noborder\"><img loading=\"lazy\" decoding=\"async\" class=\"alignleft size-full wp-image-13972\" src=\"http:\/\/grad-export.hr\/web\/wp-content\/uploads\/elite-various-model-aveiro\/Aveiro3-1.png\" alt=\"Aveiro3-1\" width=\"261\" height=\"532\"><\/div>\n<\/div>\n<div class=\"descr-elite\">\n<span><\/p>\n<h5>Mod\u00e8le: Aveiro 3<\/h5>\n<p>Couleur RAL: 7048<br \/>\nVerre: DPZ<br \/>\nB\u00e2ton de tirage: KPK 160h<br \/>\nRosace: RKP 50<br \/>\n<\/span>\n<\/div>\n<\/div>\n<hr>\n<div class=\"item\">\n<div class=\"slika-elite\">\n<div class=\"slika-noborder\"><img loading=\"lazy\" decoding=\"async\" class=\"alignleft size-full wp-image-13973\" src=\"http:\/\/grad-export.hr\/web\/wp-content\/uploads\/elite-various-model-aveiro\/Aveiro3-2.png\" alt=\"Aveiro3-2\" width=\"261\" height=\"621\"><\/div>\n<\/div>\n<div class=\"descr-elite\">\n<span><\/p>\n<h5>Mod\u00e8le: Aveiro 3<\/h5>\n<p>Couleur: 29\/80077 \/CH\u00caNE FONC\u00c9 FS<br \/>\nVerre: DPH<br \/>\nB\u00e2ton de tirage: OCR 160h<br \/>\nRosace: RKP 50<br \/>\n<\/span>\n<\/div>\n<\/div>\n<hr>\n<p><strong>Mod\u00e8le AVEIRO 4<\/strong><\/p>\n<p>&#8211; marqueterie 4 mm<br \/>\n&#8211; une ou deux couleurs<\/p>\n<div class=\"item\">\n<div class=\"slika-elite\">\n<div class=\"slika-noborder\"><img loading=\"lazy\" decoding=\"async\" class=\"alignleft size-full wp-image-13975\" src=\"http:\/\/grad-export.hr\/web\/wp-content\/uploads\/elite-various-model-aveiro\/Aveiro4-1.png\" alt=\"Aveiro4-1\" width=\"261\" height=\"549\"><\/div>\n<\/div>\n<div class=\"descr-elite\">\n<span><\/p>\n<h5>Mod\u00e8le: Aveiro 4<\/h5>\n<p>Couleur RAL: 9006 mat\/CARBON<br \/>\nVerre: DPL<br \/>\nMarqueterie: POLI<br \/>\nB\u00e2ton de tirage: OPR 160h<br \/>\nRosace: RKP 50<br \/>\n<\/span>\n<\/div>\n<\/div>\n<hr>\n<div class=\"item\">\n<div class=\"slika-elite\">\n<div class=\"slika-noborder\"><img loading=\"lazy\" decoding=\"async\" class=\"alignleft size-full wp-image-13976\" src=\"http:\/\/grad-export.hr\/web\/wp-content\/uploads\/elite-various-model-aveiro\/Aveiro4-2.png\" alt=\"Aveiro4-2\" width=\"261\" height=\"621\"><\/div>\n<\/div>\n<div class=\"descr-elite\">\n<span><\/p>\n<h5>Mod\u00e8le: Aveiro 4<\/h5>\n<p>Couleur RAL: 7024<br \/>\nVerre: DPH<br \/>\nMarqueterie: POLI<br \/>\nB\u00e2ton de tirage: KPK 160h<br \/>\nRosace: RKP 50<br \/>\nProtection pour le panneaux: JZP 50<br \/>\n<\/span>\n<\/div>\n<\/div>\n<hr>\n<div class=\"item\">\n<div class=\"slika-elite\">\n<div class=\"slika-noborder\"><img loading=\"lazy\" decoding=\"async\" class=\"alignleft size-full wp-image-14131\" src=\"http:\/\/grad-export.hr\/web\/wp-content\/uploads\/elite-various-model-aveiro\/Aveiro4-3.png\" alt=\"Aveiro4-3\" width=\"261\" height=\"604\" srcset=\"https:\/\/grad-export.hr\/web\/wp-content\/uploads\/elite-various-model-aveiro\/Aveiro4-3.png 261w, https:\/\/grad-export.hr\/web\/wp-content\/uploads\/elite-various-model-aveiro\/Aveiro4-3-174x403.png 174w\" sizes=\"(max-width: 261px) 100vw, 261px\" \/><\/div>\n<\/div>\n<div class=\"descr-elite\">\n<span><\/p>\n<h5>Mod\u00e8le: Aveiro 4<\/h5>\n<p>Couleur RAL: 7015<br \/>\nVerre: FPJ<br \/>\nMarqueterie: POLI<br \/>\nB\u00e2ton de tirage: KPR 160h<br \/>\nRosace: RKP 50<br \/>\nDiode \u00e9lectroluminescente: LDK<br \/>\n<\/span>\n<\/div>\n<\/div>\n","protected":false},"excerpt":{"rendered":"<p>Mod\u00e8le AVEIRO 1 &#8211; fentes 17 mm &#8211; une ou deux couleurs Mod\u00e8le: Aveiro 1 Couleur: GRIGIO ANTICO Verre: DPL B\u00e2ton de tirage: OCR 160h Rosace: RKP 50 Mod\u00e8le: Aveiro 1 Couleur RAL: 7016 mat\/B\u00c9TON CLAIR Verre: PJF B\u00e2ton de tirage: OCR 160h Rosace: RKP 50 Mod\u00e8le: Aveiro 1 Couleur RAL: 9016 mat Verre: DPH [&hellip;]<\/p>\n","protected":false},"author":1,"featured_media":24376,"parent":0,"menu_order":0,"comment_status":"closed","ping_status":"closed","template":"","meta":{"ngg_post_thumbnail":0,"__cvm_playback_settings":[],"__cvm_video_id":"","footnotes":""},"class_list":["post-14151","page","type-page","status-publish","has-post-thumbnail","czr-hentry"],"_links":{"self":[{"href":"https:\/\/grad-export.hr\/fr\/wp-json\/wp\/v2\/pages\/14151"}],"collection":[{"href":"https:\/\/grad-export.hr\/fr\/wp-json\/wp\/v2\/pages"}],"about":[{"href":"https:\/\/grad-export.hr\/fr\/wp-json\/wp\/v2\/types\/page"}],"author":[{"embeddable":true,"href":"https:\/\/grad-export.hr\/fr\/wp-json\/wp\/v2\/users\/1"}],"replies":[{"embeddable":true,"href":"https:\/\/grad-export.hr\/fr\/wp-json\/wp\/v2\/comments?post=14151"}],"version-history":[{"count":8,"href":"https:\/\/grad-export.hr\/fr\/wp-json\/wp\/v2\/pages\/14151\/revisions"}],"predecessor-version":[{"id":30568,"href":"https:\/\/grad-export.hr\/fr\/wp-json\/wp\/v2\/pages\/14151\/revisions\/30568"}],"wp:featuredmedia":[{"embeddable":true,"href":"https:\/\/grad-export.hr\/fr\/wp-json\/wp\/v2\/media\/24376"}],"wp:attachment":[{"href":"https:\/\/grad-export.hr\/fr\/wp-json\/wp\/v2\/media?parent=14151"}],"curies":[{"name":"wp","href":"https:\/\/api.w.org\/{rel}","templated":true}]}}