{"id":14401,"date":"2016-11-27T19:57:45","date_gmt":"2016-11-27T19:57:45","guid":{"rendered":"http:\/\/grad-export.hr\/fr\/?page_id=14401"},"modified":"2025-02-22T18:37:22","modified_gmt":"2025-02-22T18:37:22","slug":"basic-2","status":"publish","type":"page","link":"https:\/\/grad-export.hr\/fr\/basic-2","title":{"rendered":"Basic 2"},"content":{"rendered":"<div class=\"item\">\n<div class=\"slika-elite\">\n<div class=\"slika-noborder\"><img loading=\"lazy\" decoding=\"async\" class=\"alignleft size-full wp-image-14334\" src=\"http:\/\/grad-export.hr\/web\/wp-content\/uploads\/basic-1\/Basic2-3d.png\" alt=\"Basic 2\" width=\"261\" height=\"620\" srcset=\"https:\/\/grad-export.hr\/web\/wp-content\/uploads\/basic-1\/Basic2-3d.png 261w, https:\/\/grad-export.hr\/web\/wp-content\/uploads\/basic-1\/Basic2-3d-170x403.png 170w\" sizes=\"(max-width: 261px) 100vw, 261px\" \/><\/div>\n<\/div>\n<div class=\"descr-elite\">\n<span><\/p>\n<h5>Mod\u00e8le: Basic2<\/h5>\n<p>Couleur RAL: 9016 mat<br \/>\nVerre: Madras Uadi<br \/>\nB\u00e2ton de tirage: OCR 115h<br \/>\nRosace: RKP 50<br \/>\n<\/span>\n<\/div>\n<\/div>\n<hr>\n<div class=\"item\">\n<div class=\"slika-elite\">\n<div class=\"slika-noborder\"><img loading=\"lazy\" decoding=\"async\" src=\"http:\/\/grad-export.hr\/web\/wp-content\/uploads\/Basic2.png\" alt=\"Basic 2\" width=\"261\" height=\"547\" class=\"alignleft size-full wp-image-14419\" srcset=\"https:\/\/grad-export.hr\/web\/wp-content\/uploads\/Basic2.png 261w, https:\/\/grad-export.hr\/web\/wp-content\/uploads\/Basic2-192x403.png 192w\" sizes=\"(max-width: 261px) 100vw, 261px\" \/><\/div>\n<\/div>\n<div class=\"descr-elite\">\n<span><\/p>\n<h5>Mod\u00e8le: Basic2<\/h5>\n<p>Couleur RAL: 7012<br \/>\nVerre: DPL<br \/>\nB\u00e2ton de tirage: KPR 115h<br \/>\nRosace: RKP 50<br \/>\n<\/span>\n<\/div>\n<\/div>\n","protected":false},"excerpt":{"rendered":"<p>Mod\u00e8le: Basic2 Couleur RAL: 9016 mat Verre: Madras Uadi B\u00e2ton de tirage: OCR 115h Rosace: RKP 50 Mod\u00e8le: Basic2 Couleur RAL: 7012 Verre: DPL B\u00e2ton de tirage: KPR 115h Rosace: RKP 50<\/p>\n","protected":false},"author":1,"featured_media":24529,"parent":0,"menu_order":0,"comment_status":"closed","ping_status":"closed","template":"","meta":{"ngg_post_thumbnail":0,"__cvm_playback_settings":[],"__cvm_video_id":"","footnotes":""},"class_list":["post-14401","page","type-page","status-publish","has-post-thumbnail","czr-hentry"],"_links":{"self":[{"href":"https:\/\/grad-export.hr\/fr\/wp-json\/wp\/v2\/pages\/14401"}],"collection":[{"href":"https:\/\/grad-export.hr\/fr\/wp-json\/wp\/v2\/pages"}],"about":[{"href":"https:\/\/grad-export.hr\/fr\/wp-json\/wp\/v2\/types\/page"}],"author":[{"embeddable":true,"href":"https:\/\/grad-export.hr\/fr\/wp-json\/wp\/v2\/users\/1"}],"replies":[{"embeddable":true,"href":"https:\/\/grad-export.hr\/fr\/wp-json\/wp\/v2\/comments?post=14401"}],"version-history":[{"count":3,"href":"https:\/\/grad-export.hr\/fr\/wp-json\/wp\/v2\/pages\/14401\/revisions"}],"predecessor-version":[{"id":30422,"href":"https:\/\/grad-export.hr\/fr\/wp-json\/wp\/v2\/pages\/14401\/revisions\/30422"}],"wp:featuredmedia":[{"embeddable":true,"href":"https:\/\/grad-export.hr\/fr\/wp-json\/wp\/v2\/media\/24529"}],"wp:attachment":[{"href":"https:\/\/grad-export.hr\/fr\/wp-json\/wp\/v2\/media?parent=14401"}],"curies":[{"name":"wp","href":"https:\/\/api.w.org\/{rel}","templated":true}]}}