{"id":14403,"date":"2016-11-27T19:58:32","date_gmt":"2016-11-27T19:58:32","guid":{"rendered":"http:\/\/grad-export.hr\/fr\/?page_id=14403"},"modified":"2025-02-22T18:37:51","modified_gmt":"2025-02-22T18:37:51","slug":"basic-3","status":"publish","type":"page","link":"https:\/\/grad-export.hr\/fr\/basic-3","title":{"rendered":"Basic 3"},"content":{"rendered":"<div class=\"item\">\n<div class=\"slika-elite\">\n<div class=\"slika-noborder\"><img loading=\"lazy\" decoding=\"async\" class=\"alignleft size-full wp-image-14335\" src=\"http:\/\/grad-export.hr\/web\/wp-content\/uploads\/basic-1\/Basic3ga-3d.png\" alt=\"Basic 3\" width=\"261\" height=\"621\" srcset=\"https:\/\/grad-export.hr\/web\/wp-content\/uploads\/basic-1\/Basic3ga-3d.png 261w, https:\/\/grad-export.hr\/web\/wp-content\/uploads\/basic-1\/Basic3ga-3d-169x403.png 169w\" sizes=\"(max-width: 261px) 100vw, 261px\" \/><\/div>\n<\/div>\n<div class=\"descr-elite\">\n<span><\/p>\n<h5>Mod\u00e8le: Basic3<\/h5>\n<p>Couleur: Grigio Antico<br \/>\nVerre: Satinato<br \/>\nB\u00e2ton de tirage: KPR 115h<br \/>\nRosace: RKP 50<br \/>\n<\/span>\n<\/div>\n<\/div>\n<hr>\n<div class=\"item\">\n<div class=\"slika-elite\">\n<div class=\"slika-noborder\"><img loading=\"lazy\" decoding=\"async\" src=\"http:\/\/grad-export.hr\/web\/wp-content\/uploads\/Basic3.png\" alt=\"Basic 3\" width=\"261\" height=\"547\" class=\"alignleft size-full wp-image-14420\" srcset=\"https:\/\/grad-export.hr\/web\/wp-content\/uploads\/Basic3.png 261w, https:\/\/grad-export.hr\/web\/wp-content\/uploads\/Basic3-192x403.png 192w\" sizes=\"(max-width: 261px) 100vw, 261px\" \/><\/div>\n<\/div>\n<div class=\"descr-elite\">\n<span><\/p>\n<h5>Mod\u00e8le: Basic3<\/h5>\n<p>Couleur RAL: 7024<br \/>\nVerre: Satinato<br \/>\nB\u00e2ton de tirage: DOK 115h<br \/>\nRosace: RKP 50<br \/>\n<\/span>\n<\/div>\n<\/div>\n","protected":false},"excerpt":{"rendered":"<p>Mod\u00e8le: Basic3 Couleur: Grigio Antico Verre: Satinato B\u00e2ton de tirage: KPR 115h Rosace: RKP 50 Mod\u00e8le: Basic3 Couleur RAL: 7024 Verre: Satinato B\u00e2ton de tirage: DOK 115h Rosace: RKP 50<\/p>\n","protected":false},"author":1,"featured_media":24532,"parent":0,"menu_order":0,"comment_status":"closed","ping_status":"closed","template":"","meta":{"ngg_post_thumbnail":0,"__cvm_playback_settings":[],"__cvm_video_id":"","footnotes":""},"class_list":["post-14403","page","type-page","status-publish","has-post-thumbnail","czr-hentry"],"_links":{"self":[{"href":"https:\/\/grad-export.hr\/fr\/wp-json\/wp\/v2\/pages\/14403"}],"collection":[{"href":"https:\/\/grad-export.hr\/fr\/wp-json\/wp\/v2\/pages"}],"about":[{"href":"https:\/\/grad-export.hr\/fr\/wp-json\/wp\/v2\/types\/page"}],"author":[{"embeddable":true,"href":"https:\/\/grad-export.hr\/fr\/wp-json\/wp\/v2\/users\/1"}],"replies":[{"embeddable":true,"href":"https:\/\/grad-export.hr\/fr\/wp-json\/wp\/v2\/comments?post=14403"}],"version-history":[{"count":5,"href":"https:\/\/grad-export.hr\/fr\/wp-json\/wp\/v2\/pages\/14403\/revisions"}],"predecessor-version":[{"id":30423,"href":"https:\/\/grad-export.hr\/fr\/wp-json\/wp\/v2\/pages\/14403\/revisions\/30423"}],"wp:featuredmedia":[{"embeddable":true,"href":"https:\/\/grad-export.hr\/fr\/wp-json\/wp\/v2\/media\/24532"}],"wp:attachment":[{"href":"https:\/\/grad-export.hr\/fr\/wp-json\/wp\/v2\/media?parent=14403"}],"curies":[{"name":"wp","href":"https:\/\/api.w.org\/{rel}","templated":true}]}}