{"id":14407,"date":"2016-11-27T20:00:36","date_gmt":"2016-11-27T20:00:36","guid":{"rendered":"http:\/\/grad-export.hr\/fr\/?page_id=14407"},"modified":"2025-02-22T18:38:54","modified_gmt":"2025-02-22T18:38:54","slug":"basic-5","status":"publish","type":"page","link":"https:\/\/grad-export.hr\/fr\/basic-5","title":{"rendered":"Basic 5"},"content":{"rendered":"<div class=\"item\">\n<div class=\"slika-elite\">\n<div class=\"slika-noborder\"><img loading=\"lazy\" decoding=\"async\" class=\"alignleft size-full wp-image-14337\" src=\"http:\/\/grad-export.hr\/web\/wp-content\/uploads\/basic-1\/Basic5-3d.png\" alt=\"Basic 5\" width=\"261\" height=\"621\" srcset=\"https:\/\/grad-export.hr\/web\/wp-content\/uploads\/basic-1\/Basic5-3d.png 261w, https:\/\/grad-export.hr\/web\/wp-content\/uploads\/basic-1\/Basic5-3d-169x403.png 169w\" sizes=\"(max-width: 261px) 100vw, 261px\" \/><\/div>\n<\/div>\n<div class=\"descr-elite\">\n<span><\/p>\n<h5>Mod\u00e8le: Basic5<\/h5>\n<p>Couleur RAL: 3004<br \/>\nVerre: Satinato<br \/>\nApplication: Inox poli<br \/>\nB\u00e2ton de tirage: OPR 160h<br \/>\nRosace: RKP 50<br \/>\n<\/span>\n<\/div>\n<\/div>\n<hr>\n<div class=\"item\">\n<div class=\"slika-elite\">\n<div class=\"slika-noborder\"><img loading=\"lazy\" decoding=\"async\" src=\"http:\/\/grad-export.hr\/web\/wp-content\/uploads\/Basic5.png\" alt=\"Basic 5\" width=\"261\" height=\"547\" class=\"alignleft size-full wp-image-14422\" srcset=\"https:\/\/grad-export.hr\/web\/wp-content\/uploads\/Basic5.png 261w, https:\/\/grad-export.hr\/web\/wp-content\/uploads\/Basic5-192x403.png 192w\" sizes=\"(max-width: 261px) 100vw, 261px\" \/><\/div>\n<\/div>\n<div class=\"descr-elite\">\n<span><\/p>\n<h5>Mod\u00e8le: Basic5<\/h5>\n<p>Couleur: Grigio Antico<br \/>\nVerre: Satinato<br \/>\nApplication: Inox poli<br \/>\nB\u00e2ton de tirage: KPK 160h<br \/>\nRosace: RKP 50<br \/>\n<\/span>\n<\/div>\n<\/div>\n","protected":false},"excerpt":{"rendered":"<p>Mod\u00e8le: Basic5 Couleur RAL: 3004 Verre: Satinato Application: Inox poli B\u00e2ton de tirage: OPR 160h Rosace: RKP 50 Mod\u00e8le: Basic5 Couleur: Grigio Antico Verre: Satinato Application: Inox poli B\u00e2ton de tirage: KPK 160h Rosace: RKP 50<\/p>\n","protected":false},"author":1,"featured_media":24538,"parent":0,"menu_order":0,"comment_status":"closed","ping_status":"closed","template":"","meta":{"ngg_post_thumbnail":0,"__cvm_playback_settings":[],"__cvm_video_id":"","footnotes":""},"class_list":["post-14407","page","type-page","status-publish","has-post-thumbnail","czr-hentry"],"_links":{"self":[{"href":"https:\/\/grad-export.hr\/fr\/wp-json\/wp\/v2\/pages\/14407"}],"collection":[{"href":"https:\/\/grad-export.hr\/fr\/wp-json\/wp\/v2\/pages"}],"about":[{"href":"https:\/\/grad-export.hr\/fr\/wp-json\/wp\/v2\/types\/page"}],"author":[{"embeddable":true,"href":"https:\/\/grad-export.hr\/fr\/wp-json\/wp\/v2\/users\/1"}],"replies":[{"embeddable":true,"href":"https:\/\/grad-export.hr\/fr\/wp-json\/wp\/v2\/comments?post=14407"}],"version-history":[{"count":3,"href":"https:\/\/grad-export.hr\/fr\/wp-json\/wp\/v2\/pages\/14407\/revisions"}],"predecessor-version":[{"id":30425,"href":"https:\/\/grad-export.hr\/fr\/wp-json\/wp\/v2\/pages\/14407\/revisions\/30425"}],"wp:featuredmedia":[{"embeddable":true,"href":"https:\/\/grad-export.hr\/fr\/wp-json\/wp\/v2\/media\/24538"}],"wp:attachment":[{"href":"https:\/\/grad-export.hr\/fr\/wp-json\/wp\/v2\/media?parent=14407"}],"curies":[{"name":"wp","href":"https:\/\/api.w.org\/{rel}","templated":true}]}}