{"id":14414,"date":"2016-11-27T20:03:44","date_gmt":"2016-11-27T20:03:44","guid":{"rendered":"http:\/\/grad-export.hr\/fr\/?page_id=14414"},"modified":"2025-02-22T18:40:17","modified_gmt":"2025-02-22T18:40:17","slug":"basic-8","status":"publish","type":"page","link":"https:\/\/grad-export.hr\/fr\/basic-8","title":{"rendered":"Basic 8"},"content":{"rendered":"<div class=\"item\">\n<div class=\"slika-elite\">\n<div class=\"slika-noborder\"><img loading=\"lazy\" decoding=\"async\" class=\"alignleft size-full wp-image-14340\" src=\"http:\/\/grad-export.hr\/web\/wp-content\/uploads\/basic-1\/Basic8-3d.png\" alt=\"Basic 8\" width=\"261\" height=\"621\" srcset=\"https:\/\/grad-export.hr\/web\/wp-content\/uploads\/basic-1\/Basic8-3d.png 261w, https:\/\/grad-export.hr\/web\/wp-content\/uploads\/basic-1\/Basic8-3d-169x403.png 169w\" sizes=\"(max-width: 261px) 100vw, 261px\" \/><\/div>\n<\/div>\n<div class=\"descr-elite\">\n<span><\/p>\n<h5>Mod\u00e8le: Basic8<\/h5>\n<p>Couleur RAL: 9007<br \/>\nVerre: Satinato<br \/>\nApplication: Inox poli<br \/>\nB\u00e2ton de tirage: POA 115h<br \/>\nRosace: RKP 50<br \/>\n<\/span>\n<\/div>\n<\/div>\n<hr>\n<div class=\"item\">\n<div class=\"slika-elite\">\n<div class=\"slika-noborder\"><img loading=\"lazy\" decoding=\"async\" src=\"http:\/\/grad-export.hr\/web\/wp-content\/uploads\/Basic8.png\" alt=\"Basic 8\" width=\"261\" height=\"547\" class=\"alignleft size-full wp-image-14425\" srcset=\"https:\/\/grad-export.hr\/web\/wp-content\/uploads\/Basic8.png 261w, https:\/\/grad-export.hr\/web\/wp-content\/uploads\/Basic8-192x403.png 192w\" sizes=\"(max-width: 261px) 100vw, 261px\" \/><\/div>\n<\/div>\n<div class=\"descr-elite\">\n<span><\/p>\n<h5>Mod\u00e8le: Basic8<\/h5>\n<p>Couleur RAL: 7016 mat<br \/>\nVerre: DPL<br \/>\nApplication: Inox poli<br \/>\nB\u00e2ton de tirage: POA 115h<br \/>\nRosace: RKP 50<br \/>\n<\/span>\n<\/div>\n<\/div>\n","protected":false},"excerpt":{"rendered":"<p>Mod\u00e8le: Basic8 Couleur RAL: 9007 Verre: Satinato Application: Inox poli B\u00e2ton de tirage: POA 115h Rosace: RKP 50 Mod\u00e8le: Basic8 Couleur RAL: 7016 mat Verre: DPL Application: Inox poli B\u00e2ton de tirage: POA 115h Rosace: RKP 50<\/p>\n","protected":false},"author":1,"featured_media":24547,"parent":0,"menu_order":0,"comment_status":"closed","ping_status":"closed","template":"","meta":{"ngg_post_thumbnail":0,"__cvm_playback_settings":[],"__cvm_video_id":"","footnotes":""},"class_list":["post-14414","page","type-page","status-publish","has-post-thumbnail","czr-hentry"],"_links":{"self":[{"href":"https:\/\/grad-export.hr\/fr\/wp-json\/wp\/v2\/pages\/14414"}],"collection":[{"href":"https:\/\/grad-export.hr\/fr\/wp-json\/wp\/v2\/pages"}],"about":[{"href":"https:\/\/grad-export.hr\/fr\/wp-json\/wp\/v2\/types\/page"}],"author":[{"embeddable":true,"href":"https:\/\/grad-export.hr\/fr\/wp-json\/wp\/v2\/users\/1"}],"replies":[{"embeddable":true,"href":"https:\/\/grad-export.hr\/fr\/wp-json\/wp\/v2\/comments?post=14414"}],"version-history":[{"count":4,"href":"https:\/\/grad-export.hr\/fr\/wp-json\/wp\/v2\/pages\/14414\/revisions"}],"predecessor-version":[{"id":30428,"href":"https:\/\/grad-export.hr\/fr\/wp-json\/wp\/v2\/pages\/14414\/revisions\/30428"}],"wp:featuredmedia":[{"embeddable":true,"href":"https:\/\/grad-export.hr\/fr\/wp-json\/wp\/v2\/media\/24547"}],"wp:attachment":[{"href":"https:\/\/grad-export.hr\/fr\/wp-json\/wp\/v2\/media?parent=14414"}],"curies":[{"name":"wp","href":"https:\/\/api.w.org\/{rel}","templated":true}]}}