{"id":14416,"date":"2016-11-27T20:04:59","date_gmt":"2016-11-27T20:04:59","guid":{"rendered":"http:\/\/grad-export.hr\/fr\/?page_id=14416"},"modified":"2025-02-22T18:40:58","modified_gmt":"2025-02-22T18:40:58","slug":"basic-9","status":"publish","type":"page","link":"https:\/\/grad-export.hr\/fr\/basic-9","title":{"rendered":"Basic 9"},"content":{"rendered":"<div class=\"item\">\n<div class=\"slika-elite\">\n<div class=\"slika-noborder\"><img loading=\"lazy\" decoding=\"async\" class=\"alignleft size-full wp-image-14362\" src=\"http:\/\/grad-export.hr\/web\/wp-content\/uploads\/basic-9\/Basic9_29-80077-3d.png\" alt=\"Basic 9\" width=\"261\" height=\"621\" srcset=\"https:\/\/grad-export.hr\/web\/wp-content\/uploads\/basic-9\/Basic9_29-80077-3d.png 261w, https:\/\/grad-export.hr\/web\/wp-content\/uploads\/basic-9\/Basic9_29-80077-3d-169x403.png 169w\" sizes=\"(max-width: 261px) 100vw, 261px\" \/><\/div>\n<\/div>\n<div class=\"descr-elite\">\n<span><\/p>\n<h5>Mod\u00e8le: Basic9<\/h5>\n<p>Couleur: 29\/80077<br \/>\nVerre: Satinato<br \/>\nApplication: Inox poli<br \/>\nB\u00e2ton de tirage: KPK 160h<br \/>\nRosace: RKP 50<br \/>\n<\/span>\n<\/div>\n<\/div>\n<hr>\n<div class=\"item\">\n<div class=\"slika-elite\"><img loading=\"lazy\" decoding=\"async\" class=\"alignleft size-full wp-image-14592\" src=\"http:\/\/grad-export.hr\/web\/wp-content\/uploads\/basic-4\/Basic9-1.png\" alt=\"Basic 9\" width=\"261\" height=\"546\" srcset=\"https:\/\/grad-export.hr\/web\/wp-content\/uploads\/basic-4\/Basic9-1.png 261w, https:\/\/grad-export.hr\/web\/wp-content\/uploads\/basic-4\/Basic9-1-193x403.png 193w\" sizes=\"(max-width: 261px) 100vw, 261px\" \/><\/div>\n<div class=\"descr-elite\">\n<span><\/p>\n<h5>Mod\u00e8le: Basic9<\/h5>\n<p>Couleur RAL: 9016 mat<br \/>\nVerre: Satinato<br \/>\nApplication: Inox poli<br \/>\nB\u00e2ton de tirage: OPR 160h<br \/>\nRosace: RKP 50<br \/>\n<\/span>\n<\/div>\n<\/div>\n","protected":false},"excerpt":{"rendered":"<p>Mod\u00e8le: Basic9 Couleur: 29\/80077 Verre: Satinato Application: Inox poli B\u00e2ton de tirage: KPK 160h Rosace: RKP 50 Mod\u00e8le: Basic9 Couleur RAL: 9016 mat Verre: Satinato Application: Inox poli B\u00e2ton de tirage: OPR 160h Rosace: RKP 50<\/p>\n","protected":false},"author":1,"featured_media":24553,"parent":0,"menu_order":0,"comment_status":"closed","ping_status":"closed","template":"","meta":{"ngg_post_thumbnail":0,"__cvm_playback_settings":[],"__cvm_video_id":"","footnotes":""},"class_list":["post-14416","page","type-page","status-publish","has-post-thumbnail","czr-hentry"],"_links":{"self":[{"href":"https:\/\/grad-export.hr\/fr\/wp-json\/wp\/v2\/pages\/14416"}],"collection":[{"href":"https:\/\/grad-export.hr\/fr\/wp-json\/wp\/v2\/pages"}],"about":[{"href":"https:\/\/grad-export.hr\/fr\/wp-json\/wp\/v2\/types\/page"}],"author":[{"embeddable":true,"href":"https:\/\/grad-export.hr\/fr\/wp-json\/wp\/v2\/users\/1"}],"replies":[{"embeddable":true,"href":"https:\/\/grad-export.hr\/fr\/wp-json\/wp\/v2\/comments?post=14416"}],"version-history":[{"count":5,"href":"https:\/\/grad-export.hr\/fr\/wp-json\/wp\/v2\/pages\/14416\/revisions"}],"predecessor-version":[{"id":30429,"href":"https:\/\/grad-export.hr\/fr\/wp-json\/wp\/v2\/pages\/14416\/revisions\/30429"}],"wp:featuredmedia":[{"embeddable":true,"href":"https:\/\/grad-export.hr\/fr\/wp-json\/wp\/v2\/media\/24553"}],"wp:attachment":[{"href":"https:\/\/grad-export.hr\/fr\/wp-json\/wp\/v2\/media?parent=14416"}],"curies":[{"name":"wp","href":"https:\/\/api.w.org\/{rel}","templated":true}]}}