{"id":16553,"date":"2019-06-18T18:56:53","date_gmt":"2019-06-18T18:56:53","guid":{"rendered":"https:\/\/grad-export.hr\/?page_id=16553"},"modified":"2025-02-20T11:30:39","modified_gmt":"2025-02-20T11:30:39","slug":"smart-modele-smart1","status":"publish","type":"page","link":"https:\/\/grad-export.hr\/fr\/smart-modele-smart1","title":{"rendered":"Smart &#8211; Mod\u00e8le Smart1"},"content":{"rendered":"<p>\u200b<\/p>\n<div class=\"item\">\n<div class=\"slika-elite\">\n<div class=\"slika-noborder\"><img loading=\"lazy\" decoding=\"async\" class=\"alignnone wp-image-16210 size-full\" src=\"https:\/\/grad-export.hr\/web\/wp-content\/uploads\/smart-model-smart1\/smart1-7016.png\" alt=\"Smart1\" width=\"261\" height=\"622\" srcset=\"https:\/\/grad-export.hr\/web\/wp-content\/uploads\/smart-model-smart1\/smart1-7016.png 261w, https:\/\/grad-export.hr\/web\/wp-content\/uploads\/smart-model-smart1\/smart1-7016-169x403.png 169w\" sizes=\"(max-width: 261px) 100vw, 261px\" \/><\/div>\n<\/div>\n<div class=\"descr-elite\">\n<span><\/p>\n<h5>Mod\u00e8le: Smart1<\/h5>\n<p>Couleur RAL: 7016 mat<br \/>\nVerre: Satinato<br \/>\nB\u00e2ton de tirage: OPR 160h<br \/>\nRosace: RKP 50<br \/>\n<\/span>\n<\/div>\n<\/div>\n<hr>\n<div class=\"item\">\n<div class=\"slika-elite\"><img loading=\"lazy\" decoding=\"async\" class=\"alignnone size-full wp-image-16298\" src=\"https:\/\/grad-export.hr\/web\/wp-content\/uploads\/smart-model-smart1\/SMART-1-9016-2.jpg\" alt=\"Smart1\" width=\"261\" height=\"546\" srcset=\"https:\/\/grad-export.hr\/web\/wp-content\/uploads\/smart-model-smart1\/SMART-1-9016-2.jpg 261w, https:\/\/grad-export.hr\/web\/wp-content\/uploads\/smart-model-smart1\/SMART-1-9016-2-193x403.jpg 193w\" sizes=\"(max-width: 261px) 100vw, 261px\" \/><\/div>\n<div class=\"descr-elite\">\n<span><\/p>\n<h5>Mod\u00e8le: Smart1<\/h5>\n<p>Couleur RAL: 9003 brillant<br \/>\nVerre: Madras Uadi<br \/>\nB\u00e2ton de tirage: OCS 160h<br \/>\nRosace: ROP 50<br \/>\n<\/span>\n<\/div>\n<\/div>\n<hr>\n<div class=\"item\">\n<div class=\"slika-elite\"><img loading=\"lazy\" decoding=\"async\" class=\"alignnone size-full wp-image-16278\" src=\"https:\/\/grad-export.hr\/web\/wp-content\/uploads\/smart-model-smart1\/PVC-SMART-1-1.jpg\" alt=\"Smart1\" width=\"261\" height=\"541\" srcset=\"https:\/\/grad-export.hr\/web\/wp-content\/uploads\/smart-model-smart1\/PVC-SMART-1-1.jpg 261w, https:\/\/grad-export.hr\/web\/wp-content\/uploads\/smart-model-smart1\/PVC-SMART-1-1-194x403.jpg 194w\" sizes=\"(max-width: 261px) 100vw, 261px\" \/><\/div>\n<div class=\"descr-elite\">\n<span><\/p>\n<h5>Mod\u00e8le: Smart1 (PVC)<\/h5>\n<p>SMART1-PJ-4<br \/>\n<\/span>\n<\/div>\n<\/div>\n","protected":false},"excerpt":{"rendered":"<p>\u200b Mod\u00e8le: Smart1 Couleur RAL: 7016 mat Verre: Satinato B\u00e2ton de tirage: OPR 160h Rosace: RKP 50 Mod\u00e8le: Smart1 Couleur RAL: 9003 brillant Verre: Madras Uadi B\u00e2ton de tirage: OCS 160h Rosace: ROP 50 Mod\u00e8le: Smart1 (PVC) SMART1-PJ-4<\/p>\n","protected":false},"author":1,"featured_media":16212,"parent":0,"menu_order":0,"comment_status":"closed","ping_status":"closed","template":"","meta":{"ngg_post_thumbnail":0,"__cvm_playback_settings":[],"__cvm_video_id":"","footnotes":""},"class_list":["post-16553","page","type-page","status-publish","has-post-thumbnail","czr-hentry"],"_links":{"self":[{"href":"https:\/\/grad-export.hr\/fr\/wp-json\/wp\/v2\/pages\/16553"}],"collection":[{"href":"https:\/\/grad-export.hr\/fr\/wp-json\/wp\/v2\/pages"}],"about":[{"href":"https:\/\/grad-export.hr\/fr\/wp-json\/wp\/v2\/types\/page"}],"author":[{"embeddable":true,"href":"https:\/\/grad-export.hr\/fr\/wp-json\/wp\/v2\/users\/1"}],"replies":[{"embeddable":true,"href":"https:\/\/grad-export.hr\/fr\/wp-json\/wp\/v2\/comments?post=16553"}],"version-history":[{"count":5,"href":"https:\/\/grad-export.hr\/fr\/wp-json\/wp\/v2\/pages\/16553\/revisions"}],"predecessor-version":[{"id":30342,"href":"https:\/\/grad-export.hr\/fr\/wp-json\/wp\/v2\/pages\/16553\/revisions\/30342"}],"wp:featuredmedia":[{"embeddable":true,"href":"https:\/\/grad-export.hr\/fr\/wp-json\/wp\/v2\/media\/16212"}],"wp:attachment":[{"href":"https:\/\/grad-export.hr\/fr\/wp-json\/wp\/v2\/media?parent=16553"}],"curies":[{"name":"wp","href":"https:\/\/api.w.org\/{rel}","templated":true}]}}