{"id":16558,"date":"2019-06-18T19:00:25","date_gmt":"2019-06-18T19:00:25","guid":{"rendered":"https:\/\/grad-export.hr\/?page_id=16558"},"modified":"2025-02-20T11:31:11","modified_gmt":"2025-02-20T11:31:11","slug":"smart-modele-smart2","status":"publish","type":"page","link":"https:\/\/grad-export.hr\/fr\/smart-modele-smart2","title":{"rendered":"Smart &#8211; Mod\u00e8le Smart2"},"content":{"rendered":"<div class=\"item\">\n<div class=\"slika-elite\">\n<div class=\"slika-noborder\"><img loading=\"lazy\" decoding=\"async\" class=\"alignnone wp-image-16235 size-full\" src=\"https:\/\/grad-export.hr\/web\/wp-content\/uploads\/smart-model-smart2\/smart2.png\" alt=\"\" width=\"261\" height=\"615\" srcset=\"https:\/\/grad-export.hr\/web\/wp-content\/uploads\/smart-model-smart2\/smart2.png 261w, https:\/\/grad-export.hr\/web\/wp-content\/uploads\/smart-model-smart2\/smart2-171x403.png 171w\" sizes=\"(max-width: 261px) 100vw, 261px\" \/><\/div>\n<\/div>\n<div class=\"descr-elite\">\n<span><\/p>\n<h5>Mod\u00e8le: Smart2<\/h5>\n<p>Couleur RAL: 3004<br \/>\nVerre: Satinato<br \/>\nB\u00e2ton de tirage: KPK 160h<br \/>\nRosace: RKP 50<br \/>\n<\/span>\n<\/div>\n<\/div>\n<hr>\n<div class=\"item\">\n<div class=\"slika-elite\">\n<div class=\"slika-noborder\"><img loading=\"lazy\" decoding=\"async\" class=\"alignnone wp-image-16230 size-full\" src=\"https:\/\/grad-export.hr\/web\/wp-content\/uploads\/smart-model-smart2\/SMART-2.jpg\" alt=\"Smart2\" width=\"261\" height=\"547\" srcset=\"https:\/\/grad-export.hr\/web\/wp-content\/uploads\/smart-model-smart2\/SMART-2.jpg 261w, https:\/\/grad-export.hr\/web\/wp-content\/uploads\/smart-model-smart2\/SMART-2-192x403.jpg 192w\" sizes=\"(max-width: 261px) 100vw, 261px\" \/><\/div>\n<\/div>\n<div class=\"descr-elite\">\n<span><\/p>\n<h5>Mod\u00e8le: Smart2<\/h5>\n<p>Couleur RAL: 9006 mat<br \/>\nVerre: Satinato<br \/>\nB\u00e2ton de tirage: OCS 160h<br \/>\nRosace: ROP 50<br \/>\n<\/span>\n<\/div>\n<\/div>\n<hr>\n<div class=\"item\">\n<div class=\"slika-elite\"><img loading=\"lazy\" decoding=\"async\" class=\"alignnone wp-image-16292 size-full\" src=\"https:\/\/grad-export.hr\/web\/wp-content\/uploads\/smart-model-smart2\/PVC-SMART-2-1-1.jpg\" alt=\"Smart2\" width=\"261\" height=\"541\" srcset=\"https:\/\/grad-export.hr\/web\/wp-content\/uploads\/smart-model-smart2\/PVC-SMART-2-1-1.jpg 261w, https:\/\/grad-export.hr\/web\/wp-content\/uploads\/smart-model-smart2\/PVC-SMART-2-1-1-194x403.jpg 194w\" sizes=\"(max-width: 261px) 100vw, 261px\" \/><\/div>\n<div class=\"descr-elite\">\n<span><\/p>\n<h5>Mod\u00e8le: Smart2 (PVC)<\/h5>\n<p>SMART2-PJ-4<br \/>\n<\/span>\n<\/div>\n<\/div>\n","protected":false},"excerpt":{"rendered":"<p>Mod\u00e8le: Smart2 Couleur RAL: 3004 Verre: Satinato B\u00e2ton de tirage: KPK 160h Rosace: RKP 50 Mod\u00e8le: Smart2 Couleur RAL: 9006 mat Verre: Satinato B\u00e2ton de tirage: OCS 160h Rosace: ROP 50 Mod\u00e8le: Smart2 (PVC) SMART2-PJ-4<\/p>\n","protected":false},"author":1,"featured_media":16237,"parent":0,"menu_order":0,"comment_status":"closed","ping_status":"closed","template":"","meta":{"ngg_post_thumbnail":0,"__cvm_playback_settings":[],"__cvm_video_id":"","footnotes":""},"class_list":["post-16558","page","type-page","status-publish","has-post-thumbnail","czr-hentry"],"_links":{"self":[{"href":"https:\/\/grad-export.hr\/fr\/wp-json\/wp\/v2\/pages\/16558"}],"collection":[{"href":"https:\/\/grad-export.hr\/fr\/wp-json\/wp\/v2\/pages"}],"about":[{"href":"https:\/\/grad-export.hr\/fr\/wp-json\/wp\/v2\/types\/page"}],"author":[{"embeddable":true,"href":"https:\/\/grad-export.hr\/fr\/wp-json\/wp\/v2\/users\/1"}],"replies":[{"embeddable":true,"href":"https:\/\/grad-export.hr\/fr\/wp-json\/wp\/v2\/comments?post=16558"}],"version-history":[{"count":3,"href":"https:\/\/grad-export.hr\/fr\/wp-json\/wp\/v2\/pages\/16558\/revisions"}],"predecessor-version":[{"id":30343,"href":"https:\/\/grad-export.hr\/fr\/wp-json\/wp\/v2\/pages\/16558\/revisions\/30343"}],"wp:featuredmedia":[{"embeddable":true,"href":"https:\/\/grad-export.hr\/fr\/wp-json\/wp\/v2\/media\/16237"}],"wp:attachment":[{"href":"https:\/\/grad-export.hr\/fr\/wp-json\/wp\/v2\/media?parent=16558"}],"curies":[{"name":"wp","href":"https:\/\/api.w.org\/{rel}","templated":true}]}}