{"id":16561,"date":"2019-06-18T19:02:38","date_gmt":"2019-06-18T19:02:38","guid":{"rendered":"https:\/\/grad-export.hr\/?page_id=16561"},"modified":"2025-02-20T11:31:42","modified_gmt":"2025-02-20T11:31:42","slug":"smart-modele-smart3","status":"publish","type":"page","link":"https:\/\/grad-export.hr\/fr\/smart-modele-smart3","title":{"rendered":"Smart &#8211; Mod\u00e8le Smart3"},"content":{"rendered":"<div class=\"item\">\n<div class=\"slika-elite\">\n<div class=\"slika-noborder\"><img loading=\"lazy\" decoding=\"async\" class=\"alignnone size-full wp-image-16268\" src=\"https:\/\/grad-export.hr\/web\/wp-content\/uploads\/smart-model-smart3\/smart3-5000.png\" alt=\"Smart3\" width=\"261\" height=\"622\" srcset=\"https:\/\/grad-export.hr\/web\/wp-content\/uploads\/smart-model-smart3\/smart3-5000.png 261w, https:\/\/grad-export.hr\/web\/wp-content\/uploads\/smart-model-smart3\/smart3-5000-169x403.png 169w\" sizes=\"(max-width: 261px) 100vw, 261px\" \/><\/div>\n<\/div>\n<div class=\"descr-elite\">\n<span><\/p>\n<h5>Mod\u00e8le: Smart3<\/h5>\n<p>Couleur RAL: 5000<br \/>\nVerre: Satinato<br \/>\nB\u00e2ton de tirage: KCR 160h<br \/>\nRosace: RKP 50<br \/>\n<\/span>\n<\/div>\n<\/div>\n<hr>\n<div class=\"item\">\n<div class=\"slika-elite\">\n<div class=\"slika-noborder\"><img loading=\"lazy\" decoding=\"async\" class=\"alignnone size-full wp-image-16263\" src=\"https:\/\/grad-export.hr\/web\/wp-content\/uploads\/smart-model-smart3\/smart3.png\" alt=\"\" width=\"261\" height=\"540\" srcset=\"https:\/\/grad-export.hr\/web\/wp-content\/uploads\/smart-model-smart3\/smart3.png 261w, https:\/\/grad-export.hr\/web\/wp-content\/uploads\/smart-model-smart3\/smart3-195x403.png 195w\" sizes=\"(max-width: 261px) 100vw, 261px\" \/><\/div>\n<\/div>\n<div class=\"descr-elite\">\n<span><\/p>\n<h5>Mod\u00e8le: Smart3<\/h5>\n<p>Couleur RAL: 7048<br \/>\nVerre: Madras Pav\u00e9<br \/>\nB\u00e2ton de tirage: KCR 160h<br \/>\nRosace: RKP 50<br \/>\n<\/span>\n<\/div>\n<\/div>\n<hr>\n<div class=\"item\">\n<div class=\"slika-elite\">\n<div class=\"slika-noborder\"><img loading=\"lazy\" decoding=\"async\" class=\"alignnone size-full wp-image-16258\" src=\"https:\/\/grad-export.hr\/web\/wp-content\/uploads\/smart-model-smart3\/SMART-3-7012.jpg\" alt=\"Smart3\" width=\"261\" height=\"547\" srcset=\"https:\/\/grad-export.hr\/web\/wp-content\/uploads\/smart-model-smart3\/SMART-3-7012.jpg 261w, https:\/\/grad-export.hr\/web\/wp-content\/uploads\/smart-model-smart3\/SMART-3-7012-192x403.jpg 192w\" sizes=\"(max-width: 261px) 100vw, 261px\" \/><\/div>\n<\/div>\n<div class=\"descr-elite\">\n<span><\/p>\n<h5>Mod\u00e8le: Smart3<\/h5>\n<p>Couleur RAL: 7012<br \/>\nVerre: Satinato<br \/>\nB\u00e2ton de tirage: OCS 160h<br \/>\nRosace: ROP 50<br \/>\n<\/span>\n<\/div>\n<\/div>\n<hr>\n<div class=\"item\">\n<div class=\"slika-elite\"><img loading=\"lazy\" decoding=\"async\" class=\"alignnone size-full wp-image-16310\" src=\"https:\/\/grad-export.hr\/web\/wp-content\/uploads\/smart-model-smart3\/PVC-SMART-3-1.jpg\" alt=\"Smart3\" width=\"261\" height=\"541\" srcset=\"https:\/\/grad-export.hr\/web\/wp-content\/uploads\/smart-model-smart3\/PVC-SMART-3-1.jpg 261w, https:\/\/grad-export.hr\/web\/wp-content\/uploads\/smart-model-smart3\/PVC-SMART-3-1-194x403.jpg 194w\" sizes=\"(max-width: 261px) 100vw, 261px\" \/><\/div>\n<div class=\"descr-elite\">\n<span><\/p>\n<h5>Mod\u00e8le: Smart3 (PVC)<\/h5>\n<p>SMART3-PJ-3<br \/>\n<\/span>\n<\/div>\n<\/div>\n","protected":false},"excerpt":{"rendered":"<p>Mod\u00e8le: Smart3 Couleur RAL: 5000 Verre: Satinato B\u00e2ton de tirage: KCR 160h Rosace: RKP 50 Mod\u00e8le: Smart3 Couleur RAL: 7048 Verre: Madras Pav\u00e9 B\u00e2ton de tirage: KCR 160h Rosace: RKP 50 Mod\u00e8le: Smart3 Couleur RAL: 7012 Verre: Satinato B\u00e2ton de tirage: OCS 160h Rosace: ROP 50 Mod\u00e8le: Smart3 (PVC) SMART3-PJ-3<\/p>\n","protected":false},"author":1,"featured_media":16270,"parent":0,"menu_order":0,"comment_status":"closed","ping_status":"closed","template":"","meta":{"ngg_post_thumbnail":0,"__cvm_playback_settings":[],"__cvm_video_id":"","footnotes":""},"class_list":["post-16561","page","type-page","status-publish","has-post-thumbnail","czr-hentry"],"_links":{"self":[{"href":"https:\/\/grad-export.hr\/fr\/wp-json\/wp\/v2\/pages\/16561"}],"collection":[{"href":"https:\/\/grad-export.hr\/fr\/wp-json\/wp\/v2\/pages"}],"about":[{"href":"https:\/\/grad-export.hr\/fr\/wp-json\/wp\/v2\/types\/page"}],"author":[{"embeddable":true,"href":"https:\/\/grad-export.hr\/fr\/wp-json\/wp\/v2\/users\/1"}],"replies":[{"embeddable":true,"href":"https:\/\/grad-export.hr\/fr\/wp-json\/wp\/v2\/comments?post=16561"}],"version-history":[{"count":3,"href":"https:\/\/grad-export.hr\/fr\/wp-json\/wp\/v2\/pages\/16561\/revisions"}],"predecessor-version":[{"id":30344,"href":"https:\/\/grad-export.hr\/fr\/wp-json\/wp\/v2\/pages\/16561\/revisions\/30344"}],"wp:featuredmedia":[{"embeddable":true,"href":"https:\/\/grad-export.hr\/fr\/wp-json\/wp\/v2\/media\/16270"}],"wp:attachment":[{"href":"https:\/\/grad-export.hr\/fr\/wp-json\/wp\/v2\/media?parent=16561"}],"curies":[{"name":"wp","href":"https:\/\/api.w.org\/{rel}","templated":true}]}}