{"id":16564,"date":"2019-06-18T19:04:33","date_gmt":"2019-06-18T19:04:33","guid":{"rendered":"https:\/\/grad-export.hr\/?page_id=16564"},"modified":"2025-02-20T11:32:27","modified_gmt":"2025-02-20T11:32:27","slug":"smart-modele-smart4","status":"publish","type":"page","link":"https:\/\/grad-export.hr\/fr\/smart-modele-smart4","title":{"rendered":"Smart &#8211; Mod\u00e8le Smart4"},"content":{"rendered":"<div class=\"item\">\n<div class=\"slika-elite\">\n<div class=\"slika-noborder\"><img loading=\"lazy\" decoding=\"async\" class=\"alignnone size-full wp-image-16329\" src=\"https:\/\/grad-export.hr\/web\/wp-content\/uploads\/smart-model-smart4\/smart4-th.png\" alt=\"Smart4\" width=\"261\" height=\"622\" srcset=\"https:\/\/grad-export.hr\/web\/wp-content\/uploads\/smart-model-smart4\/smart4-th.png 261w, https:\/\/grad-export.hr\/web\/wp-content\/uploads\/smart-model-smart4\/smart4-th-169x403.png 169w\" sizes=\"(max-width: 261px) 100vw, 261px\" \/><\/div>\n<\/div>\n<div class=\"descr-elite\">\n<span><\/p>\n<h5>Mod\u00e8le: Smart4<\/h5>\n<p>D\u00e9cor de bois: CH\u00caNE FONC\u00c9 FS<br \/>\nVerre: Satinato<br \/>\nB\u00e2ton de tirage: OPR 160h<br \/>\nRosace: RKP 50<br \/>\n<\/span>\n<\/div>\n<\/div>\n<hr>\n<div class=\"item\">\n<div class=\"slika-elite\"><img loading=\"lazy\" decoding=\"async\" class=\"alignnone size-full wp-image-16324\" src=\"https:\/\/grad-export.hr\/web\/wp-content\/uploads\/smart-model-smart4\/SMART-4-9016.jpg\" alt=\"Smart4\" width=\"261\" height=\"546\" srcset=\"https:\/\/grad-export.hr\/web\/wp-content\/uploads\/smart-model-smart4\/SMART-4-9016.jpg 261w, https:\/\/grad-export.hr\/web\/wp-content\/uploads\/smart-model-smart4\/SMART-4-9016-193x403.jpg 193w\" sizes=\"(max-width: 261px) 100vw, 261px\" \/><\/div>\n<div class=\"descr-elite\">\n<span><\/p>\n<h5>Mod\u00e8le: Smart4<\/h5>\n<p>Couleur RAL: 9016 mat<br \/>\nVerre: Madras Uadi<br \/>\nB\u00e2ton de tirage: OCS 160h<br \/>\nRosace: ROP 50<br \/>\n<\/span>\n<\/div>\n<\/div>\n<hr>\n<div class=\"item\">\n<div class=\"slika-elite\"><img loading=\"lazy\" decoding=\"async\" class=\"alignnone size-full wp-image-16319\" src=\"https:\/\/grad-export.hr\/web\/wp-content\/uploads\/smart-model-smart4\/PVC-SMART-4.jpg\" alt=\"Smart4\" width=\"261\" height=\"541\" srcset=\"https:\/\/grad-export.hr\/web\/wp-content\/uploads\/smart-model-smart4\/PVC-SMART-4.jpg 261w, https:\/\/grad-export.hr\/web\/wp-content\/uploads\/smart-model-smart4\/PVC-SMART-4-194x403.jpg 194w\" sizes=\"(max-width: 261px) 100vw, 261px\" \/><\/div>\n<div class=\"descr-elite\">\n<span><\/p>\n<h5>Mod\u00e8le: Smart4 (PVC)<\/h5>\n<p>SMART4-PJ-3<br \/>\n<\/span>\n<\/div>\n<\/div>\n","protected":false},"excerpt":{"rendered":"<p>Mod\u00e8le: Smart4 D\u00e9cor de bois: CH\u00caNE FONC\u00c9 FS Verre: Satinato B\u00e2ton de tirage: OPR 160h Rosace: RKP 50 Mod\u00e8le: Smart4 Couleur RAL: 9016 mat Verre: Madras Uadi B\u00e2ton de tirage: OCS 160h Rosace: ROP 50 Mod\u00e8le: Smart4 (PVC) SMART4-PJ-3<\/p>\n","protected":false},"author":1,"featured_media":16331,"parent":0,"menu_order":0,"comment_status":"closed","ping_status":"closed","template":"","meta":{"ngg_post_thumbnail":0,"__cvm_playback_settings":[],"__cvm_video_id":"","footnotes":""},"class_list":["post-16564","page","type-page","status-publish","has-post-thumbnail","czr-hentry"],"_links":{"self":[{"href":"https:\/\/grad-export.hr\/fr\/wp-json\/wp\/v2\/pages\/16564"}],"collection":[{"href":"https:\/\/grad-export.hr\/fr\/wp-json\/wp\/v2\/pages"}],"about":[{"href":"https:\/\/grad-export.hr\/fr\/wp-json\/wp\/v2\/types\/page"}],"author":[{"embeddable":true,"href":"https:\/\/grad-export.hr\/fr\/wp-json\/wp\/v2\/users\/1"}],"replies":[{"embeddable":true,"href":"https:\/\/grad-export.hr\/fr\/wp-json\/wp\/v2\/comments?post=16564"}],"version-history":[{"count":5,"href":"https:\/\/grad-export.hr\/fr\/wp-json\/wp\/v2\/pages\/16564\/revisions"}],"predecessor-version":[{"id":30345,"href":"https:\/\/grad-export.hr\/fr\/wp-json\/wp\/v2\/pages\/16564\/revisions\/30345"}],"wp:featuredmedia":[{"embeddable":true,"href":"https:\/\/grad-export.hr\/fr\/wp-json\/wp\/v2\/media\/16331"}],"wp:attachment":[{"href":"https:\/\/grad-export.hr\/fr\/wp-json\/wp\/v2\/media?parent=16564"}],"curies":[{"name":"wp","href":"https:\/\/api.w.org\/{rel}","templated":true}]}}