{"id":16572,"date":"2019-06-18T19:10:42","date_gmt":"2019-06-18T19:10:42","guid":{"rendered":"https:\/\/grad-export.hr\/?page_id=16572"},"modified":"2025-02-20T11:33:38","modified_gmt":"2025-02-20T11:33:38","slug":"smart-modele-smart6","status":"publish","type":"page","link":"https:\/\/grad-export.hr\/fr\/smart-modele-smart6","title":{"rendered":"Smart &#8211; Mod\u00e8le Smart6"},"content":{"rendered":"<div class=\"item\">\n<div class=\"slika-elite\">\n<div class=\"slika-noborder\"><img loading=\"lazy\" decoding=\"async\" class=\"alignnone size-full wp-image-16375\" src=\"https:\/\/grad-export.hr\/web\/wp-content\/uploads\/smart-model-smart6\/smart-JSK-6-2980077.jpg\" alt=\"Smart6\" width=\"261\" height=\"547\" srcset=\"https:\/\/grad-export.hr\/web\/wp-content\/uploads\/smart-model-smart6\/smart-JSK-6-2980077.jpg 261w, https:\/\/grad-export.hr\/web\/wp-content\/uploads\/smart-model-smart6\/smart-JSK-6-2980077-192x403.jpg 192w\" sizes=\"(max-width: 261px) 100vw, 261px\" \/><\/div>\n<\/div>\n<div class=\"descr-elite\">\n<span><\/p>\n<h5>Mod\u00e8le: Smart6<\/h5>\n<p>Couleur RAL: 29\/80077<br \/>\nB\u00e2ton de tirage: KCK 160h<br \/>\nRosace: RKP 50<br \/>\n<\/span>\n<\/div>\n<\/div>\n<hr>\n<div class=\"item\">\n<div class=\"slika-elite\"><img loading=\"lazy\" decoding=\"async\" class=\"alignnone size-full wp-image-16393\" src=\"https:\/\/grad-export.hr\/web\/wp-content\/uploads\/smart-model-smart6\/smart6-9016-1.png\" alt=\"Smart6\" width=\"261\" height=\"539\" srcset=\"https:\/\/grad-export.hr\/web\/wp-content\/uploads\/smart-model-smart6\/smart6-9016-1.png 261w, https:\/\/grad-export.hr\/web\/wp-content\/uploads\/smart-model-smart6\/smart6-9016-1-195x403.png 195w\" sizes=\"(max-width: 261px) 100vw, 261px\" \/><\/div>\n<div class=\"descr-elite\">\n<span><\/p>\n<h5>Mod\u00e8le: Smart6<\/h5>\n<p>Couleur RAL: 9016 mat<br \/>\nB\u00e2ton de tirage: KPK 190h<br \/>\nRosace: ROP 50<br \/>\n<\/span>\n<\/div>\n<\/div>\n<hr>\n<div class=\"item\">\n<div class=\"slika-elite\"><img loading=\"lazy\" decoding=\"async\" class=\"alignnone size-full wp-image-16388\" src=\"https:\/\/grad-export.hr\/web\/wp-content\/uploads\/smart-model-smart6\/PVC-SMART-6-1.jpg\" alt=\"Smart6\" width=\"261\" height=\"541\" srcset=\"https:\/\/grad-export.hr\/web\/wp-content\/uploads\/smart-model-smart6\/PVC-SMART-6-1.jpg 261w, https:\/\/grad-export.hr\/web\/wp-content\/uploads\/smart-model-smart6\/PVC-SMART-6-1-194x403.jpg 194w\" sizes=\"(max-width: 261px) 100vw, 261px\" \/><\/div>\n<div class=\"descr-elite\">\n<span><\/p>\n<h5>Mod\u00e8le: Smart6 (PVC)<\/h5>\n<p>SMART6<br \/>\n<\/span>\n<\/div>\n<\/div>\n","protected":false},"excerpt":{"rendered":"<p>Mod\u00e8le: Smart6 Couleur RAL: 29\/80077 B\u00e2ton de tirage: KCK 160h Rosace: RKP 50 Mod\u00e8le: Smart6 Couleur RAL: 9016 mat B\u00e2ton de tirage: KPK 190h Rosace: ROP 50 Mod\u00e8le: Smart6 (PVC) SMART6<\/p>\n","protected":false},"author":1,"featured_media":16377,"parent":0,"menu_order":0,"comment_status":"closed","ping_status":"closed","template":"","meta":{"ngg_post_thumbnail":0,"__cvm_playback_settings":[],"__cvm_video_id":"","footnotes":""},"class_list":["post-16572","page","type-page","status-publish","has-post-thumbnail","czr-hentry"],"_links":{"self":[{"href":"https:\/\/grad-export.hr\/fr\/wp-json\/wp\/v2\/pages\/16572"}],"collection":[{"href":"https:\/\/grad-export.hr\/fr\/wp-json\/wp\/v2\/pages"}],"about":[{"href":"https:\/\/grad-export.hr\/fr\/wp-json\/wp\/v2\/types\/page"}],"author":[{"embeddable":true,"href":"https:\/\/grad-export.hr\/fr\/wp-json\/wp\/v2\/users\/1"}],"replies":[{"embeddable":true,"href":"https:\/\/grad-export.hr\/fr\/wp-json\/wp\/v2\/comments?post=16572"}],"version-history":[{"count":3,"href":"https:\/\/grad-export.hr\/fr\/wp-json\/wp\/v2\/pages\/16572\/revisions"}],"predecessor-version":[{"id":30347,"href":"https:\/\/grad-export.hr\/fr\/wp-json\/wp\/v2\/pages\/16572\/revisions\/30347"}],"wp:featuredmedia":[{"embeddable":true,"href":"https:\/\/grad-export.hr\/fr\/wp-json\/wp\/v2\/media\/16377"}],"wp:attachment":[{"href":"https:\/\/grad-export.hr\/fr\/wp-json\/wp\/v2\/media?parent=16572"}],"curies":[{"name":"wp","href":"https:\/\/api.w.org\/{rel}","templated":true}]}}