{"id":16576,"date":"2019-06-18T19:14:36","date_gmt":"2019-06-18T19:14:36","guid":{"rendered":"https:\/\/grad-export.hr\/?page_id=16576"},"modified":"2025-02-20T11:34:06","modified_gmt":"2025-02-20T11:34:06","slug":"smart-modele-smart7","status":"publish","type":"page","link":"https:\/\/grad-export.hr\/fr\/smart-modele-smart7","title":{"rendered":"Smart &#8211; Mod\u00e8le Smart7"},"content":{"rendered":"<div class=\"item\">\n<div class=\"slika-elite\">\n<div class=\"slika-noborder\"><img loading=\"lazy\" decoding=\"async\" class=\"alignnone size-full wp-image-16418\" src=\"https:\/\/grad-export.hr\/web\/wp-content\/uploads\/smart-model-smart7\/smart7-ga.png\" alt=\"Smart7\" width=\"261\" height=\"621\" srcset=\"https:\/\/grad-export.hr\/web\/wp-content\/uploads\/smart-model-smart7\/smart7-ga.png 261w, https:\/\/grad-export.hr\/web\/wp-content\/uploads\/smart-model-smart7\/smart7-ga-169x403.png 169w\" sizes=\"(max-width: 261px) 100vw, 261px\" \/><\/div>\n<\/div>\n<div class=\"descr-elite\">\n<span><\/p>\n<h5>Mod\u00e8le: Smart7<\/h5>\n<p>Couleur: Grigio Antico<br \/>\nVerre: Satinato<br \/>\nB\u00e2ton de tirage: OPR 115h<br \/>\nRosace: RKP 50<br \/>\n<\/span>\n<\/div>\n<\/div>\n<hr>\n<div class=\"item\">\n<div class=\"slika-elite\">\n<div class=\"slika-noborder\"><img loading=\"lazy\" decoding=\"async\" class=\"alignnone size-full wp-image-16413\" src=\"https:\/\/grad-export.hr\/web\/wp-content\/uploads\/smart-model-smart7\/smart-JSK-7-3004.jpg\" alt=\"Smart7\" width=\"261\" height=\"547\" srcset=\"https:\/\/grad-export.hr\/web\/wp-content\/uploads\/smart-model-smart7\/smart-JSK-7-3004.jpg 261w, https:\/\/grad-export.hr\/web\/wp-content\/uploads\/smart-model-smart7\/smart-JSK-7-3004-192x403.jpg 192w\" sizes=\"(max-width: 261px) 100vw, 261px\" \/><\/div>\n<\/div>\n<div class=\"descr-elite\">\n<span><\/p>\n<h5>Mod\u00e8le: Smart7<\/h5>\n<p>Couleur RAL: 3004<br \/>\nVerre: Satinato<br \/>\nB\u00e2ton de tirage: KCR 115h<br \/>\nRosace: RKP 50<br \/>\n<\/span>\n<\/div>\n<\/div>\n<hr>\n<div class=\"item\">\n<div class=\"slika-elite\"><img loading=\"lazy\" decoding=\"async\" class=\"alignnone size-full wp-image-16408\" src=\"https:\/\/grad-export.hr\/web\/wp-content\/uploads\/smart-model-smart7\/SMART-7-9003.jpg\" alt=\"Smart7\" width=\"261\" height=\"546\" srcset=\"https:\/\/grad-export.hr\/web\/wp-content\/uploads\/smart-model-smart7\/SMART-7-9003.jpg 261w, https:\/\/grad-export.hr\/web\/wp-content\/uploads\/smart-model-smart7\/SMART-7-9003-193x403.jpg 193w\" sizes=\"(max-width: 261px) 100vw, 261px\" \/><\/div>\n<div class=\"descr-elite\">\n<span><\/p>\n<h5>Mod\u00e8le: Smart7<\/h5>\n<p>Couleur RAL: 9016 mat<br \/>\nVerre: Madras Uadi<br \/>\nB\u00e2ton de tirage: OCS 160h<br \/>\nRosace: ROP 50<br \/>\n<\/span>\n<\/div>\n<\/div>\n<hr>\n<div class=\"item\">\n<div class=\"slika-elite\"><img loading=\"lazy\" decoding=\"async\" class=\"alignnone size-full wp-image-16403\" src=\"https:\/\/grad-export.hr\/web\/wp-content\/uploads\/smart-model-smart7\/PVC-SMART-7.jpg\" alt=\"Smart7\" width=\"261\" height=\"541\" srcset=\"https:\/\/grad-export.hr\/web\/wp-content\/uploads\/smart-model-smart7\/PVC-SMART-7.jpg 261w, https:\/\/grad-export.hr\/web\/wp-content\/uploads\/smart-model-smart7\/PVC-SMART-7-194x403.jpg 194w\" sizes=\"(max-width: 261px) 100vw, 261px\" \/><\/div>\n<div class=\"descr-elite\">\n<span><\/p>\n<h5>Mod\u00e8le: Smart7 (PVC)<\/h5>\n<p>SMART7-PJ<br \/>\n<\/span>\n<\/div>\n<\/div>\n","protected":false},"excerpt":{"rendered":"<p>Mod\u00e8le: Smart7 Couleur: Grigio Antico Verre: Satinato B\u00e2ton de tirage: OPR 115h Rosace: RKP 50 Mod\u00e8le: Smart7 Couleur RAL: 3004 Verre: Satinato B\u00e2ton de tirage: KCR 115h Rosace: RKP 50 Mod\u00e8le: Smart7 Couleur RAL: 9016 mat Verre: Madras Uadi B\u00e2ton de tirage: OCS 160h Rosace: ROP 50 Mod\u00e8le: Smart7 (PVC) SMART7-PJ<\/p>\n","protected":false},"author":1,"featured_media":16420,"parent":0,"menu_order":0,"comment_status":"closed","ping_status":"closed","template":"","meta":{"ngg_post_thumbnail":0,"__cvm_playback_settings":[],"__cvm_video_id":"","footnotes":""},"class_list":["post-16576","page","type-page","status-publish","has-post-thumbnail","czr-hentry"],"_links":{"self":[{"href":"https:\/\/grad-export.hr\/fr\/wp-json\/wp\/v2\/pages\/16576"}],"collection":[{"href":"https:\/\/grad-export.hr\/fr\/wp-json\/wp\/v2\/pages"}],"about":[{"href":"https:\/\/grad-export.hr\/fr\/wp-json\/wp\/v2\/types\/page"}],"author":[{"embeddable":true,"href":"https:\/\/grad-export.hr\/fr\/wp-json\/wp\/v2\/users\/1"}],"replies":[{"embeddable":true,"href":"https:\/\/grad-export.hr\/fr\/wp-json\/wp\/v2\/comments?post=16576"}],"version-history":[{"count":3,"href":"https:\/\/grad-export.hr\/fr\/wp-json\/wp\/v2\/pages\/16576\/revisions"}],"predecessor-version":[{"id":30348,"href":"https:\/\/grad-export.hr\/fr\/wp-json\/wp\/v2\/pages\/16576\/revisions\/30348"}],"wp:featuredmedia":[{"embeddable":true,"href":"https:\/\/grad-export.hr\/fr\/wp-json\/wp\/v2\/media\/16420"}],"wp:attachment":[{"href":"https:\/\/grad-export.hr\/fr\/wp-json\/wp\/v2\/media?parent=16576"}],"curies":[{"name":"wp","href":"https:\/\/api.w.org\/{rel}","templated":true}]}}