{"id":16583,"date":"2019-06-18T19:19:01","date_gmt":"2019-06-18T19:19:01","guid":{"rendered":"https:\/\/grad-export.hr\/?page_id=16583"},"modified":"2025-02-20T11:35:22","modified_gmt":"2025-02-20T11:35:22","slug":"smart-modele-smart9","status":"publish","type":"page","link":"https:\/\/grad-export.hr\/fr\/smart-modele-smart9","title":{"rendered":"Smart &#8211; Mod\u00e8le Smart9"},"content":{"rendered":"<div class=\"item\">\n<div class=\"slika-elite\">\n<div class=\"slika-noborder\"><img loading=\"lazy\" decoding=\"async\" class=\"alignnone size-full wp-image-16465\" src=\"https:\/\/grad-export.hr\/web\/wp-content\/uploads\/smart-model-smart9\/smart9-9007.png\" alt=\"Smart9\" width=\"261\" height=\"621\" srcset=\"https:\/\/grad-export.hr\/web\/wp-content\/uploads\/smart-model-smart9\/smart9-9007.png 261w, https:\/\/grad-export.hr\/web\/wp-content\/uploads\/smart-model-smart9\/smart9-9007-169x403.png 169w\" sizes=\"(max-width: 261px) 100vw, 261px\" \/><\/div>\n<\/div>\n<div class=\"descr-elite\">\n<span><\/p>\n<h5>Mod\u00e8le: Smart9<\/h5>\n<p>Couleur RAL: 9007 mat<br \/>\nVerre: Satinato<br \/>\nB\u00e2ton de tirage: KCR 115h<br \/>\nRosace: RKP 50<br \/>\n<\/span>\n<\/div>\n<\/div>\n<hr>\n<div class=\"item\">\n<div class=\"slika-elite\">\n<div class=\"slika-noborder\"><img loading=\"lazy\" decoding=\"async\" class=\"alignnone size-full wp-image-16460\" src=\"https:\/\/grad-export.hr\/web\/wp-content\/uploads\/smart-model-smart9\/SMART-9-7016.jpg\" alt=\"Smart9\" width=\"261\" height=\"547\" srcset=\"https:\/\/grad-export.hr\/web\/wp-content\/uploads\/smart-model-smart9\/SMART-9-7016.jpg 261w, https:\/\/grad-export.hr\/web\/wp-content\/uploads\/smart-model-smart9\/SMART-9-7016-192x403.jpg 192w\" sizes=\"(max-width: 261px) 100vw, 261px\" \/><\/div>\n<\/div>\n<div class=\"descr-elite\">\n<span><\/p>\n<h5>Mod\u00e8le: Smart9<\/h5>\n<p>Couleur RAL: 7016 mat<br \/>\nVerre: Satinato<br \/>\nB\u00e2ton de tirage: OCS 160h<br \/>\nRosace: ROP 50<br \/>\n<\/span>\n<\/div>\n<\/div>\n<hr>\n<div class=\"item\">\n<div class=\"slika-elite\"><img loading=\"lazy\" decoding=\"async\" class=\"alignnone size-full wp-image-16454\" src=\"https:\/\/grad-export.hr\/web\/wp-content\/uploads\/smart-model-smart9\/PVC-SMART-9.jpg\" alt=\"Smart9\" width=\"261\" height=\"541\" srcset=\"https:\/\/grad-export.hr\/web\/wp-content\/uploads\/smart-model-smart9\/PVC-SMART-9.jpg 261w, https:\/\/grad-export.hr\/web\/wp-content\/uploads\/smart-model-smart9\/PVC-SMART-9-194x403.jpg 194w\" sizes=\"(max-width: 261px) 100vw, 261px\" \/><\/div>\n<div class=\"descr-elite\">\n<span><\/p>\n<h5>Mod\u00e8le: Smart9 (PVC)<\/h5>\n<p>SMART9-PJ-5<br \/>\n<\/span>\n<\/div>\n<\/div>\n","protected":false},"excerpt":{"rendered":"<p>Mod\u00e8le: Smart9 Couleur RAL: 9007 mat Verre: Satinato B\u00e2ton de tirage: KCR 115h Rosace: RKP 50 Mod\u00e8le: Smart9 Couleur RAL: 7016 mat Verre: Satinato B\u00e2ton de tirage: OCS 160h Rosace: ROP 50 Mod\u00e8le: Smart9 (PVC) SMART9-PJ-5<\/p>\n","protected":false},"author":1,"featured_media":16467,"parent":0,"menu_order":0,"comment_status":"closed","ping_status":"closed","template":"","meta":{"ngg_post_thumbnail":0,"__cvm_playback_settings":[],"__cvm_video_id":"","footnotes":""},"class_list":["post-16583","page","type-page","status-publish","has-post-thumbnail","czr-hentry"],"_links":{"self":[{"href":"https:\/\/grad-export.hr\/fr\/wp-json\/wp\/v2\/pages\/16583"}],"collection":[{"href":"https:\/\/grad-export.hr\/fr\/wp-json\/wp\/v2\/pages"}],"about":[{"href":"https:\/\/grad-export.hr\/fr\/wp-json\/wp\/v2\/types\/page"}],"author":[{"embeddable":true,"href":"https:\/\/grad-export.hr\/fr\/wp-json\/wp\/v2\/users\/1"}],"replies":[{"embeddable":true,"href":"https:\/\/grad-export.hr\/fr\/wp-json\/wp\/v2\/comments?post=16583"}],"version-history":[{"count":3,"href":"https:\/\/grad-export.hr\/fr\/wp-json\/wp\/v2\/pages\/16583\/revisions"}],"predecessor-version":[{"id":30350,"href":"https:\/\/grad-export.hr\/fr\/wp-json\/wp\/v2\/pages\/16583\/revisions\/30350"}],"wp:featuredmedia":[{"embeddable":true,"href":"https:\/\/grad-export.hr\/fr\/wp-json\/wp\/v2\/media\/16467"}],"wp:attachment":[{"href":"https:\/\/grad-export.hr\/fr\/wp-json\/wp\/v2\/media?parent=16583"}],"curies":[{"name":"wp","href":"https:\/\/api.w.org\/{rel}","templated":true}]}}