{"id":16586,"date":"2019-06-18T19:20:49","date_gmt":"2019-06-18T19:20:49","guid":{"rendered":"https:\/\/grad-export.hr\/?page_id=16586"},"modified":"2025-02-20T11:36:09","modified_gmt":"2025-02-20T11:36:09","slug":"smart-modele-smart10","status":"publish","type":"page","link":"https:\/\/grad-export.hr\/fr\/smart-modele-smart10","title":{"rendered":"Smart &#8211; Mod\u00e8le Smart10"},"content":{"rendered":"<div class=\"item\">\n<div class=\"slika-elite\">\n<div class=\"slika-noborder\"><img loading=\"lazy\" decoding=\"async\" class=\"alignnone size-full wp-image-16481\" src=\"https:\/\/grad-export.hr\/web\/wp-content\/uploads\/smart-model-smart10\/SMART-10-2980077.jpg\" alt=\"Smart10\" width=\"261\" height=\"547\" srcset=\"https:\/\/grad-export.hr\/web\/wp-content\/uploads\/smart-model-smart10\/SMART-10-2980077.jpg 261w, https:\/\/grad-export.hr\/web\/wp-content\/uploads\/smart-model-smart10\/SMART-10-2980077-192x403.jpg 192w\" sizes=\"(max-width: 261px) 100vw, 261px\" \/><\/div>\n<\/div>\n<div class=\"descr-elite\">\n<span><\/p>\n<h5>Mod\u00e8le: Smart10<\/h5>\n<p>Couleur RAL: 29\/80077<br \/>\nVerre: Madras Pav\u00e9<br \/>\nB\u00e2ton de tirage: OCS 950h<br \/>\nRosace: ROP 50<br \/>\n<\/span>\n<\/div>\n<\/div>\n<hr>\n<div class=\"item\">\n<div class=\"slika-elite\"><img loading=\"lazy\" decoding=\"async\" class=\"alignnone size-full wp-image-16486\" src=\"https:\/\/grad-export.hr\/web\/wp-content\/uploads\/smart-model-smart10\/smart-JSK-10-9003.jpg\" alt=\"Smart 10\" width=\"261\" height=\"546\" srcset=\"https:\/\/grad-export.hr\/web\/wp-content\/uploads\/smart-model-smart10\/smart-JSK-10-9003.jpg 261w, https:\/\/grad-export.hr\/web\/wp-content\/uploads\/smart-model-smart10\/smart-JSK-10-9003-193x403.jpg 193w\" sizes=\"(max-width: 261px) 100vw, 261px\" \/><\/div>\n<div class=\"descr-elite\">\n<span><\/p>\n<h5>Mod\u00e8le: Smart10<\/h5>\n<p>Couleur RAL: 9016 mat<br \/>\nVerre: Satinato<br \/>\nB\u00e2ton de tirage: OPR 950h<br \/>\nRosace: RKP 50<br \/>\n<\/span>\n<\/div>\n<\/div>\n<hr>\n<div class=\"item\">\n<div class=\"slika-elite\"><img loading=\"lazy\" decoding=\"async\" class=\"alignnone size-full wp-image-16476\" src=\"https:\/\/grad-export.hr\/web\/wp-content\/uploads\/smart-model-smart10\/PVC-SMART-10.jpg\" alt=\"Smart10\" width=\"261\" height=\"541\" srcset=\"https:\/\/grad-export.hr\/web\/wp-content\/uploads\/smart-model-smart10\/PVC-SMART-10.jpg 261w, https:\/\/grad-export.hr\/web\/wp-content\/uploads\/smart-model-smart10\/PVC-SMART-10-194x403.jpg 194w\" sizes=\"(max-width: 261px) 100vw, 261px\" \/><\/div>\n<div class=\"descr-elite\">\n<span><\/p>\n<h5>Mod\u00e8le: Smart10 (PVC)<\/h5>\n<p>SMART10-PJ-3<br \/>\n<\/span>\n<\/div>\n<\/div>\n","protected":false},"excerpt":{"rendered":"<p>Mod\u00e8le: Smart10 Couleur RAL: 29\/80077 Verre: Madras Pav\u00e9 B\u00e2ton de tirage: OCS 950h Rosace: ROP 50 Mod\u00e8le: Smart10 Couleur RAL: 9016 mat Verre: Satinato B\u00e2ton de tirage: OPR 950h Rosace: RKP 50 Mod\u00e8le: Smart10 (PVC) SMART10-PJ-3<\/p>\n","protected":false},"author":1,"featured_media":16483,"parent":0,"menu_order":0,"comment_status":"closed","ping_status":"closed","template":"","meta":{"ngg_post_thumbnail":0,"__cvm_playback_settings":[],"__cvm_video_id":"","footnotes":""},"class_list":["post-16586","page","type-page","status-publish","has-post-thumbnail","czr-hentry"],"_links":{"self":[{"href":"https:\/\/grad-export.hr\/fr\/wp-json\/wp\/v2\/pages\/16586"}],"collection":[{"href":"https:\/\/grad-export.hr\/fr\/wp-json\/wp\/v2\/pages"}],"about":[{"href":"https:\/\/grad-export.hr\/fr\/wp-json\/wp\/v2\/types\/page"}],"author":[{"embeddable":true,"href":"https:\/\/grad-export.hr\/fr\/wp-json\/wp\/v2\/users\/1"}],"replies":[{"embeddable":true,"href":"https:\/\/grad-export.hr\/fr\/wp-json\/wp\/v2\/comments?post=16586"}],"version-history":[{"count":3,"href":"https:\/\/grad-export.hr\/fr\/wp-json\/wp\/v2\/pages\/16586\/revisions"}],"predecessor-version":[{"id":30351,"href":"https:\/\/grad-export.hr\/fr\/wp-json\/wp\/v2\/pages\/16586\/revisions\/30351"}],"wp:featuredmedia":[{"embeddable":true,"href":"https:\/\/grad-export.hr\/fr\/wp-json\/wp\/v2\/media\/16483"}],"wp:attachment":[{"href":"https:\/\/grad-export.hr\/fr\/wp-json\/wp\/v2\/media?parent=16586"}],"curies":[{"name":"wp","href":"https:\/\/api.w.org\/{rel}","templated":true}]}}