{"id":22413,"date":"2023-01-21T14:54:32","date_gmt":"2023-01-21T14:54:32","guid":{"rendered":"https:\/\/grad-export.hr\/?page_id=22413"},"modified":"2023-01-23T08:57:29","modified_gmt":"2023-01-23T08:57:29","slug":"luxury-panneaux","status":"publish","type":"page","link":"https:\/\/grad-export.hr\/fr\/luxury-panneaux","title":{"rendered":"Le programme Luxury &#8211; ALU\/verre panneaux decoratifs"},"content":{"rendered":"<p>Les panneaux du programme Luxury sont produits sans renfort (OS).<\/p>\n<p>Les \u00e9paisseurs de panneaux peuvent aller de 48 mm \u00e0 120 mm. Le vitrage des panneaux du programme Luxury peut avoir une \u00e9paisseur de 48 millim\u00e8tres ou plus, ainsi que trois ou quatre couches, selon l&#8217;\u00e9paisseur du panneau.<\/p>\n<p>Les conceptions de panneau sont exclusivement une ceinture cach\u00e9e (d&#8217;un c\u00f4t\u00e9 ou des deux c\u00f4t\u00e9s).<\/p>\n<p>La partie ext\u00e9rieure du panneau est en verre ESG de 6 mm d&#8217;\u00e9paisseur en RAL 9005.<\/p>\n<p>Les couleurs des panneaux int\u00e9rieurs du programme Luxe sont divis\u00e9es en deux groupes :<\/p>\n<ul>\n<li>standard &#8211; 13 couleurs sont propos\u00e9es<\/li>\n<li>sp\u00e9cial &#8211; d\u00e9cors bois aluminium et toutes les couleurs aluminium de la carte RAL sont propos\u00e9es<\/li>\n<\/ul>\n<p>Nous vous recommandons d&#8217;\u00e9tudier attentivement l&#8217;accessoire sur <a href=\"https:\/\/grad-export.hr\/web\/wp-content\/uploads\/DE-EN-karakteristike-rustic-luxury.pdf\">les caract\u00e9ristiques techniques, les d\u00e9tails et les accessoires<\/a>.<\/p>\n<p><strong>LUXURY<\/strong><\/p>\n<figure id=\"attachment_22381\" aria-describedby=\"caption-attachment-22381\" style=\"width: 78px\" class=\"wp-caption alignleft\"><a href=\"https:\/\/grad-export.hr\/fr\/luxury-modele-chicago\"><img loading=\"lazy\" decoding=\"async\" class=\"wp-image-22381 size-full\" src=\"https:\/\/grad-export.hr\/web\/wp-content\/uploads\/chcago-thmb.png\" alt=\"\" width=\"78\" height=\"156\"><\/a><figcaption id=\"caption-attachment-22381\" class=\"wp-caption-text\">Chicago<\/figcaption><\/figure>\n<figure id=\"attachment_22386\" aria-describedby=\"caption-attachment-22386\" style=\"width: 78px\" class=\"wp-caption alignleft\"><a href=\"https:\/\/grad-export.hr\/fr\/luxury-modele-dallas\"><img loading=\"lazy\" decoding=\"async\" class=\"wp-image-22386 size-full\" src=\"https:\/\/grad-export.hr\/web\/wp-content\/uploads\/dlls-thmb.png\" alt=\"\" width=\"78\" height=\"156\"><\/a><figcaption id=\"caption-attachment-22386\" class=\"wp-caption-text\">Dallas<\/figcaption><\/figure>\n<figure id=\"attachment_22391\" aria-describedby=\"caption-attachment-22391\" style=\"width: 78px\" class=\"wp-caption alignleft\"><a href=\"https:\/\/grad-export.hr\/fr\/luxury-modele-miami\"><img loading=\"lazy\" decoding=\"async\" class=\"wp-image-22391 size-full\" src=\"https:\/\/grad-export.hr\/web\/wp-content\/uploads\/miami-thmb.png\" alt=\"\" width=\"78\" height=\"156\"><\/a><figcaption id=\"caption-attachment-22391\" class=\"wp-caption-text\">Miami<\/figcaption><\/figure>\n<figure id=\"attachment_22396\" aria-describedby=\"caption-attachment-22396\" style=\"width: 78px\" class=\"wp-caption alignleft\"><a href=\"https:\/\/grad-export.hr\/fr\/luxury-modele-new-york\"><img loading=\"lazy\" decoding=\"async\" class=\"wp-image-22396 size-full\" src=\"https:\/\/grad-export.hr\/web\/wp-content\/uploads\/nyork-thumb.png\" alt=\"\" width=\"78\" height=\"156\"><\/a><figcaption id=\"caption-attachment-22396\" class=\"wp-caption-text\">New York<\/figcaption><\/figure>\n<figure id=\"attachment_22401\" aria-describedby=\"caption-attachment-22401\" style=\"width: 78px\" class=\"wp-caption alignleft\"><a href=\"https:\/\/grad-export.hr\/fr\/luxury-modele-washington\"><img loading=\"lazy\" decoding=\"async\" class=\"wp-image-22401 size-full\" src=\"https:\/\/grad-export.hr\/web\/wp-content\/uploads\/wash-thmb.png\" alt=\"\" width=\"78\" height=\"156\"><\/a><figcaption id=\"caption-attachment-22401\" class=\"wp-caption-text\">Washington<\/figcaption><\/figure>\n","protected":false},"excerpt":{"rendered":"<p>Les panneaux du programme Luxury sont produits sans renfort (OS). Les \u00e9paisseurs de panneaux peuvent aller de 48 mm \u00e0 120 mm. Le vitrage des panneaux du programme Luxury peut avoir une \u00e9paisseur de 48 millim\u00e8tres ou plus, ainsi que trois ou quatre couches, selon l&#8217;\u00e9paisseur du panneau. Les conceptions de panneau sont exclusivement une [&hellip;]<\/p>\n","protected":false},"author":1,"featured_media":0,"parent":0,"menu_order":0,"comment_status":"closed","ping_status":"closed","template":"","meta":{"ngg_post_thumbnail":0,"__cvm_playback_settings":[],"__cvm_video_id":"","footnotes":""},"class_list":["post-22413","page","type-page","status-publish","czr-hentry"],"_links":{"self":[{"href":"https:\/\/grad-export.hr\/fr\/wp-json\/wp\/v2\/pages\/22413"}],"collection":[{"href":"https:\/\/grad-export.hr\/fr\/wp-json\/wp\/v2\/pages"}],"about":[{"href":"https:\/\/grad-export.hr\/fr\/wp-json\/wp\/v2\/types\/page"}],"author":[{"embeddable":true,"href":"https:\/\/grad-export.hr\/fr\/wp-json\/wp\/v2\/users\/1"}],"replies":[{"embeddable":true,"href":"https:\/\/grad-export.hr\/fr\/wp-json\/wp\/v2\/comments?post=22413"}],"version-history":[{"count":7,"href":"https:\/\/grad-export.hr\/fr\/wp-json\/wp\/v2\/pages\/22413\/revisions"}],"predecessor-version":[{"id":22507,"href":"https:\/\/grad-export.hr\/fr\/wp-json\/wp\/v2\/pages\/22413\/revisions\/22507"}],"wp:attachment":[{"href":"https:\/\/grad-export.hr\/fr\/wp-json\/wp\/v2\/media?parent=22413"}],"curies":[{"name":"wp","href":"https:\/\/api.w.org\/{rel}","templated":true}]}}