{"id":22784,"date":"2023-07-21T09:55:09","date_gmt":"2023-07-21T09:55:09","guid":{"rendered":"https:\/\/grad-export.hr\/urban-modele-kerkis"},"modified":"2025-02-14T07:28:42","modified_gmt":"2025-02-14T07:28:42","slug":"urban-modele-kerkis","status":"publish","type":"page","link":"https:\/\/grad-export.hr\/fr\/urban-modele-kerkis","title":{"rendered":"Urban &#8211; Mod\u00e8le Kerkis"},"content":{"rendered":"<div class=\"item\">\n<div class=\"slika-noviveci\"><img loading=\"lazy\" decoding=\"async\" class=\"alignleft size-full wp-image-23817\" src=\"https:\/\/grad-export.hr\/web\/wp-content\/uploads\/urban-model-eldfell\/KERKIS-resized.jpg\" alt=\"Model Kerkis\" width=\"400\" height=\"766\" srcset=\"https:\/\/grad-export.hr\/web\/wp-content\/uploads\/urban-model-eldfell\/KERKIS-resized.jpg 400w, https:\/\/grad-export.hr\/web\/wp-content\/uploads\/urban-model-eldfell\/KERKIS-resized-210x403.jpg 210w\" sizes=\"(max-width: 400px) 100vw, 400px\" \/><\/div>\n<div class=\"descr-noviveci\">\n<span><\/p>\n<h5>Mod\u00e8le: Kerkis<\/h5>\n<p>Couleur de base: Ch\u00eane clair FS<br \/>\nRAL couleur des profils: 9005<br \/>\nB\u00e2ton de tirage: KCKB 160<br \/>\nRosace: RMMB<br \/>\n<\/span>\n<\/div>\n<\/div>\n","protected":false},"excerpt":{"rendered":"<p>Mod\u00e8le: Kerkis Couleur de base: Ch\u00eane clair FS RAL couleur des profils: 9005 B\u00e2ton de tirage: KCKB 160 Rosace: RMMB<\/p>\n","protected":false},"author":1,"featured_media":0,"parent":0,"menu_order":0,"comment_status":"closed","ping_status":"closed","template":"","meta":{"ngg_post_thumbnail":0,"__cvm_playback_settings":[],"__cvm_video_id":"","footnotes":""},"class_list":["post-22784","page","type-page","status-publish","czr-hentry"],"_links":{"self":[{"href":"https:\/\/grad-export.hr\/fr\/wp-json\/wp\/v2\/pages\/22784"}],"collection":[{"href":"https:\/\/grad-export.hr\/fr\/wp-json\/wp\/v2\/pages"}],"about":[{"href":"https:\/\/grad-export.hr\/fr\/wp-json\/wp\/v2\/types\/page"}],"author":[{"embeddable":true,"href":"https:\/\/grad-export.hr\/fr\/wp-json\/wp\/v2\/users\/1"}],"replies":[{"embeddable":true,"href":"https:\/\/grad-export.hr\/fr\/wp-json\/wp\/v2\/comments?post=22784"}],"version-history":[{"count":4,"href":"https:\/\/grad-export.hr\/fr\/wp-json\/wp\/v2\/pages\/22784\/revisions"}],"predecessor-version":[{"id":29975,"href":"https:\/\/grad-export.hr\/fr\/wp-json\/wp\/v2\/pages\/22784\/revisions\/29975"}],"wp:attachment":[{"href":"https:\/\/grad-export.hr\/fr\/wp-json\/wp\/v2\/media?parent=22784"}],"curies":[{"name":"wp","href":"https:\/\/api.w.org\/{rel}","templated":true}]}}