{"id":25079,"date":"2023-10-15T19:06:33","date_gmt":"2023-10-15T19:06:33","guid":{"rendered":"https:\/\/grad-export.hr\/elevated-modele-bolmen"},"modified":"2026-05-03T18:16:56","modified_gmt":"2026-05-03T18:16:56","slug":"elevated-modele-bolmen","status":"publish","type":"page","link":"https:\/\/grad-export.hr\/fr\/elevated-modele-bolmen","title":{"rendered":"Elevated &#8211; Mod\u00e8le Bolmen"},"content":{"rendered":"<div class=\"item\">\n<div class=\"slika-noviveci\"><img loading=\"lazy\" decoding=\"async\" src=\"https:\/\/grad-export.hr\/web\/wp-content\/uploads\/elevated-model-bolmen\/1148x2197-BOLMEN.jpg\" alt=\"Bolmen\" width=\"400\" height=\"766\" class=\"alignleft size-full wp-image-31745\" srcset=\"https:\/\/grad-export.hr\/web\/wp-content\/uploads\/elevated-model-bolmen\/1148x2197-BOLMEN.jpg 400w, https:\/\/grad-export.hr\/web\/wp-content\/uploads\/elevated-model-bolmen\/1148x2197-BOLMEN-210x403.jpg 210w\" sizes=\"(max-width: 400px) 100vw, 400px\" \/><\/div>\n<div class=\"descr-noviveci\">\n<span><\/p>\n<h5>Mod\u00e8le: Bolmen<\/h5>\n<p>ALU base: imitation bois CH\u00caNE FONC\u00c9 FS<br \/>\nALU rev\u00eatement: RAL 9005<br \/>\nVerre: DPH<br \/>\nB\u00e2ton de tirage: KCKB 160<br \/>\nRosace: RMMB<br \/>\n<\/span>\n<\/div>\n<\/div>\n<hr>\n<div class=\"item\">\n<div class=\"slika-noviveci\"><img loading=\"lazy\" decoding=\"async\" class=\"alignleft size-full wp-image-23660\" src=\"https:\/\/grad-export.hr\/web\/wp-content\/uploads\/elevated-model-bolmen\/BOLMEN_resized.jpg\" alt=\"Model Bolmen\" width=\"400\" height=\"766\" srcset=\"https:\/\/grad-export.hr\/web\/wp-content\/uploads\/elevated-model-bolmen\/BOLMEN_resized.jpg 400w, https:\/\/grad-export.hr\/web\/wp-content\/uploads\/elevated-model-bolmen\/BOLMEN_resized-210x403.jpg 210w\" sizes=\"(max-width: 400px) 100vw, 400px\" \/><\/div>\n<div class=\"descr-noviveci\">\n<span><\/p>\n<h5>Mod\u00e8le: Bolmen<\/h5>\n<p>ALU base: imitation bois CH\u00caNE FONC\u00c9 FS<br \/>\nALU rev\u00eatement: RAL 9005<br \/>\nVerre: Satinato<br \/>\nB\u00e2ton de tirage: KCKB 160<br \/>\nRosace: RMMB<br \/>\n<\/span>\n<\/div>\n<\/div>\n","protected":false},"excerpt":{"rendered":"<p>Mod\u00e8le: Bolmen ALU base: imitation bois CH\u00caNE FONC\u00c9 FS ALU rev\u00eatement: RAL 9005 Verre: DPH B\u00e2ton de tirage: KCKB 160 Rosace: RMMB Mod\u00e8le: Bolmen ALU base: imitation bois CH\u00caNE FONC\u00c9 FS ALU rev\u00eatement: RAL 9005 Verre: Satinato B\u00e2ton de tirage: KCKB 160 Rosace: RMMB<\/p>\n","protected":false},"author":1,"featured_media":0,"parent":0,"menu_order":0,"comment_status":"closed","ping_status":"closed","template":"","meta":{"ngg_post_thumbnail":0,"__cvm_playback_settings":[],"__cvm_video_id":"","footnotes":""},"class_list":["post-25079","page","type-page","status-publish","czr-hentry"],"_links":{"self":[{"href":"https:\/\/grad-export.hr\/fr\/wp-json\/wp\/v2\/pages\/25079"}],"collection":[{"href":"https:\/\/grad-export.hr\/fr\/wp-json\/wp\/v2\/pages"}],"about":[{"href":"https:\/\/grad-export.hr\/fr\/wp-json\/wp\/v2\/types\/page"}],"author":[{"embeddable":true,"href":"https:\/\/grad-export.hr\/fr\/wp-json\/wp\/v2\/users\/1"}],"replies":[{"embeddable":true,"href":"https:\/\/grad-export.hr\/fr\/wp-json\/wp\/v2\/comments?post=25079"}],"version-history":[{"count":7,"href":"https:\/\/grad-export.hr\/fr\/wp-json\/wp\/v2\/pages\/25079\/revisions"}],"predecessor-version":[{"id":31903,"href":"https:\/\/grad-export.hr\/fr\/wp-json\/wp\/v2\/pages\/25079\/revisions\/31903"}],"wp:attachment":[{"href":"https:\/\/grad-export.hr\/fr\/wp-json\/wp\/v2\/media?parent=25079"}],"curies":[{"name":"wp","href":"https:\/\/api.w.org\/{rel}","templated":true}]}}