{"id":25454,"date":"2023-10-20T17:52:22","date_gmt":"2023-10-20T17:52:22","guid":{"rendered":"https:\/\/grad-export.hr\/elevated-modele-bolsena"},"modified":"2025-02-15T12:42:58","modified_gmt":"2025-02-15T12:42:58","slug":"elevated-modele-bolsena","status":"publish","type":"page","link":"https:\/\/grad-export.hr\/fr\/elevated-modele-bolsena","title":{"rendered":"Elevated &#8211; Mod\u00e8le Bolsena"},"content":{"rendered":"<div class=\"item\">\n<div class=\"slika-noviveci\"><img loading=\"lazy\" decoding=\"async\" class=\"alignleft size-full wp-image-23665\" src=\"https:\/\/grad-export.hr\/web\/wp-content\/uploads\/elevated-model-bolmen\/BOLSENA_resized.jpg\" alt=\"Model Bolsena\" width=\"400\" height=\"766\" srcset=\"https:\/\/grad-export.hr\/web\/wp-content\/uploads\/elevated-model-bolmen\/BOLSENA_resized.jpg 400w, https:\/\/grad-export.hr\/web\/wp-content\/uploads\/elevated-model-bolmen\/BOLSENA_resized-210x403.jpg 210w\" sizes=\"(max-width: 400px) 100vw, 400px\" \/><\/div>\n<div class=\"descr-noviveci\">\n<span><\/p>\n<h5>Mod\u00e8le: Bolsena<\/h5>\n<p>RAL couleur de base: 7012<br \/>\nRAL couleur suppl\u00e9mentaire: 9006<br \/>\nVerre: Satinato<br \/>\nB\u00e2ton de tirage: KCK 160<br \/>\nRosace: RMM<br \/>\n<\/span>\n<\/div>\n<\/div>\n","protected":false},"excerpt":{"rendered":"<p>Mod\u00e8le: Bolsena RAL couleur de base: 7012 RAL couleur suppl\u00e9mentaire: 9006 Verre: Satinato B\u00e2ton de tirage: KCK 160 Rosace: RMM<\/p>\n","protected":false},"author":1,"featured_media":0,"parent":0,"menu_order":0,"comment_status":"closed","ping_status":"closed","template":"","meta":{"ngg_post_thumbnail":0,"__cvm_playback_settings":[],"__cvm_video_id":"","footnotes":""},"class_list":["post-25454","page","type-page","status-publish","czr-hentry"],"_links":{"self":[{"href":"https:\/\/grad-export.hr\/fr\/wp-json\/wp\/v2\/pages\/25454"}],"collection":[{"href":"https:\/\/grad-export.hr\/fr\/wp-json\/wp\/v2\/pages"}],"about":[{"href":"https:\/\/grad-export.hr\/fr\/wp-json\/wp\/v2\/types\/page"}],"author":[{"embeddable":true,"href":"https:\/\/grad-export.hr\/fr\/wp-json\/wp\/v2\/users\/1"}],"replies":[{"embeddable":true,"href":"https:\/\/grad-export.hr\/fr\/wp-json\/wp\/v2\/comments?post=25454"}],"version-history":[{"count":3,"href":"https:\/\/grad-export.hr\/fr\/wp-json\/wp\/v2\/pages\/25454\/revisions"}],"predecessor-version":[{"id":30090,"href":"https:\/\/grad-export.hr\/fr\/wp-json\/wp\/v2\/pages\/25454\/revisions\/30090"}],"wp:attachment":[{"href":"https:\/\/grad-export.hr\/fr\/wp-json\/wp\/v2\/media?parent=25454"}],"curies":[{"name":"wp","href":"https:\/\/api.w.org\/{rel}","templated":true}]}}