{"id":25457,"date":"2023-10-20T17:55:47","date_gmt":"2023-10-20T17:55:47","guid":{"rendered":"https:\/\/grad-export.hr\/elevated-modele-garda"},"modified":"2026-05-03T19:52:25","modified_gmt":"2026-05-03T19:52:25","slug":"elevated-modele-garda","status":"publish","type":"page","link":"https:\/\/grad-export.hr\/fr\/elevated-modele-garda","title":{"rendered":"Elevated &#8211; Mod\u00e8le Garda"},"content":{"rendered":"<div class=\"item\">\n<div><img loading=\"lazy\" decoding=\"async\" src=\"https:\/\/grad-export.hr\/web\/wp-content\/uploads\/elevated-model-garda\/GARDAdosvj.jpg\" alt=\"Garda\" width=\"542\" height=\"700\" class=\"alignnone size-full wp-image-31799\" srcset=\"https:\/\/grad-export.hr\/web\/wp-content\/uploads\/elevated-model-garda\/GARDAdosvj.jpg 800w, https:\/\/grad-export.hr\/web\/wp-content\/uploads\/elevated-model-garda\/GARDAdosvj-312x403.jpg 312w, https:\/\/grad-export.hr\/web\/wp-content\/uploads\/elevated-model-garda\/GARDAdosvj-793x1024.jpg 793w, https:\/\/grad-export.hr\/web\/wp-content\/uploads\/elevated-model-garda\/GARDAdosvj-768x992.jpg 768w, https:\/\/grad-export.hr\/web\/wp-content\/uploads\/elevated-model-garda\/GARDAdosvj-570x736.jpg 570w\" sizes=\"(max-width: 542px) 100vw, 542px\" \/><\/div>\n<div class=\"descr-sdosvj\">\n<span><\/p>\n<h5>Mod\u00e8le: Garda<\/h5>\n<p>ALU base: imitation bois NOYER FONC\u00c9  FS<br \/>\nALU rev\u00eatement: RAL 9005<br \/>\nB\u00e2ton de tirage: UARB 160<br \/>\nRosace: RMMB<br \/>\nVerre lat\u00e9rale: DPL<br \/>\n<\/span>\n<\/div>\n<\/div>\n<hr>\n<div class=\"item\">\n<div class=\"slika-noviveci\"><img loading=\"lazy\" decoding=\"async\" class=\"alignleft size-full wp-image-23670\" src=\"https:\/\/grad-export.hr\/web\/wp-content\/uploads\/elevated-model-bolmen\/GARDA_resized.jpg\" alt=\"Model Garda\" width=\"400\" height=\"766\" srcset=\"https:\/\/grad-export.hr\/web\/wp-content\/uploads\/elevated-model-bolmen\/GARDA_resized.jpg 400w, https:\/\/grad-export.hr\/web\/wp-content\/uploads\/elevated-model-bolmen\/GARDA_resized-210x403.jpg 210w\" sizes=\"(max-width: 400px) 100vw, 400px\" \/><\/div>\n<div class=\"descr-noviveci\">\n<span><\/p>\n<h5>Mod\u00e8le: Garda<\/h5>\n<p>ALU base: RAL 9005<br \/>\nALU rev\u00eatement: RAL 9007<br \/>\nB\u00e2ton de tirage: UARB 160<br \/>\nRosace: RMMB<br \/>\n<\/span>\n<\/div>\n<\/div>\n","protected":false},"excerpt":{"rendered":"<p>Mod\u00e8le: Garda ALU base: imitation bois NOYER FONC\u00c9 FS ALU rev\u00eatement: RAL 9005 B\u00e2ton de tirage: UARB 160 Rosace: RMMB Verre lat\u00e9rale: DPL Mod\u00e8le: Garda ALU base: RAL 9005 ALU rev\u00eatement: RAL 9007 B\u00e2ton de tirage: UARB 160 Rosace: RMMB<\/p>\n","protected":false},"author":1,"featured_media":0,"parent":0,"menu_order":0,"comment_status":"closed","ping_status":"closed","template":"","meta":{"ngg_post_thumbnail":0,"__cvm_playback_settings":[],"__cvm_video_id":"","footnotes":""},"class_list":["post-25457","page","type-page","status-publish","czr-hentry"],"_links":{"self":[{"href":"https:\/\/grad-export.hr\/fr\/wp-json\/wp\/v2\/pages\/25457"}],"collection":[{"href":"https:\/\/grad-export.hr\/fr\/wp-json\/wp\/v2\/pages"}],"about":[{"href":"https:\/\/grad-export.hr\/fr\/wp-json\/wp\/v2\/types\/page"}],"author":[{"embeddable":true,"href":"https:\/\/grad-export.hr\/fr\/wp-json\/wp\/v2\/users\/1"}],"replies":[{"embeddable":true,"href":"https:\/\/grad-export.hr\/fr\/wp-json\/wp\/v2\/comments?post=25457"}],"version-history":[{"count":7,"href":"https:\/\/grad-export.hr\/fr\/wp-json\/wp\/v2\/pages\/25457\/revisions"}],"predecessor-version":[{"id":31955,"href":"https:\/\/grad-export.hr\/fr\/wp-json\/wp\/v2\/pages\/25457\/revisions\/31955"}],"wp:attachment":[{"href":"https:\/\/grad-export.hr\/fr\/wp-json\/wp\/v2\/media?parent=25457"}],"curies":[{"name":"wp","href":"https:\/\/api.w.org\/{rel}","templated":true}]}}