{"id":25459,"date":"2023-10-20T17:58:41","date_gmt":"2023-10-20T17:58:41","guid":{"rendered":"https:\/\/grad-export.hr\/elevated-modele-inari"},"modified":"2026-05-03T20:40:38","modified_gmt":"2026-05-03T20:40:38","slug":"elevated-modele-inari","status":"publish","type":"page","link":"https:\/\/grad-export.hr\/fr\/elevated-modele-inari","title":{"rendered":"Elevated &#8211; Mod\u00e8le Inari"},"content":{"rendered":"<div class=\"item\">\n<div><img loading=\"lazy\" decoding=\"async\" src=\"https:\/\/grad-export.hr\/web\/wp-content\/uploads\/Inari766vis.jpg\" alt=\"Elevated - model Inari\" width=\"593\" height=\"766\" class=\"alignnone size-full wp-image-31988\" srcset=\"https:\/\/grad-export.hr\/web\/wp-content\/uploads\/Inari766vis.jpg 593w, https:\/\/grad-export.hr\/web\/wp-content\/uploads\/Inari766vis-312x403.jpg 312w, https:\/\/grad-export.hr\/web\/wp-content\/uploads\/Inari766vis-570x736.jpg 570w\" sizes=\"(max-width: 593px) 100vw, 593px\" \/><\/div>\n<div class=\"descr-sdosvj\">\n<span><\/p>\n<h5>Mod\u00e8le: Inari<\/h5>\n<p>ALU base: RAL 9007<br \/>\nESG application: 6mm RAL 9005<br \/>\nALU rev\u00eatement: RAL 9007<br \/>\nB\u00e2ton de tirage: UARB 160<br \/>\nRosace: RMMB<br \/>\nVerre lat\u00e9rale: DPH<br \/>\n<\/span>\n<\/div>\n<\/div>\n<hr>\n<div class=\"item\">\n<div class=\"slika-noviveci\"><img loading=\"lazy\" decoding=\"async\" class=\"alignnone size-full wp-image-31755\" src=\"https:\/\/grad-export.hr\/web\/wp-content\/uploads\/elevated-model-bolmen\/1148x2197-INARI-esg-7043.jpg\" alt=\"Model Inari\" width=\"400\" height=\"766\" srcset=\"https:\/\/grad-export.hr\/web\/wp-content\/uploads\/elevated-model-bolmen\/1148x2197-INARI-esg-7043.jpg 400w, https:\/\/grad-export.hr\/web\/wp-content\/uploads\/elevated-model-bolmen\/1148x2197-INARI-esg-7043-210x403.jpg 210w\" sizes=\"(max-width: 400px) 100vw, 400px\" \/><\/div>\n<div class=\"descr-noviveci\">\n<span><\/p>\n<h5>Mod\u00e8le: Inari<\/h5>\n<p>ALU base: RAL 7043<br \/>\nESG application: 6mm RAL 9005<br \/>\nALU rev\u00eatement: RAL 7043<br \/>\nB\u00e2ton de tirage: UARB 160<br \/>\nRosace: RMMB<br \/>\n<\/span>\n<\/div>\n<\/div>\n<hr>\n<div class=\"item\">\n<div class=\"slika-noviveci\"><img loading=\"lazy\" decoding=\"async\" class=\"alignleft size-full wp-image-23675\" src=\"https:\/\/grad-export.hr\/web\/wp-content\/uploads\/elevated-model-bolmen\/INARI_resized.jpg\" alt=\"Model Inari\" width=\"400\" height=\"766\" srcset=\"https:\/\/grad-export.hr\/web\/wp-content\/uploads\/elevated-model-bolmen\/INARI_resized.jpg 400w, https:\/\/grad-export.hr\/web\/wp-content\/uploads\/elevated-model-bolmen\/INARI_resized-210x403.jpg 210w\" sizes=\"(max-width: 400px) 100vw, 400px\" \/><\/div>\n<div class=\"descr-noviveci\">\n<span><\/p>\n<h5>Mod\u00e8le: Inari<\/h5>\n<p>RAL couleur de base: 7039<br \/>\nESG application: 6mm RAL 9005<br \/>\nALU rev\u00eatement: RAL 7039<br \/>\nB\u00e2ton de tirage: UARB 160<br \/>\nRosace: RMMB<br \/>\n<\/span>\n<\/div>\n<\/div>\n","protected":false},"excerpt":{"rendered":"<p>Mod\u00e8le: Inari ALU base: RAL 9007 ESG application: 6mm RAL 9005 ALU rev\u00eatement: RAL 9007 B\u00e2ton de tirage: UARB 160 Rosace: RMMB Verre lat\u00e9rale: DPH Mod\u00e8le: Inari ALU base: RAL 7043 ESG application: 6mm RAL 9005 ALU rev\u00eatement: RAL 7043 B\u00e2ton de tirage: UARB 160 Rosace: RMMB Mod\u00e8le: Inari RAL couleur de base: 7039 ESG [&hellip;]<\/p>\n","protected":false},"author":1,"featured_media":0,"parent":0,"menu_order":0,"comment_status":"closed","ping_status":"closed","template":"","meta":{"ngg_post_thumbnail":0,"__cvm_playback_settings":[],"__cvm_video_id":"","footnotes":""},"class_list":["post-25459","page","type-page","status-publish","czr-hentry"],"_links":{"self":[{"href":"https:\/\/grad-export.hr\/fr\/wp-json\/wp\/v2\/pages\/25459"}],"collection":[{"href":"https:\/\/grad-export.hr\/fr\/wp-json\/wp\/v2\/pages"}],"about":[{"href":"https:\/\/grad-export.hr\/fr\/wp-json\/wp\/v2\/types\/page"}],"author":[{"embeddable":true,"href":"https:\/\/grad-export.hr\/fr\/wp-json\/wp\/v2\/users\/1"}],"replies":[{"embeddable":true,"href":"https:\/\/grad-export.hr\/fr\/wp-json\/wp\/v2\/comments?post=25459"}],"version-history":[{"count":9,"href":"https:\/\/grad-export.hr\/fr\/wp-json\/wp\/v2\/pages\/25459\/revisions"}],"predecessor-version":[{"id":31995,"href":"https:\/\/grad-export.hr\/fr\/wp-json\/wp\/v2\/pages\/25459\/revisions\/31995"}],"wp:attachment":[{"href":"https:\/\/grad-export.hr\/fr\/wp-json\/wp\/v2\/media?parent=25459"}],"curies":[{"name":"wp","href":"https:\/\/api.w.org\/{rel}","templated":true}]}}