{"id":25461,"date":"2023-10-20T18:01:14","date_gmt":"2023-10-20T18:01:14","guid":{"rendered":"https:\/\/grad-export.hr\/elevated-modele-langoa"},"modified":"2025-02-15T12:46:00","modified_gmt":"2025-02-15T12:46:00","slug":"elevated-modele-langoa","status":"publish","type":"page","link":"https:\/\/grad-export.hr\/fr\/elevated-modele-langoa","title":{"rendered":"Elevated &#8211; Mod\u00e8le Langoa"},"content":{"rendered":"<div class=\"item\">\n<div class=\"slika-noviveci\"><img loading=\"lazy\" decoding=\"async\" class=\"alignleft size-full wp-image-23680\" src=\"https:\/\/grad-export.hr\/web\/wp-content\/uploads\/elevated-model-bolmen\/LANGOA__resized.jpg\" alt=\"Model Langoa\" width=\"400\" height=\"766\" srcset=\"https:\/\/grad-export.hr\/web\/wp-content\/uploads\/elevated-model-bolmen\/LANGOA__resized.jpg 400w, https:\/\/grad-export.hr\/web\/wp-content\/uploads\/elevated-model-bolmen\/LANGOA__resized-210x403.jpg 210w\" sizes=\"(max-width: 400px) 100vw, 400px\" \/><\/div>\n<div class=\"descr-noviveci\">\n<span><\/p>\n<h5>Mod\u00e8le: Langoa<\/h5>\n<p>RAL couleur de base: 9003<br \/>\nCouleur suppl\u00e9mentaire:<br \/>\nDriftwood Grey Gloss<br \/>\nVerre: Satinato<br \/>\nB\u00e2ton de tirage: KCK 160<br \/>\nRosace: RMM<br \/>\n<\/span>\n<\/div>\n<\/div>\n","protected":false},"excerpt":{"rendered":"<p>Mod\u00e8le: Langoa RAL couleur de base: 9003 Couleur suppl\u00e9mentaire: Driftwood Grey Gloss Verre: Satinato B\u00e2ton de tirage: KCK 160 Rosace: RMM<\/p>\n","protected":false},"author":1,"featured_media":0,"parent":0,"menu_order":0,"comment_status":"closed","ping_status":"closed","template":"","meta":{"ngg_post_thumbnail":0,"__cvm_playback_settings":[],"__cvm_video_id":"","footnotes":""},"class_list":["post-25461","page","type-page","status-publish","czr-hentry"],"_links":{"self":[{"href":"https:\/\/grad-export.hr\/fr\/wp-json\/wp\/v2\/pages\/25461"}],"collection":[{"href":"https:\/\/grad-export.hr\/fr\/wp-json\/wp\/v2\/pages"}],"about":[{"href":"https:\/\/grad-export.hr\/fr\/wp-json\/wp\/v2\/types\/page"}],"author":[{"embeddable":true,"href":"https:\/\/grad-export.hr\/fr\/wp-json\/wp\/v2\/users\/1"}],"replies":[{"embeddable":true,"href":"https:\/\/grad-export.hr\/fr\/wp-json\/wp\/v2\/comments?post=25461"}],"version-history":[{"count":3,"href":"https:\/\/grad-export.hr\/fr\/wp-json\/wp\/v2\/pages\/25461\/revisions"}],"predecessor-version":[{"id":30093,"href":"https:\/\/grad-export.hr\/fr\/wp-json\/wp\/v2\/pages\/25461\/revisions\/30093"}],"wp:attachment":[{"href":"https:\/\/grad-export.hr\/fr\/wp-json\/wp\/v2\/media?parent=25461"}],"curies":[{"name":"wp","href":"https:\/\/api.w.org\/{rel}","templated":true}]}}