{"id":25469,"date":"2023-10-20T18:09:59","date_gmt":"2023-10-20T18:09:59","guid":{"rendered":"https:\/\/grad-export.hr\/elevated-modele-salmaa"},"modified":"2026-05-03T20:25:20","modified_gmt":"2026-05-03T20:25:20","slug":"elevated-modele-salmaa","status":"publish","type":"page","link":"https:\/\/grad-export.hr\/fr\/elevated-modele-salmaa","title":{"rendered":"Elevated &#8211; Mod\u00e8le Salmaa"},"content":{"rendered":"<div class=\"item\">\n<div class=\"slika-sdosvj\"><img loading=\"lazy\" decoding=\"async\" src=\"https:\/\/grad-export.hr\/web\/wp-content\/uploads\/elevated-model-salmaa\/salmaa800x765.jpg\" alt=\"Elevated - model Salmaa\" width=\"800\" height=\"765\" class=\"alignnone size-full wp-image-31966\" srcset=\"https:\/\/grad-export.hr\/web\/wp-content\/uploads\/elevated-model-salmaa\/salmaa800x765.jpg 800w, https:\/\/grad-export.hr\/web\/wp-content\/uploads\/elevated-model-salmaa\/salmaa800x765-403x385.jpg 403w, https:\/\/grad-export.hr\/web\/wp-content\/uploads\/elevated-model-salmaa\/salmaa800x765-768x734.jpg 768w, https:\/\/grad-export.hr\/web\/wp-content\/uploads\/elevated-model-salmaa\/salmaa800x765-570x545.jpg 570w\" sizes=\"(max-width: 800px) 100vw, 800px\" \/><\/div>\n<div class=\"descr-sdosvj\">\n<span><\/p>\n<h5>Mod\u00e8le: Salmaa<\/h5>\n<p>ALU base: RAL 9016<br \/>\nALU rev\u00eatement: imitation bois NOYER FONC\u00c9 FS<br \/>\nVerre: DPH<br \/>\nB\u00e2ton de tirage: OCR 160<br \/>\nRosace: RMM<br \/>\nVerres lat\u00e9rales: DPH<br \/>\n<\/span>\n<\/div>\n<\/div>\n<hr>\n<div class=\"item\">\n<div class=\"slika-noviveci\"><img loading=\"lazy\" decoding=\"async\" class=\"alignleft size-full wp-image-23695\" src=\"https:\/\/grad-export.hr\/web\/wp-content\/uploads\/elevated-model-bolmen\/SALMAA_resized.jpg\" alt=\"Model Salmaa\" width=\"400\" height=\"766\" srcset=\"https:\/\/grad-export.hr\/web\/wp-content\/uploads\/elevated-model-bolmen\/SALMAA_resized.jpg 400w, https:\/\/grad-export.hr\/web\/wp-content\/uploads\/elevated-model-bolmen\/SALMAA_resized-210x403.jpg 210w\" sizes=\"(max-width: 400px) 100vw, 400px\" \/><\/div>\n<div class=\"descr-noviveci\">\n<span><\/p>\n<h5>Mod\u00e8le: Salmaa<\/h5>\n<p>ALU base: RAL 9006<br \/>\nALU rev\u00eatement: RAL 7016<br \/>\nVerre: Satinato<br \/>\nB\u00e2ton de tirage: KCK 160<br \/>\nRosace: RMM<br \/>\n<\/span>\n<\/div>\n<\/div>\n","protected":false},"excerpt":{"rendered":"<p>Mod\u00e8le: Salmaa ALU base: RAL 9016 ALU rev\u00eatement: imitation bois NOYER FONC\u00c9 FS Verre: DPH B\u00e2ton de tirage: OCR 160 Rosace: RMM Verres lat\u00e9rales: DPH Mod\u00e8le: Salmaa ALU base: RAL 9006 ALU rev\u00eatement: RAL 7016 Verre: Satinato B\u00e2ton de tirage: KCK 160 Rosace: RMM<\/p>\n","protected":false},"author":1,"featured_media":0,"parent":0,"menu_order":0,"comment_status":"closed","ping_status":"closed","template":"","meta":{"ngg_post_thumbnail":0,"__cvm_playback_settings":[],"__cvm_video_id":"","footnotes":""},"class_list":["post-25469","page","type-page","status-publish","czr-hentry"],"_links":{"self":[{"href":"https:\/\/grad-export.hr\/fr\/wp-json\/wp\/v2\/pages\/25469"}],"collection":[{"href":"https:\/\/grad-export.hr\/fr\/wp-json\/wp\/v2\/pages"}],"about":[{"href":"https:\/\/grad-export.hr\/fr\/wp-json\/wp\/v2\/types\/page"}],"author":[{"embeddable":true,"href":"https:\/\/grad-export.hr\/fr\/wp-json\/wp\/v2\/users\/1"}],"replies":[{"embeddable":true,"href":"https:\/\/grad-export.hr\/fr\/wp-json\/wp\/v2\/comments?post=25469"}],"version-history":[{"count":5,"href":"https:\/\/grad-export.hr\/fr\/wp-json\/wp\/v2\/pages\/25469\/revisions"}],"predecessor-version":[{"id":31983,"href":"https:\/\/grad-export.hr\/fr\/wp-json\/wp\/v2\/pages\/25469\/revisions\/31983"}],"wp:attachment":[{"href":"https:\/\/grad-export.hr\/fr\/wp-json\/wp\/v2\/media?parent=25469"}],"curies":[{"name":"wp","href":"https:\/\/api.w.org\/{rel}","templated":true}]}}