{"id":25483,"date":"2023-10-20T18:24:15","date_gmt":"2023-10-20T18:24:15","guid":{"rendered":"https:\/\/grad-export.hr\/refined-modele-spine"},"modified":"2025-02-15T11:01:15","modified_gmt":"2025-02-15T11:01:15","slug":"refined-modele-spine","status":"publish","type":"page","link":"https:\/\/grad-export.hr\/fr\/refined-modele-spine","title":{"rendered":"Refined &#8211; Mod\u00e8le Spine"},"content":{"rendered":"<div class=\"item\">\n<div class=\"slika-noviveci\"><img loading=\"lazy\" decoding=\"async\" class=\"alignleft size-full wp-image-23507\" src=\"https:\/\/grad-export.hr\/web\/wp-content\/uploads\/refined-model-canary\/SPINE-400x766-1.jpg\" alt=\"Model Spine\" width=\"400\" height=\"766\" srcset=\"https:\/\/grad-export.hr\/web\/wp-content\/uploads\/refined-model-canary\/SPINE-400x766-1.jpg 400w, https:\/\/grad-export.hr\/web\/wp-content\/uploads\/refined-model-canary\/SPINE-400x766-1-210x403.jpg 210w\" sizes=\"(max-width: 400px) 100vw, 400px\" \/><\/div>\n<div class=\"descr-noviveci\">\n<span><\/p>\n<h5>Mod\u00e8le: Spine<\/h5>\n<p>Couleur de base: Ch\u00eane fonc\u00e9 FS<br \/>\nRAL couleur des profils: 9005<br \/>\nVerre: Satinato<br \/>\nB\u00e2ton de tirage: KCKB 160<br \/>\nRosace: RMMB<br \/>\n<\/span>\n<\/div>\n<\/div>\n","protected":false},"excerpt":{"rendered":"<p>Mod\u00e8le: Spine Couleur de base: Ch\u00eane fonc\u00e9 FS RAL couleur des profils: 9005 Verre: Satinato B\u00e2ton de tirage: KCKB 160 Rosace: RMMB<\/p>\n","protected":false},"author":1,"featured_media":0,"parent":0,"menu_order":0,"comment_status":"closed","ping_status":"closed","template":"","meta":{"ngg_post_thumbnail":0,"__cvm_playback_settings":[],"__cvm_video_id":"","footnotes":""},"class_list":["post-25483","page","type-page","status-publish","czr-hentry"],"_links":{"self":[{"href":"https:\/\/grad-export.hr\/fr\/wp-json\/wp\/v2\/pages\/25483"}],"collection":[{"href":"https:\/\/grad-export.hr\/fr\/wp-json\/wp\/v2\/pages"}],"about":[{"href":"https:\/\/grad-export.hr\/fr\/wp-json\/wp\/v2\/types\/page"}],"author":[{"embeddable":true,"href":"https:\/\/grad-export.hr\/fr\/wp-json\/wp\/v2\/users\/1"}],"replies":[{"embeddable":true,"href":"https:\/\/grad-export.hr\/fr\/wp-json\/wp\/v2\/comments?post=25483"}],"version-history":[{"count":4,"href":"https:\/\/grad-export.hr\/fr\/wp-json\/wp\/v2\/pages\/25483\/revisions"}],"predecessor-version":[{"id":30051,"href":"https:\/\/grad-export.hr\/fr\/wp-json\/wp\/v2\/pages\/25483\/revisions\/30051"}],"wp:attachment":[{"href":"https:\/\/grad-export.hr\/fr\/wp-json\/wp\/v2\/media?parent=25483"}],"curies":[{"name":"wp","href":"https:\/\/api.w.org\/{rel}","templated":true}]}}