{"id":29274,"date":"2025-02-11T07:36:38","date_gmt":"2025-02-11T07:36:38","guid":{"rendered":"https:\/\/grad-export.hr\/terra-modele-crater"},"modified":"2025-02-11T07:49:28","modified_gmt":"2025-02-11T07:49:28","slug":"terra-modele-crater","status":"publish","type":"page","link":"https:\/\/grad-export.hr\/fr\/terra-modele-crater","title":{"rendered":"Terra &#8211; Mod\u00e8le Crater"},"content":{"rendered":"<div class=\"item\">\n<div class=\"slika-noviveci\"><img loading=\"lazy\" decoding=\"async\" src=\"https:\/\/grad-export.hr\/web\/wp-content\/uploads\/terra-model-crater\/CRATER.jpg\" alt=\"Crater\" width=\"400\" height=\"800\" class=\"alignleft size-full wp-image-28873\" srcset=\"https:\/\/grad-export.hr\/web\/wp-content\/uploads\/terra-model-crater\/CRATER.jpg 400w, https:\/\/grad-export.hr\/web\/wp-content\/uploads\/terra-model-crater\/CRATER-202x403.jpg 202w\" sizes=\"(max-width: 400px) 100vw, 400px\" \/><\/div>\n<div class=\"descr-noviveci\">\n<span><\/p>\n<h5>Mod\u00e8le: CRATER<\/h5>\n<p>Plaque: BASALT GREY<br \/>\nApplication: 9005FS<br \/>\nB\u00e2ton de tirage: KCKB 160<br \/>\nVerre: Satinato<br \/>\nRosace: RMMB<br \/>\n<\/span>\n<\/div>\n<\/div>\n<hr>\n<div class=\"item\">\n<div class=\"slika-noviveci\"><img loading=\"lazy\" decoding=\"async\" src=\"https:\/\/grad-export.hr\/web\/wp-content\/uploads\/terra-model-crater\/CRATER-nero-zimbabwe-pfl-copy.jpg\" alt=\"Crater\" width=\"400\" height=\"800\" class=\"alignleft size-full wp-image-29120\" srcset=\"https:\/\/grad-export.hr\/web\/wp-content\/uploads\/terra-model-crater\/CRATER-nero-zimbabwe-pfl-copy.jpg 400w, https:\/\/grad-export.hr\/web\/wp-content\/uploads\/terra-model-crater\/CRATER-nero-zimbabwe-pfl-copy-202x403.jpg 202w\" sizes=\"(max-width: 400px) 100vw, 400px\" \/><\/div>\n<div class=\"descr-noviveci\">\n<span><\/p>\n<h5>Mod\u00e8le: CRATER<\/h5>\n<p>Plaque: NERO ZIMBABWE<br \/>\nApplication: 9005FS<br \/>\nB\u00e2ton de tirage: KCKB 160<br \/>\nVerre: PFL<br \/>\nRosace: RMMB<br \/>\n<\/span>\n<\/div>\n<\/div>\n","protected":false},"excerpt":{"rendered":"<p>Mod\u00e8le: CRATER Plaque: BASALT GREY Application: 9005FS B\u00e2ton de tirage: KCKB 160 Verre: Satinato Rosace: RMMB Mod\u00e8le: CRATER Plaque: NERO ZIMBABWE Application: 9005FS B\u00e2ton de tirage: KCKB 160 Verre: PFL Rosace: RMMB<\/p>\n","protected":false},"author":1,"featured_media":0,"parent":0,"menu_order":0,"comment_status":"closed","ping_status":"closed","template":"","meta":{"ngg_post_thumbnail":0,"__cvm_playback_settings":[],"__cvm_video_id":"","footnotes":""},"class_list":["post-29274","page","type-page","status-publish","czr-hentry"],"_links":{"self":[{"href":"https:\/\/grad-export.hr\/fr\/wp-json\/wp\/v2\/pages\/29274"}],"collection":[{"href":"https:\/\/grad-export.hr\/fr\/wp-json\/wp\/v2\/pages"}],"about":[{"href":"https:\/\/grad-export.hr\/fr\/wp-json\/wp\/v2\/types\/page"}],"author":[{"embeddable":true,"href":"https:\/\/grad-export.hr\/fr\/wp-json\/wp\/v2\/users\/1"}],"replies":[{"embeddable":true,"href":"https:\/\/grad-export.hr\/fr\/wp-json\/wp\/v2\/comments?post=29274"}],"version-history":[{"count":2,"href":"https:\/\/grad-export.hr\/fr\/wp-json\/wp\/v2\/pages\/29274\/revisions"}],"predecessor-version":[{"id":29288,"href":"https:\/\/grad-export.hr\/fr\/wp-json\/wp\/v2\/pages\/29274\/revisions\/29288"}],"wp:attachment":[{"href":"https:\/\/grad-export.hr\/fr\/wp-json\/wp\/v2\/media?parent=29274"}],"curies":[{"name":"wp","href":"https:\/\/api.w.org\/{rel}","templated":true}]}}