{"id":29276,"date":"2025-02-11T07:37:21","date_gmt":"2025-02-11T07:37:21","guid":{"rendered":"https:\/\/grad-export.hr\/terra-modele-bryce"},"modified":"2025-02-11T07:45:29","modified_gmt":"2025-02-11T07:45:29","slug":"terra-modele-bryce","status":"publish","type":"page","link":"https:\/\/grad-export.hr\/fr\/terra-modele-bryce","title":{"rendered":"Terra &#8211; Mod\u00e8le Bryce"},"content":{"rendered":"<div class=\"item\">\n<div class=\"slika-noviveci\"><img loading=\"lazy\" decoding=\"async\" class=\"alignleft size-large wp-image-28681\" src=\"https:\/\/grad-export.hr\/web\/wp-content\/uploads\/novi-veci\/BRYCE_IRON-COPPER.jpg\" alt=\"Bryce\" width=\"400\" height=\"800\" srcset=\"https:\/\/grad-export.hr\/web\/wp-content\/uploads\/novi-veci\/BRYCE_IRON-COPPER.jpg 400w, https:\/\/grad-export.hr\/web\/wp-content\/uploads\/novi-veci\/BRYCE_IRON-COPPER-202x403.jpg 202w\" sizes=\"(max-width: 400px) 100vw, 400px\" \/><\/div>\n<div class=\"descr-noviveci\">\n<span><\/p>\n<h5>Mod\u00e8le: BRYCE<\/h5>\n<p>Plaque: IRON COPPER<br \/>\nApplication: 9005FS<br \/>\nB\u00e2ton de tirage: KCKB 160<br \/>\nVerre: Satinato<br \/>\nRosace: RMMB<br \/>\n<\/span>\n<\/div>\n<\/div>\n<hr>\n<div class=\"item\">\n<div class=\"slika-noviveci\"><img loading=\"lazy\" decoding=\"async\" src=\"https:\/\/grad-export.hr\/web\/wp-content\/uploads\/terra-model-bryce\/basalt-black-dph-copy.jpg\" alt=\"Bryce\" width=\"400\" height=\"800\" class=\"alignleft size-full wp-image-29004\" srcset=\"https:\/\/grad-export.hr\/web\/wp-content\/uploads\/terra-model-bryce\/basalt-black-dph-copy.jpg 400w, https:\/\/grad-export.hr\/web\/wp-content\/uploads\/terra-model-bryce\/basalt-black-dph-copy-202x403.jpg 202w\" sizes=\"(max-width: 400px) 100vw, 400px\" \/><\/div>\n<div class=\"descr-noviveci\">\n<span><\/p>\n<h5>Mod\u00e8le: BRYCE<\/h5>\n<p>Plaque: BASALT BLACK<br \/>\nApplication: 9005FS<br \/>\nB\u00e2ton de tirage: KCKB 160<br \/>\nVerre: DPH<br \/>\nRosace: RMMB<br \/>\n<\/span>\n<\/div>\n<\/div>\n","protected":false},"excerpt":{"rendered":"<p>Mod\u00e8le: BRYCE Plaque: IRON COPPER Application: 9005FS B\u00e2ton de tirage: KCKB 160 Verre: Satinato Rosace: RMMB Mod\u00e8le: BRYCE Plaque: BASALT BLACK Application: 9005FS B\u00e2ton de tirage: KCKB 160 Verre: DPH Rosace: RMMB<\/p>\n","protected":false},"author":1,"featured_media":0,"parent":0,"menu_order":0,"comment_status":"closed","ping_status":"closed","template":"","meta":{"ngg_post_thumbnail":0,"__cvm_playback_settings":[],"__cvm_video_id":"","footnotes":""},"class_list":["post-29276","page","type-page","status-publish","czr-hentry"],"_links":{"self":[{"href":"https:\/\/grad-export.hr\/fr\/wp-json\/wp\/v2\/pages\/29276"}],"collection":[{"href":"https:\/\/grad-export.hr\/fr\/wp-json\/wp\/v2\/pages"}],"about":[{"href":"https:\/\/grad-export.hr\/fr\/wp-json\/wp\/v2\/types\/page"}],"author":[{"embeddable":true,"href":"https:\/\/grad-export.hr\/fr\/wp-json\/wp\/v2\/users\/1"}],"replies":[{"embeddable":true,"href":"https:\/\/grad-export.hr\/fr\/wp-json\/wp\/v2\/comments?post=29276"}],"version-history":[{"count":2,"href":"https:\/\/grad-export.hr\/fr\/wp-json\/wp\/v2\/pages\/29276\/revisions"}],"predecessor-version":[{"id":29284,"href":"https:\/\/grad-export.hr\/fr\/wp-json\/wp\/v2\/pages\/29276\/revisions\/29284"}],"wp:attachment":[{"href":"https:\/\/grad-export.hr\/fr\/wp-json\/wp\/v2\/media?parent=29276"}],"curies":[{"name":"wp","href":"https:\/\/api.w.org\/{rel}","templated":true}]}}