{"id":31735,"date":"2026-04-21T15:09:15","date_gmt":"2026-04-21T15:09:15","guid":{"rendered":"https:\/\/grad-export.hr\/garantie"},"modified":"2026-04-21T15:19:44","modified_gmt":"2026-04-21T15:19:44","slug":"garantie","status":"publish","type":"page","link":"https:\/\/grad-export.hr\/fr\/garantie","title":{"rendered":"Garantie"},"content":{"rendered":"<p>Depuis des ann\u00e9es, Grad-export est synonyme d&#8217;une combinaison unique de qualit\u00e9, d&#8217;innovation et de design. Forts d&#8217;une riche exp\u00e9rience, d&#8217;un savoir-faire pointu et de proc\u00e9d\u00e9s de production ultramodernes, nous fabriquons depuis plus de 30 ans des panneaux d\u00e9coratifs r\u00e9pondant aux crit\u00e8res de qualit\u00e9 les plus exigeants.<\/p>\n<p><a href=\"https:\/\/grad-export.hr\/web\/pdf\/2026_LISTE-DES-GARANTIES_GRAD-EXPORT.pdf\" target=\"_blank\" rel=\"noopener\">Liste des garanties (pdf)<\/a><\/p>\n","protected":false},"excerpt":{"rendered":"<p>Depuis des ann\u00e9es, Grad-export est synonyme d&#8217;une combinaison unique de qualit\u00e9, d&#8217;innovation et de design. Forts d&#8217;une riche exp\u00e9rience, d&#8217;un savoir-faire pointu et de proc\u00e9d\u00e9s de production ultramodernes, nous fabriquons depuis plus de 30 ans des panneaux d\u00e9coratifs r\u00e9pondant aux crit\u00e8res de qualit\u00e9 les plus exigeants. Liste des garanties (pdf)<\/p>\n","protected":false},"author":1,"featured_media":0,"parent":0,"menu_order":0,"comment_status":"closed","ping_status":"closed","template":"","meta":{"ngg_post_thumbnail":0,"__cvm_playback_settings":[],"__cvm_video_id":"","footnotes":""},"class_list":["post-31735","page","type-page","status-publish","czr-hentry"],"_links":{"self":[{"href":"https:\/\/grad-export.hr\/fr\/wp-json\/wp\/v2\/pages\/31735"}],"collection":[{"href":"https:\/\/grad-export.hr\/fr\/wp-json\/wp\/v2\/pages"}],"about":[{"href":"https:\/\/grad-export.hr\/fr\/wp-json\/wp\/v2\/types\/page"}],"author":[{"embeddable":true,"href":"https:\/\/grad-export.hr\/fr\/wp-json\/wp\/v2\/users\/1"}],"replies":[{"embeddable":true,"href":"https:\/\/grad-export.hr\/fr\/wp-json\/wp\/v2\/comments?post=31735"}],"version-history":[{"count":4,"href":"https:\/\/grad-export.hr\/fr\/wp-json\/wp\/v2\/pages\/31735\/revisions"}],"predecessor-version":[{"id":31744,"href":"https:\/\/grad-export.hr\/fr\/wp-json\/wp\/v2\/pages\/31735\/revisions\/31744"}],"wp:attachment":[{"href":"https:\/\/grad-export.hr\/fr\/wp-json\/wp\/v2\/media?parent=31735"}],"curies":[{"name":"wp","href":"https:\/\/api.w.org\/{rel}","templated":true}]}}