{"id":3206,"date":"2015-03-17T20:30:41","date_gmt":"2015-03-17T20:30:41","guid":{"rendered":"http:\/\/grad-export.hr\/web\/?page_id=3206"},"modified":"2025-02-12T06:31:52","modified_gmt":"2025-02-12T06:31:52","slug":"zut","status":"publish","type":"page","link":"https:\/\/grad-export.hr\/fr\/zut","title":{"rendered":"Modern &#8211; Mod\u00e8le \u017dUT"},"content":{"rendered":"<div class=\"item\">\n<div class=\"slika-kat\"><img loading=\"lazy\" decoding=\"async\" class=\"alignnone size-full wp-image-2196\" src=\"http:\/\/grad-export.hr\/web\/wp-content\/uploads\/moderna-model-zut\/zut3.jpg\" alt=\"Moderna - model \u017dut\" width=\"261\" height=\"542\" srcset=\"https:\/\/grad-export.hr\/web\/wp-content\/uploads\/moderna-model-zut\/zut3.jpg 261w, https:\/\/grad-export.hr\/web\/wp-content\/uploads\/moderna-model-zut\/zut3-194x403.jpg 194w\" sizes=\"(max-width: 261px) 100vw, 261px\" \/><\/div>\n<div class=\"descr-kat\">\n<h5>SV-\u017dUT-ML-1<\/h5>\n<\/div>\n<\/div>\n<hr>\n<div class=\"item\">\n<div class=\"slika-kat\"><img loading=\"lazy\" decoding=\"async\" class=\"alignnone size-full wp-image-2197\" src=\"http:\/\/grad-export.hr\/web\/wp-content\/uploads\/moderna-model-zut\/zut4.jpg\" alt=\"Moderna - model \u017dut\" width=\"261\" height=\"543\" srcset=\"https:\/\/grad-export.hr\/web\/wp-content\/uploads\/moderna-model-zut\/zut4.jpg 261w, https:\/\/grad-export.hr\/web\/wp-content\/uploads\/moderna-model-zut\/zut4-193x403.jpg 193w\" sizes=\"(max-width: 261px) 100vw, 261px\" \/><\/div>\n<div class=\"descr-kat\">\n<h5>INXV-\u017dUT-DPL-1<\/h5>\n<\/div>\n<\/div>\n<hr>\n<div class=\"item\">\n<div class=\"slika-kat\"><img loading=\"lazy\" decoding=\"async\" class=\"alignnone size-full wp-image-2198\" src=\"http:\/\/grad-export.hr\/web\/wp-content\/uploads\/moderna-model-zut\/zut5.jpg\" alt=\"Moderna - model \u017dut\" width=\"261\" height=\"543\" srcset=\"https:\/\/grad-export.hr\/web\/wp-content\/uploads\/moderna-model-zut\/zut5.jpg 261w, https:\/\/grad-export.hr\/web\/wp-content\/uploads\/moderna-model-zut\/zut5-193x403.jpg 193w\" sizes=\"(max-width: 261px) 100vw, 261px\" \/><\/div>\n<div class=\"descr-kat\">\n<h5>CV-\u017dUT-FAB-1<\/h5>\n<\/div>\n<\/div>\n<hr>\n<div class=\"item\">\n<div class=\"slika-kat\"><img loading=\"lazy\" decoding=\"async\" class=\"alignnone size-full wp-image-2199\" src=\"http:\/\/grad-export.hr\/web\/wp-content\/uploads\/moderna-model-zut\/zut6.jpg\" alt=\"Moderna - model \u017dut\" width=\"261\" height=\"543\" srcset=\"https:\/\/grad-export.hr\/web\/wp-content\/uploads\/moderna-model-zut\/zut6.jpg 261w, https:\/\/grad-export.hr\/web\/wp-content\/uploads\/moderna-model-zut\/zut6-193x403.jpg 193w\" sizes=\"(max-width: 261px) 100vw, 261px\" \/><\/div>\n<div class=\"descr-kat\">\n<h5>\u017dUT-VC-1<\/h5>\n<\/div>\n<\/div>\n","protected":false},"excerpt":{"rendered":"<p>SV-\u017dUT-ML-1 INXV-\u017dUT-DPL-1 CV-\u017dUT-FAB-1 \u017dUT-VC-1<\/p>\n","protected":false},"author":1,"featured_media":11382,"parent":0,"menu_order":0,"comment_status":"open","ping_status":"open","template":"","meta":{"ngg_post_thumbnail":0,"__cvm_playback_settings":[],"__cvm_video_id":"","footnotes":""},"class_list":["post-3206","page","type-page","status-publish","has-post-thumbnail","czr-hentry"],"_links":{"self":[{"href":"https:\/\/grad-export.hr\/fr\/wp-json\/wp\/v2\/pages\/3206"}],"collection":[{"href":"https:\/\/grad-export.hr\/fr\/wp-json\/wp\/v2\/pages"}],"about":[{"href":"https:\/\/grad-export.hr\/fr\/wp-json\/wp\/v2\/types\/page"}],"author":[{"embeddable":true,"href":"https:\/\/grad-export.hr\/fr\/wp-json\/wp\/v2\/users\/1"}],"replies":[{"embeddable":true,"href":"https:\/\/grad-export.hr\/fr\/wp-json\/wp\/v2\/comments?post=3206"}],"version-history":[{"count":5,"href":"https:\/\/grad-export.hr\/fr\/wp-json\/wp\/v2\/pages\/3206\/revisions"}],"predecessor-version":[{"id":29375,"href":"https:\/\/grad-export.hr\/fr\/wp-json\/wp\/v2\/pages\/3206\/revisions\/29375"}],"wp:featuredmedia":[{"embeddable":true,"href":"https:\/\/grad-export.hr\/fr\/wp-json\/wp\/v2\/media\/11382"}],"wp:attachment":[{"href":"https:\/\/grad-export.hr\/fr\/wp-json\/wp\/v2\/media?parent=3206"}],"curies":[{"name":"wp","href":"https:\/\/api.w.org\/{rel}","templated":true}]}}