{"id":3410,"date":"2015-03-21T19:56:21","date_gmt":"2015-03-21T19:56:21","guid":{"rendered":"http:\/\/grad-export.hr\/web\/?page_id=3410"},"modified":"2025-02-28T10:58:35","modified_gmt":"2025-02-28T10:58:35","slug":"model-don","status":"publish","type":"page","link":"https:\/\/grad-export.hr\/fr\/model-don","title":{"rendered":"Simple &#8211; Mod\u00e8le Don"},"content":{"rendered":"<div class=\"item\">\n<div class=\"slika-elite\">\n<div class=\"slika-noborder\"><img loading=\"lazy\" decoding=\"async\" class=\"alignnone size-full wp-image-1121\" src=\"http:\/\/grad-export.hr\/web\/wp-content\/uploads\/simple-model-don\/don1.jpg\" alt=\"Simple - model DON\" width=\"261\" height=\"536\" srcset=\"https:\/\/grad-export.hr\/web\/wp-content\/uploads\/simple-model-don\/don1.jpg 261w, https:\/\/grad-export.hr\/web\/wp-content\/uploads\/simple-model-don\/don1-196x403.jpg 196w\" sizes=\"(max-width: 261px) 100vw, 261px\" \/><\/div>\n<\/div>\n<div class=\"descr-elite\">\n<span><\/p>\n<h5>Mod\u00e8le: Don<\/h5>\n<p>Couleur: GRIGIO ANTICO<br \/>\nApplication: BROSS\u00c9<br \/>\nB\u00e2ton de tirage:\u00a0DPS 115h<br \/>\nRosace: RKP 50<br \/>\n<\/span>\n<\/div>\n<\/div>\n<hr>\n<div class=\"item\">\n<div class=\"slika-elite\">\n<div class=\"slika-noborder\"><img loading=\"lazy\" decoding=\"async\" class=\"alignnone size-full wp-image-1122\" src=\"http:\/\/grad-export.hr\/web\/wp-content\/uploads\/simple-model-don\/don2.jpg\" alt=\"Simple - model DON\" width=\"261\" height=\"536\" srcset=\"https:\/\/grad-export.hr\/web\/wp-content\/uploads\/simple-model-don\/don2.jpg 261w, https:\/\/grad-export.hr\/web\/wp-content\/uploads\/simple-model-don\/don2-196x403.jpg 196w\" sizes=\"(max-width: 261px) 100vw, 261px\" \/><\/div>\n<\/div>\n<div class=\"descr-elite\">\n<span><\/p>\n<h5>Mod\u00e8le: Don<\/h5>\n<p>Couleur RAL: 6005<br \/>\nApplication: BROSS\u00c9<br \/>\nB\u00e2ton de tirage: DPS 750h<br \/>\nRosace: RKP 50<br \/>\n<\/span>\n<\/div>\n<\/div>\n","protected":false},"excerpt":{"rendered":"<p>Mod\u00e8le: Don Couleur: GRIGIO ANTICO Application: BROSS\u00c9 B\u00e2ton de tirage:\u00a0DPS 115h Rosace: RKP 50 Mod\u00e8le: Don Couleur RAL: 6005 Application: BROSS\u00c9 B\u00e2ton de tirage: DPS 750h Rosace: RKP 50<\/p>\n","protected":false},"author":1,"featured_media":9130,"parent":0,"menu_order":0,"comment_status":"open","ping_status":"open","template":"","meta":{"ngg_post_thumbnail":0,"__cvm_playback_settings":[],"__cvm_video_id":"","footnotes":""},"class_list":["post-3410","page","type-page","status-publish","has-post-thumbnail","czr-hentry"],"_links":{"self":[{"href":"https:\/\/grad-export.hr\/fr\/wp-json\/wp\/v2\/pages\/3410"}],"collection":[{"href":"https:\/\/grad-export.hr\/fr\/wp-json\/wp\/v2\/pages"}],"about":[{"href":"https:\/\/grad-export.hr\/fr\/wp-json\/wp\/v2\/types\/page"}],"author":[{"embeddable":true,"href":"https:\/\/grad-export.hr\/fr\/wp-json\/wp\/v2\/users\/1"}],"replies":[{"embeddable":true,"href":"https:\/\/grad-export.hr\/fr\/wp-json\/wp\/v2\/comments?post=3410"}],"version-history":[{"count":6,"href":"https:\/\/grad-export.hr\/fr\/wp-json\/wp\/v2\/pages\/3410\/revisions"}],"predecessor-version":[{"id":30477,"href":"https:\/\/grad-export.hr\/fr\/wp-json\/wp\/v2\/pages\/3410\/revisions\/30477"}],"wp:featuredmedia":[{"embeddable":true,"href":"https:\/\/grad-export.hr\/fr\/wp-json\/wp\/v2\/media\/9130"}],"wp:attachment":[{"href":"https:\/\/grad-export.hr\/fr\/wp-json\/wp\/v2\/media?parent=3410"}],"curies":[{"name":"wp","href":"https:\/\/api.w.org\/{rel}","templated":true}]}}