{"id":3482,"date":"2015-03-25T15:44:06","date_gmt":"2015-03-25T15:44:06","guid":{"rendered":"http:\/\/grad-export.hr\/web\/?page_id=3482"},"modified":"2025-03-01T14:04:49","modified_gmt":"2025-03-01T14:04:49","slug":"model-seine","status":"publish","type":"page","link":"https:\/\/grad-export.hr\/fr\/model-seine","title":{"rendered":"Simple &#8211; Mod\u00e8le Seine"},"content":{"rendered":"<div class=\"item\">\n<div class=\"slika-elite\">\n<div class=\"slika-noborder\"><img loading=\"lazy\" decoding=\"async\" class=\"alignnone size-full wp-image-1624\" src=\"http:\/\/grad-export.hr\/web\/wp-content\/uploads\/simple-model-seine\/seine01.jpg\" alt=\"Model Seine\" width=\"261\" height=\"536\" srcset=\"https:\/\/grad-export.hr\/web\/wp-content\/uploads\/simple-model-seine\/seine01.jpg 261w, https:\/\/grad-export.hr\/web\/wp-content\/uploads\/simple-model-seine\/seine01-196x403.jpg 196w\" sizes=\"(max-width: 261px) 100vw, 261px\" \/><\/div>\n<\/div>\n<div class=\"descr-elite\">\n<span><\/p>\n<h5>Mod\u00e8le: Seine<\/h5>\n<p>Couleur RAL:\u00a07016 brillant<br \/>\nApplication: POLI<br \/>\nB\u00e2ton de tirage:\u00a0DPS 950h<br \/>\nRosace: RKP 50<br \/>\n<\/span>\n<\/div>\n<\/div>\n<hr>\n<div class=\"item\">\n<div class=\"slika-elite\"><img loading=\"lazy\" decoding=\"async\" class=\"alignnone size-full wp-image-1625\" src=\"http:\/\/grad-export.hr\/web\/wp-content\/uploads\/simple-model-seine\/seine02.jpg\" alt=\"Model Seine\" width=\"261\" height=\"536\" srcset=\"https:\/\/grad-export.hr\/web\/wp-content\/uploads\/simple-model-seine\/seine02.jpg 261w, https:\/\/grad-export.hr\/web\/wp-content\/uploads\/simple-model-seine\/seine02-196x403.jpg 196w\" sizes=\"(max-width: 261px) 100vw, 261px\" \/><\/div>\n<div class=\"descr-elite\">\n<span><\/p>\n<h5>Mod\u00e8le: Seine<\/h5>\n<p>Couleur RAL: 9010 mat<br \/>\nApplication: BROSS\u00c9<br \/>\nB\u00e2ton de tirage: DPS 550h<br \/>\nRosace: RKP 50<br \/>\n<\/span>\n<\/div>\n<\/div>\n","protected":false},"excerpt":{"rendered":"<p>Mod\u00e8le: Seine Couleur RAL:\u00a07016 brillant Application: POLI B\u00e2ton de tirage:\u00a0DPS 950h Rosace: RKP 50 Mod\u00e8le: Seine Couleur RAL: 9010 mat Application: BROSS\u00c9 B\u00e2ton de tirage: DPS 550h Rosace: RKP 50<\/p>\n","protected":false},"author":1,"featured_media":10146,"parent":0,"menu_order":0,"comment_status":"open","ping_status":"open","template":"","meta":{"ngg_post_thumbnail":0,"__cvm_playback_settings":[],"__cvm_video_id":"","footnotes":""},"class_list":["post-3482","page","type-page","status-publish","has-post-thumbnail","czr-hentry"],"_links":{"self":[{"href":"https:\/\/grad-export.hr\/fr\/wp-json\/wp\/v2\/pages\/3482"}],"collection":[{"href":"https:\/\/grad-export.hr\/fr\/wp-json\/wp\/v2\/pages"}],"about":[{"href":"https:\/\/grad-export.hr\/fr\/wp-json\/wp\/v2\/types\/page"}],"author":[{"embeddable":true,"href":"https:\/\/grad-export.hr\/fr\/wp-json\/wp\/v2\/users\/1"}],"replies":[{"embeddable":true,"href":"https:\/\/grad-export.hr\/fr\/wp-json\/wp\/v2\/comments?post=3482"}],"version-history":[{"count":5,"href":"https:\/\/grad-export.hr\/fr\/wp-json\/wp\/v2\/pages\/3482\/revisions"}],"predecessor-version":[{"id":30535,"href":"https:\/\/grad-export.hr\/fr\/wp-json\/wp\/v2\/pages\/3482\/revisions\/30535"}],"wp:featuredmedia":[{"embeddable":true,"href":"https:\/\/grad-export.hr\/fr\/wp-json\/wp\/v2\/media\/10146"}],"wp:attachment":[{"href":"https:\/\/grad-export.hr\/fr\/wp-json\/wp\/v2\/media?parent=3482"}],"curies":[{"name":"wp","href":"https:\/\/api.w.org\/{rel}","templated":true}]}}