{"id":3591,"date":"2015-03-29T13:50:02","date_gmt":"2015-03-29T13:50:02","guid":{"rendered":"http:\/\/grad-export.hr\/web\/?page_id=3591"},"modified":"2025-03-05T11:14:59","modified_gmt":"2025-03-05T11:14:59","slug":"model-athens","status":"publish","type":"page","link":"https:\/\/grad-export.hr\/fr\/model-athens","title":{"rendered":"Elite &#8211; Mod\u00e8le Athens"},"content":{"rendered":"<div class=\"item\">\n<div class=\"slika-elite\">\n<div class=\"slika-noborder\"><img loading=\"lazy\" decoding=\"async\" class=\"alignnone size-full wp-image-1138\" src=\"http:\/\/grad-export.hr\/web\/wp-content\/uploads\/elite-model-athens\/athens01.jpg\" alt=\"Model Athens\" width=\"261\" height=\"536\" srcset=\"https:\/\/grad-export.hr\/web\/wp-content\/uploads\/elite-model-athens\/athens01.jpg 261w, https:\/\/grad-export.hr\/web\/wp-content\/uploads\/elite-model-athens\/athens01-196x403.jpg 196w\" sizes=\"(max-width: 261px) 100vw, 261px\" \/><\/div>\n<\/div>\n<div class=\"descr-elite\">\n<span><\/p>\n<h5>Mod\u00e8le: Athens<\/h5>\n<p>Couleur:\u00a0GRIGIO ANTICO<br \/>\nVerre: PLM<br \/>\nApplication: POLI<br \/>\nB\u00e2ton de tirage: CPS 720h<br \/>\nRosace: ROP 50<br \/>\n<\/span>\n<\/div>\n<\/div>\n<hr>\n<div class=\"item\">\n<div class=\"slika-elite\">\n<div class=\"slika-noborder\"><img loading=\"lazy\" decoding=\"async\" class=\"alignnone size-full wp-image-1139\" src=\"http:\/\/grad-export.hr\/web\/wp-content\/uploads\/elite-model-athens\/athens02.jpg\" alt=\"Model Athens\" width=\"261\" height=\"536\" srcset=\"https:\/\/grad-export.hr\/web\/wp-content\/uploads\/elite-model-athens\/athens02.jpg 261w, https:\/\/grad-export.hr\/web\/wp-content\/uploads\/elite-model-athens\/athens02-196x403.jpg 196w\" sizes=\"(max-width: 261px) 100vw, 261px\" \/><\/div>\n<\/div>\n<div class=\"descr-elite\">\n<span><\/p>\n<h5>Mod\u00e8le: Athens<\/h5>\n<p>Couleur RAL: 8017\u00a0mat<br \/>\nVerre: POT<br \/>\nApplication: POLI<br \/>\nB\u00e2ton de tirage: CPS 720h<br \/>\nRosace: ROP 50<br \/>\n<\/span>\n<\/div>\n<\/div>\n<hr>\n<div class=\"item\">\n<div class=\"slika-elite\"><img loading=\"lazy\" decoding=\"async\" class=\"alignnone size-full wp-image-1140\" src=\"http:\/\/grad-export.hr\/web\/wp-content\/uploads\/elite-model-athens\/athens03.jpg\" alt=\"Model Athens\" width=\"261\" height=\"536\" srcset=\"https:\/\/grad-export.hr\/web\/wp-content\/uploads\/elite-model-athens\/athens03.jpg 261w, https:\/\/grad-export.hr\/web\/wp-content\/uploads\/elite-model-athens\/athens03-196x403.jpg 196w\" sizes=\"(max-width: 261px) 100vw, 261px\" \/><\/div>\n<div class=\"descr-elite\">\n<span><\/p>\n<h5>Mod\u00e8le: Athens<\/h5>\n<p>Couleur RAL: 9016 brillant<br \/>\nVerre: DPB<br \/>\nApplication: POLI<br \/>\nB\u00e2ton de tirage: GPS 490h<br \/>\nRosace: ROP 50<br \/>\n<\/span>\n<\/div>\n<\/div>\n<hr>\n<div class=\"item\">\n<div class=\"slika-elite\">\n<div class=\"slika-noborder\"><img loading=\"lazy\" decoding=\"async\" class=\"alignnone size-full wp-image-1141\" src=\"http:\/\/grad-export.hr\/web\/wp-content\/uploads\/elite-model-athens\/athens04.jpg\" alt=\"Model Athens\" width=\"261\" height=\"536\" srcset=\"https:\/\/grad-export.hr\/web\/wp-content\/uploads\/elite-model-athens\/athens04.jpg 261w, https:\/\/grad-export.hr\/web\/wp-content\/uploads\/elite-model-athens\/athens04-196x403.jpg 196w\" sizes=\"(max-width: 261px) 100vw, 261px\" \/><\/div>\n<\/div>\n<div class=\"descr-elite\">\n<span><\/p>\n<h5>Mod\u00e8le: Athens<\/h5>\n<p>Couleur: PUNTO GRIGIO<br \/>\nVerre: DPA<br \/>\nApplication: POLI<br \/>\nB\u00e2ton de tirage: CPS 720h<br \/>\nRosace: ROP 50<br \/>\nNum\u00e9ro de maison: BDP 10<br \/>\n<\/span>\n<\/div>\n<\/div>\n<hr>\n<div class=\"item\">\n<div class=\"slika-elite\"><img loading=\"lazy\" decoding=\"async\" class=\"alignnone size-full wp-image-1142\" src=\"http:\/\/grad-export.hr\/web\/wp-content\/uploads\/elite-model-athens\/athens05.jpg\" alt=\"Model Athens\" width=\"261\" height=\"536\" srcset=\"https:\/\/grad-export.hr\/web\/wp-content\/uploads\/elite-model-athens\/athens05.jpg 261w, https:\/\/grad-export.hr\/web\/wp-content\/uploads\/elite-model-athens\/athens05-196x403.jpg 196w\" sizes=\"(max-width: 261px) 100vw, 261px\" \/><\/div>\n<div class=\"descr-elite\">\n<span><\/p>\n<h5>Mod\u00e8le: Athens<\/h5>\n<p>Couleur RAL: 9010\u00a0semi-mat<br \/>\nVerre: SPS<br \/>\nApplication: BROSS\u00c9<br \/>\nB\u00e2ton de tirage: OCS 115h<br \/>\nRosace: ROP 50<br \/>\n<\/span>\n<\/div>\n<\/div>\n<hr>\n<div class=\"item\">\n<div class=\"slika-elite\">\n<div class=\"slika-noborder\"><img loading=\"lazy\" decoding=\"async\" class=\"alignnone size-full wp-image-1143\" src=\"http:\/\/grad-export.hr\/web\/wp-content\/uploads\/elite-model-athens\/athens06.jpg\" alt=\"Model Athens\" width=\"261\" height=\"536\" srcset=\"https:\/\/grad-export.hr\/web\/wp-content\/uploads\/elite-model-athens\/athens06.jpg 261w, https:\/\/grad-export.hr\/web\/wp-content\/uploads\/elite-model-athens\/athens06-196x403.jpg 196w\" sizes=\"(max-width: 261px) 100vw, 261px\" \/><\/div>\n<\/div>\n<div class=\"descr-elite\">\n<span><\/p>\n<h5>Mod\u00e8le: Athens<\/h5>\n<p>Couleur: GRIGIO ANTICO<br \/>\nVerre: PTB<br \/>\nApplication: POLI<br \/>\nB\u00e2ton de tirage: OPS 750h<br \/>\nRosace: ROP 50<br \/>\n<\/span>\n<\/div>\n<\/div>\n","protected":false},"excerpt":{"rendered":"<p>Mod\u00e8le: Athens Couleur:\u00a0GRIGIO ANTICO Verre: PLM Application: POLI B\u00e2ton de tirage: CPS 720h Rosace: ROP 50 Mod\u00e8le: Athens Couleur RAL: 8017\u00a0mat Verre: POT Application: POLI B\u00e2ton de tirage: CPS 720h Rosace: ROP 50 Mod\u00e8le: Athens Couleur RAL: 9016 brillant Verre: DPB Application: POLI B\u00e2ton de tirage: GPS 490h Rosace: ROP 50 Mod\u00e8le: Athens Couleur: PUNTO [&hellip;]<\/p>\n","protected":false},"author":1,"featured_media":9138,"parent":0,"menu_order":0,"comment_status":"open","ping_status":"open","template":"","meta":{"ngg_post_thumbnail":0,"__cvm_playback_settings":[],"__cvm_video_id":"","footnotes":""},"class_list":["post-3591","page","type-page","status-publish","has-post-thumbnail","czr-hentry"],"_links":{"self":[{"href":"https:\/\/grad-export.hr\/fr\/wp-json\/wp\/v2\/pages\/3591"}],"collection":[{"href":"https:\/\/grad-export.hr\/fr\/wp-json\/wp\/v2\/pages"}],"about":[{"href":"https:\/\/grad-export.hr\/fr\/wp-json\/wp\/v2\/types\/page"}],"author":[{"embeddable":true,"href":"https:\/\/grad-export.hr\/fr\/wp-json\/wp\/v2\/users\/1"}],"replies":[{"embeddable":true,"href":"https:\/\/grad-export.hr\/fr\/wp-json\/wp\/v2\/comments?post=3591"}],"version-history":[{"count":5,"href":"https:\/\/grad-export.hr\/fr\/wp-json\/wp\/v2\/pages\/3591\/revisions"}],"predecessor-version":[{"id":30866,"href":"https:\/\/grad-export.hr\/fr\/wp-json\/wp\/v2\/pages\/3591\/revisions\/30866"}],"wp:featuredmedia":[{"embeddable":true,"href":"https:\/\/grad-export.hr\/fr\/wp-json\/wp\/v2\/media\/9138"}],"wp:attachment":[{"href":"https:\/\/grad-export.hr\/fr\/wp-json\/wp\/v2\/media?parent=3591"}],"curies":[{"name":"wp","href":"https:\/\/api.w.org\/{rel}","templated":true}]}}