{"id":3723,"date":"2015-03-29T16:59:35","date_gmt":"2015-03-29T16:59:35","guid":{"rendered":"http:\/\/grad-export.hr\/web\/?page_id=3723"},"modified":"2025-03-05T11:16:54","modified_gmt":"2025-03-05T11:16:54","slug":"model-bilbao","status":"publish","type":"page","link":"https:\/\/grad-export.hr\/fr\/model-bilbao","title":{"rendered":"Elite &#8211; Mod\u00e8le Bilbao"},"content":{"rendered":"<div class=\"item\">\n<div class=\"slika-elite\">\n<div class=\"slika-noborder\"><img loading=\"lazy\" decoding=\"async\" class=\"alignnone size-full wp-image-1184\" src=\"http:\/\/grad-export.hr\/web\/wp-content\/uploads\/elite-model-bilbao\/bilbao01.jpg\" alt=\"Model Bilbao\" width=\"261\" height=\"536\" srcset=\"https:\/\/grad-export.hr\/web\/wp-content\/uploads\/elite-model-bilbao\/bilbao01.jpg 261w, https:\/\/grad-export.hr\/web\/wp-content\/uploads\/elite-model-bilbao\/bilbao01-196x403.jpg 196w\" sizes=\"(max-width: 261px) 100vw, 261px\" \/><\/div>\n<\/div>\n<div class=\"descr-elite\">\n<span><\/p>\n<h5>Mod\u00e8le: Bilbao<\/h5>\n<p>Couleur: PUNTO GRIGIO<br \/>\nVerre: DPF<br \/>\nApplications: POLI<br \/>\nB\u00e2ton de tirage: DPS 950h<br \/>\nRosace: RKP 50<br \/>\nDiode \u00e9lectroluminescente: LDK<br \/>\n<\/span>\n<\/div>\n<\/div>\n<hr>\n<div class=\"item\">\n<div class=\"slika-elite\"><img loading=\"lazy\" decoding=\"async\" class=\"alignnone size-full wp-image-1185\" src=\"http:\/\/grad-export.hr\/web\/wp-content\/uploads\/elite-model-bilbao\/bilbao02.jpg\" alt=\"Model Bilbao\" width=\"261\" height=\"536\" srcset=\"https:\/\/grad-export.hr\/web\/wp-content\/uploads\/elite-model-bilbao\/bilbao02.jpg 261w, https:\/\/grad-export.hr\/web\/wp-content\/uploads\/elite-model-bilbao\/bilbao02-196x403.jpg 196w\" sizes=\"(max-width: 261px) 100vw, 261px\" \/><\/div>\n<div class=\"descr-elite\">\n<span><\/p>\n<h5>Mod\u00e8le: Bilbao<\/h5>\n<p>Couleur RAL:\u00a09010 semi-mat<br \/>\nVerre: POM<br \/>\nApplications: POLI<br \/>\nB\u00e2ton de tirage: DPS 115h<br \/>\nRosace: RKP 50<br \/>\n<\/span>\n<\/div>\n<\/div>\n<hr>\n<div class=\"item\">\n<div class=\"slika-elite\">\n<div class=\"slika-noborder\"><img loading=\"lazy\" decoding=\"async\" class=\"alignnone size-full wp-image-1186\" src=\"http:\/\/grad-export.hr\/web\/wp-content\/uploads\/elite-model-bilbao\/bilbao03.jpg\" alt=\"Model Bilbao\" width=\"261\" height=\"536\" srcset=\"https:\/\/grad-export.hr\/web\/wp-content\/uploads\/elite-model-bilbao\/bilbao03.jpg 261w, https:\/\/grad-export.hr\/web\/wp-content\/uploads\/elite-model-bilbao\/bilbao03-196x403.jpg 196w\" sizes=\"(max-width: 261px) 100vw, 261px\" \/><\/div>\n<\/div>\n<div class=\"descr-elite\">\n<span><\/p>\n<h5>Mod\u00e8le: Bilbao<\/h5>\n<p>Couleur RAL: 9006\u00a0brillant<br \/>\nVerre: PPF<br \/>\nApplications: POLI<br \/>\nB\u00e2ton de tirage: OPS 550h<br \/>\nRosace: RKP 50<br \/>\n<\/span>\n<\/div>\n<\/div>\n<hr>\n<div class=\"item\">\n<div class=\"slika-elite\">\n<div class=\"slika-noborder\"><img loading=\"lazy\" decoding=\"async\" class=\"alignnone size-full wp-image-1187\" src=\"http:\/\/grad-export.hr\/web\/wp-content\/uploads\/elite-model-bilbao\/bilbao04.jpg\" alt=\"Model Bilbao\" width=\"261\" height=\"536\" srcset=\"https:\/\/grad-export.hr\/web\/wp-content\/uploads\/elite-model-bilbao\/bilbao04.jpg 261w, https:\/\/grad-export.hr\/web\/wp-content\/uploads\/elite-model-bilbao\/bilbao04-196x403.jpg 196w\" sizes=\"(max-width: 261px) 100vw, 261px\" \/><\/div>\n<\/div>\n<div class=\"descr-elite\">\n<span><\/p>\n<h5>Mod\u00e8le: Bilbao<\/h5>\n<p>Couleur RAL:\u00a08017 mat<br \/>\nVerre:\u00a0PJ<br \/>\nApplications: POLI<br \/>\nB\u00e2ton de tirage: OPS\u00a0950h<br \/>\nRosace: RKP 50<br \/>\n<\/span>\n<\/div>\n<\/div>\n<hr>\n<div class=\"item\">\n<div class=\"slika-elite\"><img loading=\"lazy\" decoding=\"async\" class=\"alignnone size-full wp-image-1188\" src=\"http:\/\/grad-export.hr\/web\/wp-content\/uploads\/elite-model-bilbao\/bilbao05.jpg\" alt=\"Model Bilbao\" width=\"261\" height=\"536\" srcset=\"https:\/\/grad-export.hr\/web\/wp-content\/uploads\/elite-model-bilbao\/bilbao05.jpg 261w, https:\/\/grad-export.hr\/web\/wp-content\/uploads\/elite-model-bilbao\/bilbao05-196x403.jpg 196w\" sizes=\"(max-width: 261px) 100vw, 261px\" \/><\/div>\n<div class=\"descr-elite\">\n<span><\/p>\n<h5>Mod\u00e8le: Bilbao<\/h5>\n<p>Couleur RAL: 9016 mat<br \/>\nVerre: DPB<br \/>\nApplications: BROSS\u00c9<br \/>\nB\u00e2ton de tirage: DPS\u00a0750h<br \/>\nRosace: RKP 50<br \/>\n<\/span>\n<\/div>\n<\/div>\n<hr>\n<div class=\"item\">\n<div class=\"slika-elite\">\n<div class=\"slika-noborder\"><img loading=\"lazy\" decoding=\"async\" class=\"alignnone size-full wp-image-1189\" src=\"http:\/\/grad-export.hr\/web\/wp-content\/uploads\/elite-model-bilbao\/bilbao06.jpg\" alt=\"Model Bilbao\" width=\"261\" height=\"536\" srcset=\"https:\/\/grad-export.hr\/web\/wp-content\/uploads\/elite-model-bilbao\/bilbao06.jpg 261w, https:\/\/grad-export.hr\/web\/wp-content\/uploads\/elite-model-bilbao\/bilbao06-196x403.jpg 196w\" sizes=\"(max-width: 261px) 100vw, 261px\" \/><\/div>\n<\/div>\n<div class=\"descr-elite\">\n<span><\/p>\n<h5>Mod\u00e8le: Bilbao<\/h5>\n<p>Couleur RAL:\u00a07016 brillant<br \/>\nVerre: DPK<br \/>\nApplications: POLI<br \/>\nB\u00e2ton de tirage: DPS 750h<br \/>\nRosace: RKP 50<br \/>\nNum\u00e9ro de maison: BDP 10<br \/>\n<\/span>\n<\/div>\n<\/div>\n","protected":false},"excerpt":{"rendered":"<p>Mod\u00e8le: Bilbao Couleur: PUNTO GRIGIO Verre: DPF Applications: POLI B\u00e2ton de tirage: DPS 950h Rosace: RKP 50 Diode \u00e9lectroluminescente: LDK Mod\u00e8le: Bilbao Couleur RAL:\u00a09010 semi-mat Verre: POM Applications: POLI B\u00e2ton de tirage: DPS 115h Rosace: RKP 50 Mod\u00e8le: Bilbao Couleur RAL: 9006\u00a0brillant Verre: PPF Applications: POLI B\u00e2ton de tirage: OPS 550h Rosace: RKP 50 Mod\u00e8le: [&hellip;]<\/p>\n","protected":false},"author":1,"featured_media":9234,"parent":0,"menu_order":0,"comment_status":"open","ping_status":"open","template":"","meta":{"ngg_post_thumbnail":0,"__cvm_playback_settings":[],"__cvm_video_id":"","footnotes":""},"class_list":["post-3723","page","type-page","status-publish","has-post-thumbnail","czr-hentry"],"_links":{"self":[{"href":"https:\/\/grad-export.hr\/fr\/wp-json\/wp\/v2\/pages\/3723"}],"collection":[{"href":"https:\/\/grad-export.hr\/fr\/wp-json\/wp\/v2\/pages"}],"about":[{"href":"https:\/\/grad-export.hr\/fr\/wp-json\/wp\/v2\/types\/page"}],"author":[{"embeddable":true,"href":"https:\/\/grad-export.hr\/fr\/wp-json\/wp\/v2\/users\/1"}],"replies":[{"embeddable":true,"href":"https:\/\/grad-export.hr\/fr\/wp-json\/wp\/v2\/comments?post=3723"}],"version-history":[{"count":10,"href":"https:\/\/grad-export.hr\/fr\/wp-json\/wp\/v2\/pages\/3723\/revisions"}],"predecessor-version":[{"id":30870,"href":"https:\/\/grad-export.hr\/fr\/wp-json\/wp\/v2\/pages\/3723\/revisions\/30870"}],"wp:featuredmedia":[{"embeddable":true,"href":"https:\/\/grad-export.hr\/fr\/wp-json\/wp\/v2\/media\/9234"}],"wp:attachment":[{"href":"https:\/\/grad-export.hr\/fr\/wp-json\/wp\/v2\/media?parent=3723"}],"curies":[{"name":"wp","href":"https:\/\/api.w.org\/{rel}","templated":true}]}}