{"id":3797,"date":"2015-03-29T18:22:14","date_gmt":"2015-03-29T18:22:14","guid":{"rendered":"http:\/\/grad-export.hr\/web\/?page_id=3797"},"modified":"2025-03-06T09:39:40","modified_gmt":"2025-03-06T09:39:40","slug":"model-bristol","status":"publish","type":"page","link":"https:\/\/grad-export.hr\/fr\/model-bristol","title":{"rendered":"Elite &#8211; Mod\u00e8le Bristol"},"content":{"rendered":"<div class=\"item\">\n<div class=\"slika-elite\">\n<div class=\"slika-noborder\"><img loading=\"lazy\" decoding=\"async\" class=\"alignnone size-full wp-image-1208\" src=\"http:\/\/grad-export.hr\/web\/wp-content\/uploads\/elite-model-bristol\/bristol01.jpg\" alt=\"Model Bristol\" width=\"261\" height=\"550\" srcset=\"https:\/\/grad-export.hr\/web\/wp-content\/uploads\/elite-model-bristol\/bristol01.jpg 261w, https:\/\/grad-export.hr\/web\/wp-content\/uploads\/elite-model-bristol\/bristol01-191x403.jpg 191w\" sizes=\"(max-width: 261px) 100vw, 261px\" \/><\/div>\n<\/div>\n<div class=\"descr-elite\">\n<span><\/p>\n<h5>Mod\u00e8le: Bristol<\/h5>\n<p>Couleur RAL: 7016 mat<br \/>\nVerre: PJ<br \/>\nMarqueterie: BROSS\u00c9<br \/>\nB\u00e2ton de tirage: OCS\u00a0950h<br \/>\nRosace: RKP 50<br \/>\n<\/span>\n<\/div>\n<\/div>\n<hr>\n<div class=\"item\">\n<div class=\"slika-elite\"><img loading=\"lazy\" decoding=\"async\" class=\"alignnone size-full wp-image-1209\" src=\"http:\/\/grad-export.hr\/web\/wp-content\/uploads\/elite-model-bristol\/bristol02.jpg\" alt=\"Model Bristol\" width=\"261\" height=\"550\" srcset=\"https:\/\/grad-export.hr\/web\/wp-content\/uploads\/elite-model-bristol\/bristol02.jpg 261w, https:\/\/grad-export.hr\/web\/wp-content\/uploads\/elite-model-bristol\/bristol02-191x403.jpg 191w\" sizes=\"(max-width: 261px) 100vw, 261px\" \/><\/div>\n<div class=\"descr-elite\">\n<span><\/p>\n<h5>Mod\u00e8le: Bristol<\/h5>\n<p>Couleur RAL: 9003\u00a0brillant\/ 6021<br \/>\nVerre: FPK<br \/>\nMarqueterie: POLI<br \/>\nB\u00e2ton de tirage: DPS 950h<br \/>\nRosace: RKP 50<br \/>\n<\/span>\n<\/div>\n<\/div>\n<hr>\n<div class=\"item\">\n<div class=\"slika-elite\">\n<div class=\"slika-noborder\"><img loading=\"lazy\" decoding=\"async\" class=\"alignnone size-full wp-image-1210\" src=\"http:\/\/grad-export.hr\/web\/wp-content\/uploads\/elite-model-bristol\/bristol03.jpg\" alt=\"Model Bristol\" width=\"261\" height=\"550\" srcset=\"https:\/\/grad-export.hr\/web\/wp-content\/uploads\/elite-model-bristol\/bristol03.jpg 261w, https:\/\/grad-export.hr\/web\/wp-content\/uploads\/elite-model-bristol\/bristol03-191x403.jpg 191w\" sizes=\"(max-width: 261px) 100vw, 261px\" \/><\/div>\n<\/div>\n<div class=\"descr-elite\">\n<span><\/p>\n<h5>Mod\u00e8le: Bristol<\/h5>\n<p>Couleur RAL:\u00a08017 mat<br \/>\nVerre:\u00a0PJ<br \/>\nMarqueterie: POLI<br \/>\nB\u00e2ton de tirage: OPS\u00a0115h<br \/>\nRosace: RKP 50<br \/>\n<\/span>\n<\/div>\n<\/div>\n<hr>\n<div class=\"item\">\n<div class=\"slika-elite\">\n<div class=\"slika-noborder\"><img loading=\"lazy\" decoding=\"async\" class=\"alignnone size-full wp-image-1211\" src=\"http:\/\/grad-export.hr\/web\/wp-content\/uploads\/elite-model-bristol\/bristol04.jpg\" alt=\"Model Bristol\" width=\"261\" height=\"550\" srcset=\"https:\/\/grad-export.hr\/web\/wp-content\/uploads\/elite-model-bristol\/bristol04.jpg 261w, https:\/\/grad-export.hr\/web\/wp-content\/uploads\/elite-model-bristol\/bristol04-191x403.jpg 191w\" sizes=\"(max-width: 261px) 100vw, 261px\" \/><\/div>\n<\/div>\n<div class=\"descr-elite\">\n<span><\/p>\n<h5>Mod\u00e8le: Bristol<\/h5>\n<p>Couleur RAL:\u00a09006\u00a0mat<br \/>\nVerre: PFL<br \/>\nMarqueterie: BROSS\u00c9<br \/>\nB\u00e2ton de tirage: KCR\u00a0115h<br \/>\nRosace: RKP 50<br \/>\n<\/span>\n<\/div>\n<\/div>\n<hr>\n<div class=\"item\">\n<div class=\"slika-elite\">\n<div class=\"slika-noborder\"><img loading=\"lazy\" decoding=\"async\" class=\"alignnone size-full wp-image-1212\" src=\"http:\/\/grad-export.hr\/web\/wp-content\/uploads\/elite-model-bristol\/bristol05.jpg\" alt=\"Model Bristol\" width=\"261\" height=\"550\" srcset=\"https:\/\/grad-export.hr\/web\/wp-content\/uploads\/elite-model-bristol\/bristol05.jpg 261w, https:\/\/grad-export.hr\/web\/wp-content\/uploads\/elite-model-bristol\/bristol05-191x403.jpg 191w\" sizes=\"(max-width: 261px) 100vw, 261px\" \/><\/div>\n<\/div>\n<div class=\"descr-elite\">\n<span><\/p>\n<h5>Mod\u00e8le: Bristol<\/h5>\n<p>Couleur:\u00a0GRIGIO ANTICO\/ 9005<br \/>\nVerre: DPZ<br \/>\nMarqueterie: POLI<br \/>\nB\u00e2ton de tirage: DPS\u00a0115h<br \/>\nRosace: RKP 50<br \/>\n<\/span>\n<\/div>\n<\/div>\n<hr>\n<div class=\"item\">\n<div class=\"slika-elite\">\n<div class=\"slika-noborder\"><img loading=\"lazy\" decoding=\"async\" class=\"alignnone size-full wp-image-1213\" src=\"http:\/\/grad-export.hr\/web\/wp-content\/uploads\/elite-model-bristol\/bristol06.jpg\" alt=\"Model Bristol\" width=\"261\" height=\"550\" srcset=\"https:\/\/grad-export.hr\/web\/wp-content\/uploads\/elite-model-bristol\/bristol06.jpg 261w, https:\/\/grad-export.hr\/web\/wp-content\/uploads\/elite-model-bristol\/bristol06-191x403.jpg 191w\" sizes=\"(max-width: 261px) 100vw, 261px\" \/><\/div>\n<\/div>\n<div class=\"descr-elite\">\n<span><\/p>\n<h5>Mod\u00e8le: Bristol<\/h5>\n<p>Couleur:\u00a0PUNTO GRIGIO<br \/>\nVerre: PFM<br \/>\nMarqueterie: BROSS\u00c9<br \/>\nB\u00e2ton de tirage: KCR\u00a0950h<br \/>\nRosace: RKP 50<br \/>\n<\/span>\n<\/div>\n<\/div>\n","protected":false},"excerpt":{"rendered":"<p>Mod\u00e8le: Bristol Couleur RAL: 7016 mat Verre: PJ Marqueterie: BROSS\u00c9 B\u00e2ton de tirage: OCS\u00a0950h Rosace: RKP 50 Mod\u00e8le: Bristol Couleur RAL: 9003\u00a0brillant\/ 6021 Verre: FPK Marqueterie: POLI B\u00e2ton de tirage: DPS 950h Rosace: RKP 50 Mod\u00e8le: Bristol Couleur RAL:\u00a08017 mat Verre:\u00a0PJ Marqueterie: POLI B\u00e2ton de tirage: OPS\u00a0115h Rosace: RKP 50 Mod\u00e8le: Bristol Couleur RAL:\u00a09006\u00a0mat Verre: [&hellip;]<\/p>\n","protected":false},"author":1,"featured_media":9282,"parent":0,"menu_order":0,"comment_status":"open","ping_status":"open","template":"","meta":{"ngg_post_thumbnail":0,"__cvm_playback_settings":[],"__cvm_video_id":"","footnotes":""},"class_list":["post-3797","page","type-page","status-publish","has-post-thumbnail","czr-hentry"],"_links":{"self":[{"href":"https:\/\/grad-export.hr\/fr\/wp-json\/wp\/v2\/pages\/3797"}],"collection":[{"href":"https:\/\/grad-export.hr\/fr\/wp-json\/wp\/v2\/pages"}],"about":[{"href":"https:\/\/grad-export.hr\/fr\/wp-json\/wp\/v2\/types\/page"}],"author":[{"embeddable":true,"href":"https:\/\/grad-export.hr\/fr\/wp-json\/wp\/v2\/users\/1"}],"replies":[{"embeddable":true,"href":"https:\/\/grad-export.hr\/fr\/wp-json\/wp\/v2\/comments?post=3797"}],"version-history":[{"count":7,"href":"https:\/\/grad-export.hr\/fr\/wp-json\/wp\/v2\/pages\/3797\/revisions"}],"predecessor-version":[{"id":30915,"href":"https:\/\/grad-export.hr\/fr\/wp-json\/wp\/v2\/pages\/3797\/revisions\/30915"}],"wp:featuredmedia":[{"embeddable":true,"href":"https:\/\/grad-export.hr\/fr\/wp-json\/wp\/v2\/media\/9282"}],"wp:attachment":[{"href":"https:\/\/grad-export.hr\/fr\/wp-json\/wp\/v2\/media?parent=3797"}],"curies":[{"name":"wp","href":"https:\/\/api.w.org\/{rel}","templated":true}]}}