{"id":3903,"date":"2015-03-30T17:57:13","date_gmt":"2015-03-30T17:57:13","guid":{"rendered":"http:\/\/grad-export.hr\/web\/?page_id=3903"},"modified":"2025-03-06T09:40:51","modified_gmt":"2025-03-06T09:40:51","slug":"model-cardiff","status":"publish","type":"page","link":"https:\/\/grad-export.hr\/fr\/model-cardiff","title":{"rendered":"Elite &#8211; Mod\u00e8le\u00a0Cardiff"},"content":{"rendered":"<div class=\"item\">\n<div class=\"slika-elite\">\n<div class=\"slika-noborder\"><img loading=\"lazy\" decoding=\"async\" class=\"alignnone size-full wp-image-1219\" src=\"http:\/\/grad-export.hr\/web\/wp-content\/uploads\/elite-model-cardiff\/cardiff01.jpg\" alt=\"Model Cardiff\" width=\"261\" height=\"536\" srcset=\"https:\/\/grad-export.hr\/web\/wp-content\/uploads\/elite-model-cardiff\/cardiff01.jpg 261w, https:\/\/grad-export.hr\/web\/wp-content\/uploads\/elite-model-cardiff\/cardiff01-196x403.jpg 196w\" sizes=\"(max-width: 261px) 100vw, 261px\" \/><\/div>\n<\/div>\n<div class=\"descr-elite\">\n<span><\/p>\n<h5>Mod\u00e8le: Cardiff<\/h5>\n<p>Couleur:\u00a0GRIGIO ANTICO<br \/>\nVerre: PFK<br \/>\nApplications: POLI<br \/>\nB\u00e2ton de tirage: DPS\u00a0115h<br \/>\nRosace: RKP 50<br \/>\n<\/span>\n<\/div>\n<\/div>\n<hr>\n<div class=\"item\">\n<div class=\"slika-elite\">\n<div class=\"slika-noborder\"><img loading=\"lazy\" decoding=\"async\" class=\"alignnone size-full wp-image-1220\" src=\"http:\/\/grad-export.hr\/web\/wp-content\/uploads\/elite-model-cardiff\/cardiff02.jpg\" alt=\"Model Cardiff\" width=\"261\" height=\"536\" srcset=\"https:\/\/grad-export.hr\/web\/wp-content\/uploads\/elite-model-cardiff\/cardiff02.jpg 261w, https:\/\/grad-export.hr\/web\/wp-content\/uploads\/elite-model-cardiff\/cardiff02-196x403.jpg 196w\" sizes=\"(max-width: 261px) 100vw, 261px\" \/><\/div>\n<\/div>\n<div class=\"descr-elite\">\n<span><\/p>\n<h5>Mod\u00e8le: Cardiff<\/h5>\n<p>Couleur RAL:\u00a08017 mat<br \/>\nVerre: DPZ<br \/>\nApplications: POLI<br \/>\nB\u00e2ton de tirage: KPS 950h<br \/>\nRosace: RKP 50<br \/>\n<\/span>\n<\/div>\n<\/div>\n<hr>\n<div class=\"item\">\n<div class=\"slika-elite\"><img loading=\"lazy\" decoding=\"async\" class=\"alignnone size-full wp-image-1221\" src=\"http:\/\/grad-export.hr\/web\/wp-content\/uploads\/elite-model-cardiff\/cardiff03.jpg\" alt=\"Model Cardiff\" width=\"261\" height=\"536\" srcset=\"https:\/\/grad-export.hr\/web\/wp-content\/uploads\/elite-model-cardiff\/cardiff03.jpg 261w, https:\/\/grad-export.hr\/web\/wp-content\/uploads\/elite-model-cardiff\/cardiff03-196x403.jpg 196w\" sizes=\"(max-width: 261px) 100vw, 261px\" \/><\/div>\n<div class=\"descr-elite\">\n<span><\/p>\n<h5>Mod\u00e8le: Cardiff<\/h5>\n<p>Couleur RAL: 9016 brillant<br \/>\nVerre: DPR<br \/>\nApplications: POLI<br \/>\nB\u00e2ton de tirage: DPS 550h<br \/>\nRosace: RKP 50<br \/>\n<\/span>\n<\/div>\n<\/div>\n<hr>\n<div class=\"item\">\n<div class=\"slika-elite\"><img loading=\"lazy\" decoding=\"async\" class=\"alignnone size-full wp-image-1222\" src=\"http:\/\/grad-export.hr\/web\/wp-content\/uploads\/elite-model-cardiff\/cardiff04.jpg\" alt=\"Model Cardiff\" width=\"261\" height=\"536\" srcset=\"https:\/\/grad-export.hr\/web\/wp-content\/uploads\/elite-model-cardiff\/cardiff04.jpg 261w, https:\/\/grad-export.hr\/web\/wp-content\/uploads\/elite-model-cardiff\/cardiff04-196x403.jpg 196w\" sizes=\"(max-width: 261px) 100vw, 261px\" \/><\/div>\n<div class=\"descr-elite\">\n<span><\/p>\n<h5>Mod\u00e8le: Cardiff<\/h5>\n<p>Couleur RAL:\u00a09010 semi-mat<br \/>\nVerre: TOL<br \/>\nApplications: POLI<br \/>\nB\u00e2ton de tirage: OPS\u00a0550x<br \/>\nRosace: RKP 50<br \/>\n<\/span>\n<\/div>\n<\/div>\n<hr>\n<div class=\"item\">\n<div class=\"slika-elite\">\n<div class=\"slika-noborder\"><img loading=\"lazy\" decoding=\"async\" class=\"alignnone size-full wp-image-1223\" src=\"http:\/\/grad-export.hr\/web\/wp-content\/uploads\/elite-model-cardiff\/cardiff05.jpg\" alt=\"Model Cardiff\" width=\"261\" height=\"536\" srcset=\"https:\/\/grad-export.hr\/web\/wp-content\/uploads\/elite-model-cardiff\/cardiff05.jpg 261w, https:\/\/grad-export.hr\/web\/wp-content\/uploads\/elite-model-cardiff\/cardiff05-196x403.jpg 196w\" sizes=\"(max-width: 261px) 100vw, 261px\" \/><\/div>\n<\/div>\n<div class=\"descr-elite\">\n<span><\/p>\n<h5>Mod\u00e8le: Cardiff<\/h5>\n<p>Couleur:\u00a0PUNTO GRIGIO<br \/>\nVerre: DPL+DPZ<br \/>\nApplications: POLI<br \/>\nB\u00e2ton de tirage: DPS 950h<br \/>\nRosace: RKP 50<br \/>\n<\/span>\n<\/div>\n<\/div>\n<hr>\n<div class=\"item\">\n<div class=\"slika-elite\">\n<div class=\"slika-noborder\"><img loading=\"lazy\" decoding=\"async\" class=\"alignnone size-full wp-image-1224\" src=\"http:\/\/grad-export.hr\/web\/wp-content\/uploads\/elite-model-cardiff\/cardiff06.jpg\" alt=\"Model Cardiff\" width=\"261\" height=\"536\" srcset=\"https:\/\/grad-export.hr\/web\/wp-content\/uploads\/elite-model-cardiff\/cardiff06.jpg 261w, https:\/\/grad-export.hr\/web\/wp-content\/uploads\/elite-model-cardiff\/cardiff06-196x403.jpg 196w\" sizes=\"(max-width: 261px) 100vw, 261px\" \/><\/div>\n<\/div>\n<div class=\"descr-elite\">\n<span><\/p>\n<h5>Mod\u00e8le: Cardiff<\/h5>\n<p>Couleur RAL: 9006 mat<br \/>\nVerre: DPE<br \/>\nApplications: POLI<br \/>\nB\u00e2ton de tirage: DPS\u00a0750h<br \/>\nRosace: RKP 50<br \/>\nNum\u00e9ro de maison: BDP 10<br \/>\n<\/span>\n<\/div>\n<\/div>\n","protected":false},"excerpt":{"rendered":"<p>Mod\u00e8le: Cardiff Couleur:\u00a0GRIGIO ANTICO Verre: PFK Applications: POLI B\u00e2ton de tirage: DPS\u00a0115h Rosace: RKP 50 Mod\u00e8le: Cardiff Couleur RAL:\u00a08017 mat Verre: DPZ Applications: POLI B\u00e2ton de tirage: KPS 950h Rosace: RKP 50 Mod\u00e8le: Cardiff Couleur RAL: 9016 brillant Verre: DPR Applications: POLI B\u00e2ton de tirage: DPS 550h Rosace: RKP 50 Mod\u00e8le: Cardiff Couleur RAL:\u00a09010 semi-mat [&hellip;]<\/p>\n","protected":false},"author":1,"featured_media":9306,"parent":0,"menu_order":0,"comment_status":"open","ping_status":"open","template":"","meta":{"ngg_post_thumbnail":0,"__cvm_playback_settings":[],"__cvm_video_id":"","footnotes":""},"class_list":["post-3903","page","type-page","status-publish","has-post-thumbnail","czr-hentry"],"_links":{"self":[{"href":"https:\/\/grad-export.hr\/fr\/wp-json\/wp\/v2\/pages\/3903"}],"collection":[{"href":"https:\/\/grad-export.hr\/fr\/wp-json\/wp\/v2\/pages"}],"about":[{"href":"https:\/\/grad-export.hr\/fr\/wp-json\/wp\/v2\/types\/page"}],"author":[{"embeddable":true,"href":"https:\/\/grad-export.hr\/fr\/wp-json\/wp\/v2\/users\/1"}],"replies":[{"embeddable":true,"href":"https:\/\/grad-export.hr\/fr\/wp-json\/wp\/v2\/comments?post=3903"}],"version-history":[{"count":2,"href":"https:\/\/grad-export.hr\/fr\/wp-json\/wp\/v2\/pages\/3903\/revisions"}],"predecessor-version":[{"id":30917,"href":"https:\/\/grad-export.hr\/fr\/wp-json\/wp\/v2\/pages\/3903\/revisions\/30917"}],"wp:featuredmedia":[{"embeddable":true,"href":"https:\/\/grad-export.hr\/fr\/wp-json\/wp\/v2\/media\/9306"}],"wp:attachment":[{"href":"https:\/\/grad-export.hr\/fr\/wp-json\/wp\/v2\/media?parent=3903"}],"curies":[{"name":"wp","href":"https:\/\/api.w.org\/{rel}","templated":true}]}}