{"id":3909,"date":"2015-03-30T18:05:32","date_gmt":"2015-03-30T18:05:32","guid":{"rendered":"http:\/\/grad-export.hr\/web\/?page_id=3909"},"modified":"2025-03-06T19:11:58","modified_gmt":"2025-03-06T19:11:58","slug":"model-helsinki","status":"publish","type":"page","link":"https:\/\/grad-export.hr\/fr\/model-helsinki","title":{"rendered":"Elite &#8211; Mod\u00e8le\u00a0Helsinki"},"content":{"rendered":"<div class=\"item\">\n<div class=\"slika-elite\">\n<div class=\"slika-noborder\"><img loading=\"lazy\" decoding=\"async\" class=\"alignnone size-full wp-image-1299\" src=\"http:\/\/grad-export.hr\/web\/wp-content\/uploads\/elite-model-helsinki\/helsinki01.jpg\" alt=\"Model Helsinki\" width=\"261\" height=\"536\" srcset=\"https:\/\/grad-export.hr\/web\/wp-content\/uploads\/elite-model-helsinki\/helsinki01.jpg 261w, https:\/\/grad-export.hr\/web\/wp-content\/uploads\/elite-model-helsinki\/helsinki01-196x403.jpg 196w\" sizes=\"(max-width: 261px) 100vw, 261px\" \/><\/div>\n<\/div>\n<div class=\"descr-elite\">\n<span><\/p>\n<h5>Mod\u00e8le: Helsinki<\/h5>\n<p>Couleur RAL:\u00a07016 brillant<br \/>\nVerre: PKM<br \/>\nApplication: POLI<br \/>\nB\u00e2ton de tirage: GPS 590h<br \/>\nRosace: ROP 50<br \/>\nProtection per panneau: KZP 10<br \/>\n<\/span>\n<\/div>\n<\/div>\n<hr>\n<div class=\"item\">\n<div class=\"slika-elite\">\n<div class=\"slika-noborder\"><img loading=\"lazy\" decoding=\"async\" class=\"alignnone size-full wp-image-1300\" src=\"http:\/\/grad-export.hr\/web\/wp-content\/uploads\/elite-model-helsinki\/helsinki02.jpg\" alt=\"Model Helsinki\" width=\"261\" height=\"536\" srcset=\"https:\/\/grad-export.hr\/web\/wp-content\/uploads\/elite-model-helsinki\/helsinki02.jpg 261w, https:\/\/grad-export.hr\/web\/wp-content\/uploads\/elite-model-helsinki\/helsinki02-196x403.jpg 196w\" sizes=\"(max-width: 261px) 100vw, 261px\" \/><\/div>\n<\/div>\n<div class=\"descr-elite\">\n<span><\/p>\n<h5>Mod\u00e8le: Helsinki<\/h5>\n<p>Couleur RAL: 9006\u00a0brillant<br \/>\nVerre: DPB<br \/>\nApplication: BROSS\u00c9<br \/>\nB\u00e2ton de tirage: KCS 115h<br \/>\nRosace: RKP 50<br \/>\n<\/span>\n<\/div>\n<\/div>\n<hr>\n<div class=\"item\">\n<div class=\"slika-elite\"><img loading=\"lazy\" decoding=\"async\" class=\"alignnone size-full wp-image-1301\" src=\"http:\/\/grad-export.hr\/web\/wp-content\/uploads\/elite-model-helsinki\/helsinki03.jpg\" alt=\"Model Helsinki\" width=\"261\" height=\"536\" srcset=\"https:\/\/grad-export.hr\/web\/wp-content\/uploads\/elite-model-helsinki\/helsinki03.jpg 261w, https:\/\/grad-export.hr\/web\/wp-content\/uploads\/elite-model-helsinki\/helsinki03-196x403.jpg 196w\" sizes=\"(max-width: 261px) 100vw, 261px\" \/><\/div>\n<div class=\"descr-elite\">\n<span><\/p>\n<h5>Mod\u00e8le: Helsinki<\/h5>\n<p>Couleur RAL:\u00a09016\u00a0brillant<br \/>\nVerre: PFB<br \/>\nApplication: POLI<br \/>\nB\u00e2ton de tirage: GPS\u00a0590h<br \/>\nRosace: ROP 50<br \/>\n<\/span>\n<\/div>\n<\/div>\n<hr>\n<div class=\"item\">\n<div class=\"slika-elite\">\n<div class=\"slika-noborder\"><img loading=\"lazy\" decoding=\"async\" class=\"alignnone size-full wp-image-1302\" src=\"http:\/\/grad-export.hr\/web\/wp-content\/uploads\/elite-model-helsinki\/helsinki04.jpg\" alt=\"Model Helsinki\" width=\"261\" height=\"536\" srcset=\"https:\/\/grad-export.hr\/web\/wp-content\/uploads\/elite-model-helsinki\/helsinki04.jpg 261w, https:\/\/grad-export.hr\/web\/wp-content\/uploads\/elite-model-helsinki\/helsinki04-196x403.jpg 196w\" sizes=\"(max-width: 261px) 100vw, 261px\" \/><\/div>\n<\/div>\n<div class=\"descr-elite\">\n<span><\/p>\n<h5>Mod\u00e8le: Helsinki<\/h5>\n<p>Couleur:\u00a0PUNTO GRIGIO<br \/>\nVerre: DPJ<br \/>\nApplication: POLI<br \/>\nB\u00e2ton de tirage: GPS 590h<br \/>\nRosace: ROP 50<br \/>\n<\/span>\n<\/div>\n<\/div>\n<hr>\n<div class=\"item\">\n<div class=\"slika-elite\">\n<div class=\"slika-noborder\"><img loading=\"lazy\" decoding=\"async\" class=\"alignnone size-full wp-image-1303\" src=\"http:\/\/grad-export.hr\/web\/wp-content\/uploads\/elite-model-helsinki\/helsinki05.jpg\" alt=\"Model Helsinki\" width=\"261\" height=\"536\" srcset=\"https:\/\/grad-export.hr\/web\/wp-content\/uploads\/elite-model-helsinki\/helsinki05.jpg 261w, https:\/\/grad-export.hr\/web\/wp-content\/uploads\/elite-model-helsinki\/helsinki05-196x403.jpg 196w\" sizes=\"(max-width: 261px) 100vw, 261px\" \/><\/div>\n<\/div>\n<div class=\"descr-elite\">\n<span><\/p>\n<h5>Mod\u00e8le: Helsinki<\/h5>\n<p>Couleur: GRIGIO ANTICO<br \/>\nVerre: PTB<br \/>\nApplication: POLI<br \/>\nB\u00e2ton de tirage: GPS 590h<br \/>\nRosace: ROP 50<br \/>\nNum\u00e9ro de maison: BDP 10<br \/>\n<\/span>\n<\/div>\n<\/div>\n<hr>\n<div class=\"item\">\n<div class=\"slika-elite\">\n<div class=\"slika-noborder\"><img loading=\"lazy\" decoding=\"async\" class=\"alignnone size-full wp-image-1304\" src=\"http:\/\/grad-export.hr\/web\/wp-content\/uploads\/elite-model-helsinki\/helsinki06.jpg\" alt=\"Model Helsinki\" width=\"261\" height=\"536\" srcset=\"https:\/\/grad-export.hr\/web\/wp-content\/uploads\/elite-model-helsinki\/helsinki06.jpg 261w, https:\/\/grad-export.hr\/web\/wp-content\/uploads\/elite-model-helsinki\/helsinki06-196x403.jpg 196w\" sizes=\"(max-width: 261px) 100vw, 261px\" \/><\/div>\n<\/div>\n<div class=\"descr-elite\">\n<span><\/p>\n<h5>Mod\u00e8le: Helsinki<\/h5>\n<p>Couleur: PUNTO GRIGIO<br \/>\nVerre: PLM<br \/>\nApplication: POLI<br \/>\nB\u00e2ton de tirage: GPS 590h<br \/>\nRosace: ROP 50<br \/>\n<\/span>\n<\/div>\n<\/div>\n","protected":false},"excerpt":{"rendered":"<p>Mod\u00e8le: Helsinki Couleur RAL:\u00a07016 brillant Verre: PKM Application: POLI B\u00e2ton de tirage: GPS 590h Rosace: ROP 50 Protection per panneau: KZP 10 Mod\u00e8le: Helsinki Couleur RAL: 9006\u00a0brillant Verre: DPB Application: BROSS\u00c9 B\u00e2ton de tirage: KCS 115h Rosace: RKP 50 Mod\u00e8le: Helsinki Couleur RAL:\u00a09016\u00a0brillant Verre: PFB Application: POLI B\u00e2ton de tirage: GPS\u00a0590h Rosace: ROP 50 Mod\u00e8le: [&hellip;]<\/p>\n","protected":false},"author":1,"featured_media":9450,"parent":0,"menu_order":0,"comment_status":"open","ping_status":"open","template":"","meta":{"ngg_post_thumbnail":0,"__cvm_playback_settings":[],"__cvm_video_id":"","footnotes":""},"class_list":["post-3909","page","type-page","status-publish","has-post-thumbnail","czr-hentry"],"_links":{"self":[{"href":"https:\/\/grad-export.hr\/fr\/wp-json\/wp\/v2\/pages\/3909"}],"collection":[{"href":"https:\/\/grad-export.hr\/fr\/wp-json\/wp\/v2\/pages"}],"about":[{"href":"https:\/\/grad-export.hr\/fr\/wp-json\/wp\/v2\/types\/page"}],"author":[{"embeddable":true,"href":"https:\/\/grad-export.hr\/fr\/wp-json\/wp\/v2\/users\/1"}],"replies":[{"embeddable":true,"href":"https:\/\/grad-export.hr\/fr\/wp-json\/wp\/v2\/comments?post=3909"}],"version-history":[{"count":2,"href":"https:\/\/grad-export.hr\/fr\/wp-json\/wp\/v2\/pages\/3909\/revisions"}],"predecessor-version":[{"id":31027,"href":"https:\/\/grad-export.hr\/fr\/wp-json\/wp\/v2\/pages\/3909\/revisions\/31027"}],"wp:featuredmedia":[{"embeddable":true,"href":"https:\/\/grad-export.hr\/fr\/wp-json\/wp\/v2\/media\/9450"}],"wp:attachment":[{"href":"https:\/\/grad-export.hr\/fr\/wp-json\/wp\/v2\/media?parent=3909"}],"curies":[{"name":"wp","href":"https:\/\/api.w.org\/{rel}","templated":true}]}}