{"id":3910,"date":"2015-03-30T18:07:54","date_gmt":"2015-03-30T18:07:54","guid":{"rendered":"http:\/\/grad-export.hr\/web\/?page_id=3910"},"modified":"2025-03-06T19:15:45","modified_gmt":"2025-03-06T19:15:45","slug":"model-lisabon","status":"publish","type":"page","link":"https:\/\/grad-export.hr\/fr\/model-lisabon","title":{"rendered":"Elite &#8211; Mod\u00e8le\u00a0Lisabon"},"content":{"rendered":"<div class=\"item\">\n<div class=\"slika-elite\">\n<div class=\"slika-noborder\"><img loading=\"lazy\" decoding=\"async\" class=\"alignnone size-full wp-image-1309\" src=\"http:\/\/grad-export.hr\/web\/wp-content\/uploads\/elite-model-lisabon\/lisabon01.jpg\" alt=\"Model Lisabon\" width=\"261\" height=\"536\" srcset=\"https:\/\/grad-export.hr\/web\/wp-content\/uploads\/elite-model-lisabon\/lisabon01.jpg 261w, https:\/\/grad-export.hr\/web\/wp-content\/uploads\/elite-model-lisabon\/lisabon01-196x403.jpg 196w\" sizes=\"(max-width: 261px) 100vw, 261px\" \/><\/div>\n<\/div>\n<div class=\"descr-elite\">\n<span><\/p>\n<h5>Mod\u00e8le: Lisabon<\/h5>\n<p>Couleur:\u00a0GRIGIO ANTICO<br \/>\nVerre: TOL<br \/>\nApplications: POLI<br \/>\nB\u00e2ton de tirage: DPS\u00a0115h<br \/>\nRosace: RKP 50<br \/>\nProtection per panneau: KZP 10<br \/>\n<\/span>\n<\/div>\n<\/div>\n<hr>\n<div class=\"item\">\n<div class=\"slika-elite\"><img loading=\"lazy\" decoding=\"async\" class=\"alignnone size-full wp-image-1310\" src=\"http:\/\/grad-export.hr\/web\/wp-content\/uploads\/elite-model-lisabon\/lisabon02.jpg\" alt=\"Model Lisabon\" width=\"261\" height=\"536\" srcset=\"https:\/\/grad-export.hr\/web\/wp-content\/uploads\/elite-model-lisabon\/lisabon02.jpg 261w, https:\/\/grad-export.hr\/web\/wp-content\/uploads\/elite-model-lisabon\/lisabon02-196x403.jpg 196w\" sizes=\"(max-width: 261px) 100vw, 261px\" \/><\/div>\n<div class=\"descr-elite\">\n<span><\/p>\n<h5>Mod\u00e8le: Lisabon<\/h5>\n<p>Couleur:\u00a0PVC blanc<br \/>\nVerre: PLF<br \/>\nApplications: BROSS\u00c9<br \/>\nB\u00e2ton de tirage: KCS 115x<br \/>\nRosace: RKP 50<br \/>\n<\/span>\n<\/div>\n<\/div>\n<hr>\n<div class=\"item\">\n<div class=\"slika-elite\">\n<div class=\"slika-noborder\"><img loading=\"lazy\" decoding=\"async\" class=\"alignnone size-full wp-image-1311\" src=\"http:\/\/grad-export.hr\/web\/wp-content\/uploads\/elite-model-lisabon\/lisabon03.jpg\" alt=\"Model Lisabon\" width=\"261\" height=\"536\" srcset=\"https:\/\/grad-export.hr\/web\/wp-content\/uploads\/elite-model-lisabon\/lisabon03.jpg 261w, https:\/\/grad-export.hr\/web\/wp-content\/uploads\/elite-model-lisabon\/lisabon03-196x403.jpg 196w\" sizes=\"(max-width: 261px) 100vw, 261px\" \/><\/div>\n<\/div>\n<div class=\"descr-elite\">\n<span><\/p>\n<h5>Mod\u00e8le: Lisabon<\/h5>\n<p>Couleur RAL:\u00a09006\u00a0brillant<br \/>\nVerre: PFB<br \/>\nApplications: POLI<br \/>\nB\u00e2ton de tirage: OPS 950x<br \/>\nRosace: RKP 50<br \/>\n<\/span>\n<\/div>\n<\/div>\n<hr>\n<div class=\"item\">\n<div class=\"slika-elite\"><img loading=\"lazy\" decoding=\"async\" class=\"alignnone size-full wp-image-1312\" src=\"http:\/\/grad-export.hr\/web\/wp-content\/uploads\/elite-model-lisabon\/lisabon04.jpg\" alt=\"Model Lisabon\" width=\"261\" height=\"535\" srcset=\"https:\/\/grad-export.hr\/web\/wp-content\/uploads\/elite-model-lisabon\/lisabon04.jpg 261w, https:\/\/grad-export.hr\/web\/wp-content\/uploads\/elite-model-lisabon\/lisabon04-196x403.jpg 196w\" sizes=\"(max-width: 261px) 100vw, 261px\" \/><\/div>\n<div class=\"descr-elite\">\n<span><\/p>\n<h5>Mod\u00e8le: Lisabon<\/h5>\n<p>Couleur RAL:\u00a09016 brillant<br \/>\nVerre: PKM<br \/>\nApplications: POLI<br \/>\nB\u00e2ton de tirage: DPS 115h<br \/>\nRosace: RKP 50<br \/>\n<\/span>\n<\/div>\n<\/div>\n<hr>\n<div class=\"item\">\n<div class=\"slika-elite\">\n<div class=\"slika-noborder\"><img loading=\"lazy\" decoding=\"async\" class=\"alignnone size-full wp-image-1313\" src=\"http:\/\/grad-export.hr\/web\/wp-content\/uploads\/elite-model-lisabon\/lisabon05.jpg\" alt=\"Model Lisabon\" width=\"261\" height=\"535\" srcset=\"https:\/\/grad-export.hr\/web\/wp-content\/uploads\/elite-model-lisabon\/lisabon05.jpg 261w, https:\/\/grad-export.hr\/web\/wp-content\/uploads\/elite-model-lisabon\/lisabon05-196x403.jpg 196w\" sizes=\"(max-width: 261px) 100vw, 261px\" \/><\/div>\n<\/div>\n<div class=\"descr-elite\">\n<span><\/p>\n<h5>Mod\u00e8le: Lisabon<\/h5>\n<p>Couleur: GRIGIO ANTICO<br \/>\nVerre: DPC<br \/>\nApplications: POLI<br \/>\nB\u00e2ton de tirage: DPS 550h<br \/>\nRosace: RKP 50<br \/>\n<\/span>\n<\/div>\n<\/div>\n<hr>\n<div class=\"item\">\n<div class=\"slika-elite\">\n<div class=\"slika-noborder\"><img loading=\"lazy\" decoding=\"async\" class=\"alignnone size-full wp-image-1314\" src=\"http:\/\/grad-export.hr\/web\/wp-content\/uploads\/elite-model-lisabon\/lisabon06.jpg\" alt=\"Model Lisabon\" width=\"261\" height=\"536\" srcset=\"https:\/\/grad-export.hr\/web\/wp-content\/uploads\/elite-model-lisabon\/lisabon06.jpg 261w, https:\/\/grad-export.hr\/web\/wp-content\/uploads\/elite-model-lisabon\/lisabon06-196x403.jpg 196w\" sizes=\"(max-width: 261px) 100vw, 261px\" \/><\/div>\n<\/div>\n<div class=\"descr-elite\">\n<span><\/p>\n<h5>Mod\u00e8le: Lisabon<\/h5>\n<p>Couleur: PUNTO GRIGIO<br \/>\nVerre: FPK<br \/>\nApplications: POLI<br \/>\nB\u00e2ton de tirage: OPS 550h<br \/>\nRosace: RKP 50<br \/>\n<\/span>\n<\/div>\n<\/div>\n","protected":false},"excerpt":{"rendered":"<p>Mod\u00e8le: Lisabon Couleur:\u00a0GRIGIO ANTICO Verre: TOL Applications: POLI B\u00e2ton de tirage: DPS\u00a0115h Rosace: RKP 50 Protection per panneau: KZP 10 Mod\u00e8le: Lisabon Couleur:\u00a0PVC blanc Verre: PLF Applications: BROSS\u00c9 B\u00e2ton de tirage: KCS 115x Rosace: RKP 50 Mod\u00e8le: Lisabon Couleur RAL:\u00a09006\u00a0brillant Verre: PFB Applications: POLI B\u00e2ton de tirage: OPS 950x Rosace: RKP 50 Mod\u00e8le: Lisabon Couleur [&hellip;]<\/p>\n","protected":false},"author":1,"featured_media":9474,"parent":0,"menu_order":0,"comment_status":"open","ping_status":"open","template":"","meta":{"ngg_post_thumbnail":0,"__cvm_playback_settings":[],"__cvm_video_id":"","footnotes":""},"class_list":["post-3910","page","type-page","status-publish","has-post-thumbnail","czr-hentry"],"_links":{"self":[{"href":"https:\/\/grad-export.hr\/fr\/wp-json\/wp\/v2\/pages\/3910"}],"collection":[{"href":"https:\/\/grad-export.hr\/fr\/wp-json\/wp\/v2\/pages"}],"about":[{"href":"https:\/\/grad-export.hr\/fr\/wp-json\/wp\/v2\/types\/page"}],"author":[{"embeddable":true,"href":"https:\/\/grad-export.hr\/fr\/wp-json\/wp\/v2\/users\/1"}],"replies":[{"embeddable":true,"href":"https:\/\/grad-export.hr\/fr\/wp-json\/wp\/v2\/comments?post=3910"}],"version-history":[{"count":2,"href":"https:\/\/grad-export.hr\/fr\/wp-json\/wp\/v2\/pages\/3910\/revisions"}],"predecessor-version":[{"id":31034,"href":"https:\/\/grad-export.hr\/fr\/wp-json\/wp\/v2\/pages\/3910\/revisions\/31034"}],"wp:featuredmedia":[{"embeddable":true,"href":"https:\/\/grad-export.hr\/fr\/wp-json\/wp\/v2\/media\/9474"}],"wp:attachment":[{"href":"https:\/\/grad-export.hr\/fr\/wp-json\/wp\/v2\/media?parent=3910"}],"curies":[{"name":"wp","href":"https:\/\/api.w.org\/{rel}","templated":true}]}}