{"id":3968,"date":"2015-03-30T20:16:21","date_gmt":"2015-03-30T20:16:21","guid":{"rendered":"http:\/\/grad-export.hr\/web\/?page_id=3968"},"modified":"2025-03-06T19:16:20","modified_gmt":"2025-03-06T19:16:20","slug":"model-liverpool","status":"publish","type":"page","link":"https:\/\/grad-export.hr\/fr\/model-liverpool","title":{"rendered":"Elite &#8211; Mod\u00e8le\u00a0Liverpool"},"content":{"rendered":"<div class=\"item\">\n<div class=\"slika-elite\">\n<div class=\"slika-noborder\"><img loading=\"lazy\" decoding=\"async\" class=\"alignnone size-full wp-image-1319\" src=\"http:\/\/grad-export.hr\/web\/wp-content\/uploads\/elite-model-liverpool\/liverpool01.jpg\" alt=\"Model Liverpool\" width=\"261\" height=\"550\" srcset=\"https:\/\/grad-export.hr\/web\/wp-content\/uploads\/elite-model-liverpool\/liverpool01.jpg 261w, https:\/\/grad-export.hr\/web\/wp-content\/uploads\/elite-model-liverpool\/liverpool01-191x403.jpg 191w\" sizes=\"(max-width: 261px) 100vw, 261px\" \/><\/div>\n<\/div>\n<div class=\"descr-elite\">\n<span><\/p>\n<h5>Mod\u00e8le: Liverpool<\/h5>\n<p>Couleur RAL:\u00a07016 brillant\/ 7001<br \/>\nVerre: DPH<br \/>\nMarqueterie: POLI<br \/>\nB\u00e2ton de tirage: DPS\u00a0115h<br \/>\nRosace: RKP 50<br \/>\n<\/span>\n<\/div>\n<\/div>\n<hr>\n<div class=\"item\">\n<div class=\"slika-elite\">\n<div class=\"slika-noborder\"><img loading=\"lazy\" decoding=\"async\" class=\"alignnone size-full wp-image-1320\" src=\"http:\/\/grad-export.hr\/web\/wp-content\/uploads\/elite-model-liverpool\/liverpool02.jpg\" alt=\"Model Liverpool\" width=\"261\" height=\"550\" srcset=\"https:\/\/grad-export.hr\/web\/wp-content\/uploads\/elite-model-liverpool\/liverpool02.jpg 261w, https:\/\/grad-export.hr\/web\/wp-content\/uploads\/elite-model-liverpool\/liverpool02-191x403.jpg 191w\" sizes=\"(max-width: 261px) 100vw, 261px\" \/><\/div>\n<\/div>\n<div class=\"descr-elite\">\n<span><\/p>\n<h5>Mod\u00e8le: Liverpool<\/h5>\n<p>Couleur RAL: 9006 brillant\/ 9005<br \/>\nVerre: FPK<br \/>\nMarqueterie: POLI<br \/>\nB\u00e2ton de tirage: OPS\u00a0950h<br \/>\nRosace: RKP 50<br \/>\n<\/span>\n<\/div>\n<\/div>\n<hr>\n<div class=\"item\">\n<div class=\"slika-elite\"><img loading=\"lazy\" decoding=\"async\" class=\"alignnone size-full wp-image-1325\" src=\"http:\/\/grad-export.hr\/web\/wp-content\/uploads\/elite-model-liverpool\/liverpool03.jpg\" alt=\"Model Liverpool\" width=\"261\" height=\"550\" srcset=\"https:\/\/grad-export.hr\/web\/wp-content\/uploads\/elite-model-liverpool\/liverpool03.jpg 261w, https:\/\/grad-export.hr\/web\/wp-content\/uploads\/elite-model-liverpool\/liverpool03-191x403.jpg 191w\" sizes=\"(max-width: 261px) 100vw, 261px\" \/><\/div>\n<div class=\"descr-elite\">\n<span><\/p>\n<h5>Mod\u00e8le: Liverpool<\/h5>\n<p>Couleur RAL:\u00a09016\u00a0mat<br \/>\nVerre: DPL<br \/>\nMarqueterie: BROSS\u00c9<br \/>\nB\u00e2ton de tirage: KCR 950h<br \/>\nRosace: RKP 50<br \/>\n<\/span>\n<\/div>\n<\/div>\n<hr>\n<div class=\"item\">\n<div class=\"slika-elite\">\n<div class=\"slika-noborder\"><img loading=\"lazy\" decoding=\"async\" class=\"alignnone size-full wp-image-1322\" src=\"http:\/\/grad-export.hr\/web\/wp-content\/uploads\/elite-model-liverpool\/liverpool04.jpg\" alt=\"Model Liverpool\" width=\"261\" height=\"550\" srcset=\"https:\/\/grad-export.hr\/web\/wp-content\/uploads\/elite-model-liverpool\/liverpool04.jpg 261w, https:\/\/grad-export.hr\/web\/wp-content\/uploads\/elite-model-liverpool\/liverpool04-191x403.jpg 191w\" sizes=\"(max-width: 261px) 100vw, 261px\" \/><\/div>\n<\/div>\n<div class=\"descr-elite\">\n<span><\/p>\n<h5>Mod\u00e8le: Liverpool<\/h5>\n<p>Couleur RAL:\u00a08017 mat<br \/>\nVerre: PJ<br \/>\nMarqueterie: POLI<br \/>\nB\u00e2ton de tirage: DPS 950h<br \/>\nRosace: RKP 50<br \/>\n<\/span>\n<\/div>\n<\/div>\n<hr>\n<div class=\"item\">\n<div class=\"slika-elite\">\n<div class=\"slika-noborder\"><img loading=\"lazy\" decoding=\"async\" class=\"alignnone size-full wp-image-1323\" src=\"http:\/\/grad-export.hr\/web\/wp-content\/uploads\/elite-model-liverpool\/liverpool05.jpg\" alt=\"Model Liverpool\" width=\"261\" height=\"550\" srcset=\"https:\/\/grad-export.hr\/web\/wp-content\/uploads\/elite-model-liverpool\/liverpool05.jpg 261w, https:\/\/grad-export.hr\/web\/wp-content\/uploads\/elite-model-liverpool\/liverpool05-191x403.jpg 191w\" sizes=\"(max-width: 261px) 100vw, 261px\" \/><\/div>\n<\/div>\n<div class=\"descr-elite\">\n<span><\/p>\n<h5>Mod\u00e8le: Liverpool<\/h5>\n<p>Couleur: GRIGIO ANTICO<br \/>\nVerre: PFL<br \/>\nMarqueterie: POLI<br \/>\nB\u00e2ton de tirage: KCR\u00a0115h<br \/>\nRosace: RKP 50<br \/>\n<\/span>\n<\/div>\n<\/div>\n<hr>\n<div class=\"item\">\n<div class=\"slika-elite\">\n<div class=\"slika-noborder\"><img loading=\"lazy\" decoding=\"async\" class=\"alignnone size-full wp-image-1324\" src=\"http:\/\/grad-export.hr\/web\/wp-content\/uploads\/elite-model-liverpool\/liverpool06.jpg\" alt=\"Model Liverpool\" width=\"261\" height=\"550\" srcset=\"https:\/\/grad-export.hr\/web\/wp-content\/uploads\/elite-model-liverpool\/liverpool06.jpg 261w, https:\/\/grad-export.hr\/web\/wp-content\/uploads\/elite-model-liverpool\/liverpool06-191x403.jpg 191w\" sizes=\"(max-width: 261px) 100vw, 261px\" \/><\/div>\n<\/div>\n<div class=\"descr-elite\">\n<span><\/p>\n<h5>Mod\u00e8le: Liverpool<\/h5>\n<p>Couleur: PUNTO GRIGIO<br \/>\nVerre: PFM<br \/>\nMarqueterie: POLI<br \/>\nB\u00e2ton de tirage: OPS 115h<br \/>\nRosace: RKP 50<br \/>\n<\/span>\n<\/div>\n<\/div>\n","protected":false},"excerpt":{"rendered":"<p>Mod\u00e8le: Liverpool Couleur RAL:\u00a07016 brillant\/ 7001 Verre: DPH Marqueterie: POLI B\u00e2ton de tirage: DPS\u00a0115h Rosace: RKP 50 Mod\u00e8le: Liverpool Couleur RAL: 9006 brillant\/ 9005 Verre: FPK Marqueterie: POLI B\u00e2ton de tirage: OPS\u00a0950h Rosace: RKP 50 Mod\u00e8le: Liverpool Couleur RAL:\u00a09016\u00a0mat Verre: DPL Marqueterie: BROSS\u00c9 B\u00e2ton de tirage: KCR 950h Rosace: RKP 50 Mod\u00e8le: Liverpool Couleur RAL:\u00a08017 [&hellip;]<\/p>\n","protected":false},"author":1,"featured_media":9498,"parent":0,"menu_order":0,"comment_status":"open","ping_status":"open","template":"","meta":{"ngg_post_thumbnail":0,"__cvm_playback_settings":[],"__cvm_video_id":"","footnotes":""},"class_list":["post-3968","page","type-page","status-publish","has-post-thumbnail","czr-hentry"],"_links":{"self":[{"href":"https:\/\/grad-export.hr\/fr\/wp-json\/wp\/v2\/pages\/3968"}],"collection":[{"href":"https:\/\/grad-export.hr\/fr\/wp-json\/wp\/v2\/pages"}],"about":[{"href":"https:\/\/grad-export.hr\/fr\/wp-json\/wp\/v2\/types\/page"}],"author":[{"embeddable":true,"href":"https:\/\/grad-export.hr\/fr\/wp-json\/wp\/v2\/users\/1"}],"replies":[{"embeddable":true,"href":"https:\/\/grad-export.hr\/fr\/wp-json\/wp\/v2\/comments?post=3968"}],"version-history":[{"count":2,"href":"https:\/\/grad-export.hr\/fr\/wp-json\/wp\/v2\/pages\/3968\/revisions"}],"predecessor-version":[{"id":31035,"href":"https:\/\/grad-export.hr\/fr\/wp-json\/wp\/v2\/pages\/3968\/revisions\/31035"}],"wp:featuredmedia":[{"embeddable":true,"href":"https:\/\/grad-export.hr\/fr\/wp-json\/wp\/v2\/media\/9498"}],"wp:attachment":[{"href":"https:\/\/grad-export.hr\/fr\/wp-json\/wp\/v2\/media?parent=3968"}],"curies":[{"name":"wp","href":"https:\/\/api.w.org\/{rel}","templated":true}]}}