{"id":3971,"date":"2015-03-30T20:22:11","date_gmt":"2015-03-30T20:22:11","guid":{"rendered":"http:\/\/grad-export.hr\/web\/?page_id=3971"},"modified":"2025-03-06T19:18:02","modified_gmt":"2025-03-06T19:18:02","slug":"model-lyon","status":"publish","type":"page","link":"https:\/\/grad-export.hr\/fr\/model-lyon","title":{"rendered":"Elite &#8211; Mod\u00e8le\u00a0Lyon"},"content":{"rendered":"<div class=\"item\">\n<div class=\"slika-elite\">\n<div class=\"slika-noborder\"><img loading=\"lazy\" decoding=\"async\" class=\"alignnone size-full wp-image-1342\" src=\"http:\/\/grad-export.hr\/web\/wp-content\/uploads\/elite-model-lyon\/lyon01.jpg\" alt=\"Model Lyon\" width=\"261\" height=\"536\" srcset=\"https:\/\/grad-export.hr\/web\/wp-content\/uploads\/elite-model-lyon\/lyon01.jpg 261w, https:\/\/grad-export.hr\/web\/wp-content\/uploads\/elite-model-lyon\/lyon01-196x403.jpg 196w\" sizes=\"(max-width: 261px) 100vw, 261px\" \/><\/div>\n<\/div>\n<div class=\"descr-elite\">\n<span><\/p>\n<h5>Mod\u00e8le: Lyon<\/h5>\n<p>Couleur:\u00a0PUNTO GRIGIO<br \/>\nVerre: DPE<br \/>\nApplication: POLI<br \/>\nB\u00e2ton de tirage: GPS 590h<br \/>\nRosace: ROP 50<br \/>\n<\/span>\n<\/div>\n<\/div>\n<hr>\n<div class=\"item\">\n<div class=\"slika-elite\">\n<div class=\"slika-noborder\"><img loading=\"lazy\" decoding=\"async\" class=\"alignnone size-full wp-image-1343\" src=\"http:\/\/grad-export.hr\/web\/wp-content\/uploads\/elite-model-lyon\/lyon02.jpg\" alt=\"Model Lyon\" width=\"261\" height=\"536\" srcset=\"https:\/\/grad-export.hr\/web\/wp-content\/uploads\/elite-model-lyon\/lyon02.jpg 261w, https:\/\/grad-export.hr\/web\/wp-content\/uploads\/elite-model-lyon\/lyon02-196x403.jpg 196w\" sizes=\"(max-width: 261px) 100vw, 261px\" \/><\/div>\n<\/div>\n<div class=\"descr-elite\">\n<span><\/p>\n<h5>Mod\u00e8le: Lyon<\/h5>\n<p>Couleur RAL: 7016 mat<br \/>\nVerre: PTK<br \/>\nApplication: POLI<br \/>\nB\u00e2ton de tirage: KPS 115h<br \/>\nRosace: ROP 50<br \/>\nNum\u00e9ro de maison: BJP 10<br \/>\n<\/span>\n<\/div>\n<\/div>\n<hr>\n<div class=\"item\">\n<div class=\"slika-elite\"><img loading=\"lazy\" decoding=\"async\" class=\"alignnone size-full wp-image-1344\" src=\"http:\/\/grad-export.hr\/web\/wp-content\/uploads\/elite-model-lyon\/lyon03.jpg\" alt=\"Model Lyon\" width=\"261\" height=\"535\" srcset=\"https:\/\/grad-export.hr\/web\/wp-content\/uploads\/elite-model-lyon\/lyon03.jpg 261w, https:\/\/grad-export.hr\/web\/wp-content\/uploads\/elite-model-lyon\/lyon03-196x403.jpg 196w\" sizes=\"(max-width: 261px) 100vw, 261px\" \/><\/div>\n<div class=\"descr-elite\">\n<span><\/p>\n<h5>Mod\u00e8le: Lyon<\/h5>\n<p>Couleur RAL: 9016\u00a0brillant<br \/>\nVerre: DPL<br \/>\nApplication: POLI<br \/>\nB\u00e2ton de tirage: GPK\u00a0590h<br \/>\nRosace: ROP 50<br \/>\n<\/span>\n<\/div>\n<\/div>\n<hr>\n<div class=\"item\">\n<div class=\"slika-elite\">\n<div class=\"slika-noborder\"><img loading=\"lazy\" decoding=\"async\" class=\"alignnone size-full wp-image-1345\" src=\"http:\/\/grad-export.hr\/web\/wp-content\/uploads\/elite-model-lyon\/lyon04.jpg\" alt=\"Model Lyon\" width=\"261\" height=\"536\" srcset=\"https:\/\/grad-export.hr\/web\/wp-content\/uploads\/elite-model-lyon\/lyon04.jpg 261w, https:\/\/grad-export.hr\/web\/wp-content\/uploads\/elite-model-lyon\/lyon04-196x403.jpg 196w\" sizes=\"(max-width: 261px) 100vw, 261px\" \/><\/div>\n<\/div>\n<div class=\"descr-elite\">\n<span><\/p>\n<h5>Mod\u00e8le: Lyon<\/h5>\n<p>Couleur: GRIGIO ANTICO<br \/>\nVerre: DPJ<br \/>\nApplication: POLI<br \/>\nB\u00e2ton de tirage:\u00a0GPS 590h<br \/>\nRosace: ROP 50<br \/>\n<\/span>\n<\/div>\n<\/div>\n<hr>\n<div class=\"item\">\n<div class=\"slika-elite\">\n<div class=\"slika-noborder\"><img loading=\"lazy\" decoding=\"async\" class=\"alignnone size-full wp-image-1346\" src=\"http:\/\/grad-export.hr\/web\/wp-content\/uploads\/elite-model-lyon\/lyon05.jpg\" alt=\"Model Lyon\" width=\"261\" height=\"536\" srcset=\"https:\/\/grad-export.hr\/web\/wp-content\/uploads\/elite-model-lyon\/lyon05.jpg 261w, https:\/\/grad-export.hr\/web\/wp-content\/uploads\/elite-model-lyon\/lyon05-196x403.jpg 196w\" sizes=\"(max-width: 261px) 100vw, 261px\" \/><\/div>\n<\/div>\n<div class=\"descr-elite\">\n<span><\/p>\n<h5>Mod\u00e8le: Lyon<\/h5>\n<p>Couleur RAL:\u00a08017 mat<br \/>\nVerre: DPC<br \/>\nApplication: POLI<br \/>\nB\u00e2ton de tirage: OPS 750h<br \/>\nRosace: ROP 50<br \/>\n<\/span>\n<\/div>\n<\/div>\n<hr>\n<div class=\"item\">\n<div class=\"slika-elite\">\n<div class=\"slika-noborder\"><img loading=\"lazy\" decoding=\"async\" class=\"alignnone size-full wp-image-1347\" src=\"http:\/\/grad-export.hr\/web\/wp-content\/uploads\/elite-model-lyon\/lyon06.jpg\" alt=\"Model Lyon\" width=\"261\" height=\"536\" srcset=\"https:\/\/grad-export.hr\/web\/wp-content\/uploads\/elite-model-lyon\/lyon06.jpg 261w, https:\/\/grad-export.hr\/web\/wp-content\/uploads\/elite-model-lyon\/lyon06-196x403.jpg 196w\" sizes=\"(max-width: 261px) 100vw, 261px\" \/><\/div>\n<\/div>\n<div class=\"descr-elite\">\n<span><\/p>\n<h5>Mod\u00e8le: Lyon<\/h5>\n<p>Couleur RAL:\u00a09006 brillant<br \/>\nVerre: PLM<br \/>\nApplication: POLI<br \/>\nB\u00e2ton de tirage: OCS 950h<br \/>\nRosace: ROP 50<br \/>\n<\/span>\n<\/div>\n<\/div>\n","protected":false},"excerpt":{"rendered":"<p>Mod\u00e8le: Lyon Couleur:\u00a0PUNTO GRIGIO Verre: DPE Application: POLI B\u00e2ton de tirage: GPS 590h Rosace: ROP 50 Mod\u00e8le: Lyon Couleur RAL: 7016 mat Verre: PTK Application: POLI B\u00e2ton de tirage: KPS 115h Rosace: ROP 50 Num\u00e9ro de maison: BJP 10 Mod\u00e8le: Lyon Couleur RAL: 9016\u00a0brillant Verre: DPL Application: POLI B\u00e2ton de tirage: GPK\u00a0590h Rosace: ROP 50 [&hellip;]<\/p>\n","protected":false},"author":1,"featured_media":9546,"parent":0,"menu_order":0,"comment_status":"open","ping_status":"open","template":"","meta":{"ngg_post_thumbnail":0,"__cvm_playback_settings":[],"__cvm_video_id":"","footnotes":""},"class_list":["post-3971","page","type-page","status-publish","has-post-thumbnail","czr-hentry"],"_links":{"self":[{"href":"https:\/\/grad-export.hr\/fr\/wp-json\/wp\/v2\/pages\/3971"}],"collection":[{"href":"https:\/\/grad-export.hr\/fr\/wp-json\/wp\/v2\/pages"}],"about":[{"href":"https:\/\/grad-export.hr\/fr\/wp-json\/wp\/v2\/types\/page"}],"author":[{"embeddable":true,"href":"https:\/\/grad-export.hr\/fr\/wp-json\/wp\/v2\/users\/1"}],"replies":[{"embeddable":true,"href":"https:\/\/grad-export.hr\/fr\/wp-json\/wp\/v2\/comments?post=3971"}],"version-history":[{"count":2,"href":"https:\/\/grad-export.hr\/fr\/wp-json\/wp\/v2\/pages\/3971\/revisions"}],"predecessor-version":[{"id":31038,"href":"https:\/\/grad-export.hr\/fr\/wp-json\/wp\/v2\/pages\/3971\/revisions\/31038"}],"wp:featuredmedia":[{"embeddable":true,"href":"https:\/\/grad-export.hr\/fr\/wp-json\/wp\/v2\/media\/9546"}],"wp:attachment":[{"href":"https:\/\/grad-export.hr\/fr\/wp-json\/wp\/v2\/media?parent=3971"}],"curies":[{"name":"wp","href":"https:\/\/api.w.org\/{rel}","templated":true}]}}