{"id":3974,"date":"2015-03-30T20:19:01","date_gmt":"2015-03-30T20:19:01","guid":{"rendered":"http:\/\/grad-export.hr\/web\/?page_id=3974"},"modified":"2025-03-06T19:16:59","modified_gmt":"2025-03-06T19:16:59","slug":"model-ljubljana","status":"publish","type":"page","link":"https:\/\/grad-export.hr\/fr\/model-ljubljana","title":{"rendered":"Elite &#8211; Mod\u00e8le\u00a0Ljubljana"},"content":{"rendered":"<div class=\"item\">\n<div class=\"slika-elite\">\n<div class=\"slika-noborder\"><img loading=\"lazy\" decoding=\"async\" class=\"alignnone size-full wp-image-1353\" src=\"http:\/\/grad-export.hr\/web\/wp-content\/uploads\/elite-model-ljubljana\/ljubljana01.jpg\" alt=\"Model Ljubljana\" width=\"261\" height=\"536\" srcset=\"https:\/\/grad-export.hr\/web\/wp-content\/uploads\/elite-model-ljubljana\/ljubljana01.jpg 261w, https:\/\/grad-export.hr\/web\/wp-content\/uploads\/elite-model-ljubljana\/ljubljana01-196x403.jpg 196w\" sizes=\"(max-width: 261px) 100vw, 261px\" \/><\/div>\n<\/div>\n<div class=\"descr-elite\">\n<span><\/p>\n<h5>Mod\u00e8le: Ljubljana<\/h5>\n<p>Couleur: GRIGIO ANTICO<br \/>\nVerre: TOL<br \/>\nApplications: BROSS\u00c9<br \/>\nB\u00e2ton de tirage: KCS\u00a0115h<br \/>\nRosace: RKP 50<br \/>\nDiode \u00e9lectroluminescente: LDK<br \/>\n<\/span>\n<\/div>\n<\/div>\n<hr>\n<div class=\"item\">\n<div class=\"slika-elite\">\n<div class=\"slika-noborder\"><img loading=\"lazy\" decoding=\"async\" class=\"alignnone size-full wp-image-1354\" src=\"http:\/\/grad-export.hr\/web\/wp-content\/uploads\/elite-model-ljubljana\/ljubljana02.jpg\" alt=\"Model Ljubljana\" width=\"261\" height=\"536\" srcset=\"https:\/\/grad-export.hr\/web\/wp-content\/uploads\/elite-model-ljubljana\/ljubljana02.jpg 261w, https:\/\/grad-export.hr\/web\/wp-content\/uploads\/elite-model-ljubljana\/ljubljana02-196x403.jpg 196w\" sizes=\"(max-width: 261px) 100vw, 261px\" \/><\/div>\n<\/div>\n<div class=\"descr-elite\">\n<span><\/p>\n<h5>Mod\u00e8le: Ljubljana<\/h5>\n<p>Couleur RAL:\u00a08017 mat<br \/>\nVerre: DPH<br \/>\nApplications: BROSS\u00c9<br \/>\nB\u00e2ton de tirage: OCS\u00a0950h<br \/>\nRosace: RKP 50<br \/>\n<\/span>\n<\/div>\n<\/div>\n<hr>\n<div class=\"item\">\n<div class=\"slika-elite\"><img loading=\"lazy\" decoding=\"async\" class=\"alignnone size-full wp-image-1355\" src=\"http:\/\/grad-export.hr\/web\/wp-content\/uploads\/elite-model-ljubljana\/ljubljana03.jpg\" alt=\"Model Ljubljana\" width=\"261\" height=\"536\" srcset=\"https:\/\/grad-export.hr\/web\/wp-content\/uploads\/elite-model-ljubljana\/ljubljana03.jpg 261w, https:\/\/grad-export.hr\/web\/wp-content\/uploads\/elite-model-ljubljana\/ljubljana03-196x403.jpg 196w\" sizes=\"(max-width: 261px) 100vw, 261px\" \/><\/div>\n<div class=\"descr-elite\">\n<span><\/p>\n<h5>Mod\u00e8le: Ljubljana<\/h5>\n<p>Couleur RAL:\u00a09016\u00a0brillant<br \/>\nVerre: DPK<br \/>\nApplications: POLI<br \/>\nB\u00e2ton de tirage: DPS\u00a0750h<br \/>\nRosace: RKP 50<br \/>\n<\/span>\n<\/div>\n<\/div>\n<hr>\n<div class=\"item\">\n<div class=\"slika-elite\">\n<div class=\"slika-noborder\"><img loading=\"lazy\" decoding=\"async\" class=\"alignnone size-full wp-image-1356\" src=\"http:\/\/grad-export.hr\/web\/wp-content\/uploads\/elite-model-ljubljana\/ljubljana04.jpg\" alt=\"Model Ljubljana\" width=\"261\" height=\"536\" srcset=\"https:\/\/grad-export.hr\/web\/wp-content\/uploads\/elite-model-ljubljana\/ljubljana04.jpg 261w, https:\/\/grad-export.hr\/web\/wp-content\/uploads\/elite-model-ljubljana\/ljubljana04-196x403.jpg 196w\" sizes=\"(max-width: 261px) 100vw, 261px\" \/><\/div>\n<\/div>\n<div class=\"descr-elite\">\n<span><\/p>\n<h5>Mod\u00e8le: Ljubljana<\/h5>\n<p>Couleur:\u00a0PUNTO GRIGIO<br \/>\nVerre:\u00a0SPM<br \/>\nApplications: POLI<br \/>\nB\u00e2ton de tirage: DPS 750h<br \/>\nRosace: RKP 50<br \/>\n<\/span>\n<\/div>\n<\/div>\n<hr>\n<div class=\"item\">\n<div class=\"slika-elite\">\n<div class=\"slika-noborder\"><img loading=\"lazy\" decoding=\"async\" class=\"alignnone size-full wp-image-1357\" src=\"http:\/\/grad-export.hr\/web\/wp-content\/uploads\/elite-model-ljubljana\/ljubljana05.jpg\" alt=\"Model Ljubljana\" width=\"261\" height=\"536\" srcset=\"https:\/\/grad-export.hr\/web\/wp-content\/uploads\/elite-model-ljubljana\/ljubljana05.jpg 261w, https:\/\/grad-export.hr\/web\/wp-content\/uploads\/elite-model-ljubljana\/ljubljana05-196x403.jpg 196w\" sizes=\"(max-width: 261px) 100vw, 261px\" \/><\/div>\n<\/div>\n<div class=\"descr-elite\">\n<span><\/p>\n<h5>Mod\u00e8le: Ljubljana<\/h5>\n<p>Couleur RAL:\u00a07016 brillant<br \/>\nVerre: DPB<br \/>\nApplications: POLI<br \/>\nB\u00e2ton de tirage: DPS 115h<br \/>\nRosace: RKP 50<br \/>\nNum\u00e9ro de maison: BDP 10<br \/>\n<\/span>\n<\/div>\n<\/div>\n<hr>\n<div class=\"item\">\n<div class=\"slika-elite\">\n<div class=\"slika-noborder\"><img loading=\"lazy\" decoding=\"async\" class=\"alignnone size-full wp-image-1358\" src=\"http:\/\/grad-export.hr\/web\/wp-content\/uploads\/elite-model-ljubljana\/ljubljana06.jpg\" alt=\"Model Ljubljana\" width=\"261\" height=\"536\" srcset=\"https:\/\/grad-export.hr\/web\/wp-content\/uploads\/elite-model-ljubljana\/ljubljana06.jpg 261w, https:\/\/grad-export.hr\/web\/wp-content\/uploads\/elite-model-ljubljana\/ljubljana06-196x403.jpg 196w\" sizes=\"(max-width: 261px) 100vw, 261px\" \/><\/div>\n<\/div>\n<div class=\"descr-elite\">\n<span><\/p>\n<h5>Mod\u00e8le: Ljubljana<\/h5>\n<p>Couleur RAL:\u00a09006\u00a0mat<br \/>\nVerre: DPE<br \/>\nApplications: POLI<br \/>\nB\u00e2ton de tirage: DPS 750h<br \/>\nRosace: RKP 50<br \/>\n<\/span>\n<\/div>\n<\/div>\n","protected":false},"excerpt":{"rendered":"<p>Mod\u00e8le: Ljubljana Couleur: GRIGIO ANTICO Verre: TOL Applications: BROSS\u00c9 B\u00e2ton de tirage: KCS\u00a0115h Rosace: RKP 50 Diode \u00e9lectroluminescente: LDK Mod\u00e8le: Ljubljana Couleur RAL:\u00a08017 mat Verre: DPH Applications: BROSS\u00c9 B\u00e2ton de tirage: OCS\u00a0950h Rosace: RKP 50 Mod\u00e8le: Ljubljana Couleur RAL:\u00a09016\u00a0brillant Verre: DPK Applications: POLI B\u00e2ton de tirage: DPS\u00a0750h Rosace: RKP 50 Mod\u00e8le: Ljubljana Couleur:\u00a0PUNTO GRIGIO Verre:\u00a0SPM [&hellip;]<\/p>\n","protected":false},"author":1,"featured_media":9570,"parent":0,"menu_order":0,"comment_status":"open","ping_status":"open","template":"","meta":{"ngg_post_thumbnail":0,"__cvm_playback_settings":[],"__cvm_video_id":"","footnotes":""},"class_list":["post-3974","page","type-page","status-publish","has-post-thumbnail","czr-hentry"],"_links":{"self":[{"href":"https:\/\/grad-export.hr\/fr\/wp-json\/wp\/v2\/pages\/3974"}],"collection":[{"href":"https:\/\/grad-export.hr\/fr\/wp-json\/wp\/v2\/pages"}],"about":[{"href":"https:\/\/grad-export.hr\/fr\/wp-json\/wp\/v2\/types\/page"}],"author":[{"embeddable":true,"href":"https:\/\/grad-export.hr\/fr\/wp-json\/wp\/v2\/users\/1"}],"replies":[{"embeddable":true,"href":"https:\/\/grad-export.hr\/fr\/wp-json\/wp\/v2\/comments?post=3974"}],"version-history":[{"count":2,"href":"https:\/\/grad-export.hr\/fr\/wp-json\/wp\/v2\/pages\/3974\/revisions"}],"predecessor-version":[{"id":31036,"href":"https:\/\/grad-export.hr\/fr\/wp-json\/wp\/v2\/pages\/3974\/revisions\/31036"}],"wp:featuredmedia":[{"embeddable":true,"href":"https:\/\/grad-export.hr\/fr\/wp-json\/wp\/v2\/media\/9570"}],"wp:attachment":[{"href":"https:\/\/grad-export.hr\/fr\/wp-json\/wp\/v2\/media?parent=3974"}],"curies":[{"name":"wp","href":"https:\/\/api.w.org\/{rel}","templated":true}]}}