{"id":4076,"date":"2015-03-31T16:28:53","date_gmt":"2015-03-31T16:28:53","guid":{"rendered":"http:\/\/grad-export.hr\/web\/?page_id=4076"},"modified":"2025-03-06T19:30:34","modified_gmt":"2025-03-06T19:30:34","slug":"model-milano","status":"publish","type":"page","link":"https:\/\/grad-export.hr\/fr\/model-milano","title":{"rendered":"Elite &#8211; Mod\u00e8le\u00a0Milano"},"content":{"rendered":"<div class=\"item\">\n<div class=\"slika-elite\">\n<div class=\"slika-noborder\"><img loading=\"lazy\" decoding=\"async\" class=\"alignnone size-full wp-image-1400\" src=\"http:\/\/grad-export.hr\/web\/wp-content\/uploads\/elite-model-milano\/milano01.jpg\" alt=\"Model Milano\" width=\"261\" height=\"536\" srcset=\"https:\/\/grad-export.hr\/web\/wp-content\/uploads\/elite-model-milano\/milano01.jpg 261w, https:\/\/grad-export.hr\/web\/wp-content\/uploads\/elite-model-milano\/milano01-196x403.jpg 196w\" sizes=\"(max-width: 261px) 100vw, 261px\" \/><\/div>\n<\/div>\n<div class=\"descr-elite\">\n<span><\/p>\n<h5>Mod\u00e8le: Milano<\/h5>\n<p>Couleur: GRIGIO ANTICO<br \/>\nVerre: DPZ<br \/>\nApplications: POLI<br \/>\nB\u00e2ton de tirage: OPS 115h<br \/>\nRosace: RKP 50<br \/>\n<\/span>\n<\/div>\n<\/div>\n<hr>\n<div class=\"item\">\n<div class=\"slika-elite\">\n<div class=\"slika-noborder\"><img loading=\"lazy\" decoding=\"async\" class=\"alignnone size-full wp-image-1401\" src=\"http:\/\/grad-export.hr\/web\/wp-content\/uploads\/elite-model-milano\/milano02.jpg\" alt=\"Model Milano\" width=\"261\" height=\"536\" srcset=\"https:\/\/grad-export.hr\/web\/wp-content\/uploads\/elite-model-milano\/milano02.jpg 261w, https:\/\/grad-export.hr\/web\/wp-content\/uploads\/elite-model-milano\/milano02-196x403.jpg 196w\" sizes=\"(max-width: 261px) 100vw, 261px\" \/><\/div>\n<\/div>\n<div class=\"descr-elite\">\n<span><\/p>\n<h5>Mod\u00e8le: Milano<\/h5>\n<p>Couleur RAL:\u00a07016 brillant<br \/>\nVerre:\u00a0DPU<br \/>\nApplications: POLI<br \/>\nB\u00e2ton de tirage: DPS 750h<br \/>\nRosace: RKP 50<br \/>\nProtection per panneau: PZP 10<br \/>\n<\/span>\n<\/div>\n<\/div>\n<hr>\n<div class=\"item\">\n<div class=\"slika-elite\"><img loading=\"lazy\" decoding=\"async\" class=\"alignnone size-full wp-image-1402\" src=\"http:\/\/grad-export.hr\/web\/wp-content\/uploads\/elite-model-milano\/milano03.jpg\" alt=\"Model Milano\" width=\"261\" height=\"536\" srcset=\"https:\/\/grad-export.hr\/web\/wp-content\/uploads\/elite-model-milano\/milano03.jpg 261w, https:\/\/grad-export.hr\/web\/wp-content\/uploads\/elite-model-milano\/milano03-196x403.jpg 196w\" sizes=\"(max-width: 261px) 100vw, 261px\" \/><\/div>\n<div class=\"descr-elite\">\n<span><\/p>\n<h5>Mod\u00e8le: Milano<\/h5>\n<p>Couleur RAL:\u00a09016\u00a0mat<br \/>\nVerre: DPC<br \/>\nApplications: POLI<br \/>\nB\u00e2ton de tirage: GPS\u00a0490h<br \/>\nRosace:\u00a0RKP 50<br \/>\n<\/span>\n<\/div>\n<\/div>\n<hr>\n<div class=\"item\">\n<div class=\"slika-elite\">\n<div class=\"slika-noborder\"><img loading=\"lazy\" decoding=\"async\" class=\"alignnone size-full wp-image-1403\" src=\"http:\/\/grad-export.hr\/web\/wp-content\/uploads\/elite-model-milano\/milano04.jpg\" alt=\"Model Milano\" width=\"261\" height=\"536\" srcset=\"https:\/\/grad-export.hr\/web\/wp-content\/uploads\/elite-model-milano\/milano04.jpg 261w, https:\/\/grad-export.hr\/web\/wp-content\/uploads\/elite-model-milano\/milano04-196x403.jpg 196w\" sizes=\"(max-width: 261px) 100vw, 261px\" \/><\/div>\n<\/div>\n<div class=\"descr-elite\">\n<span><\/p>\n<h5>Mod\u00e8le: Milano<\/h5>\n<p>Couleur:\u00a0PUNTO GRIGIO<br \/>\nVerre:\u00a0PFL<br \/>\nApplications: BROSS\u00c9<br \/>\nB\u00e2ton de tirage:\u00a0KCS 115h<br \/>\nRosace: RKP 50<br \/>\n<\/span>\n<\/div>\n<\/div>\n<hr>\n<div class=\"item\">\n<div class=\"slika-elite\">\n<div class=\"slika-noborder\"><img loading=\"lazy\" decoding=\"async\" class=\"alignnone size-full wp-image-1404\" src=\"http:\/\/grad-export.hr\/web\/wp-content\/uploads\/elite-model-milano\/milano05.jpg\" alt=\"Model Milano\" width=\"261\" height=\"536\" srcset=\"https:\/\/grad-export.hr\/web\/wp-content\/uploads\/elite-model-milano\/milano05.jpg 261w, https:\/\/grad-export.hr\/web\/wp-content\/uploads\/elite-model-milano\/milano05-196x403.jpg 196w\" sizes=\"(max-width: 261px) 100vw, 261px\" \/><\/div>\n<\/div>\n<div class=\"descr-elite\">\n<span><\/p>\n<h5>Mod\u00e8le: Milano<\/h5>\n<p>Couleur RAL:\u00a09006 brillant<br \/>\nVerre: PLM<br \/>\nApplications: POLI<br \/>\nB\u00e2ton de tirage: DPS 950h<br \/>\nRosace: RKP 50<br \/>\n<\/span>\n<\/div>\n<\/div>\n<hr>\n<div class=\"item\">\n<div class=\"slika-elite\">\n<div class=\"slika-noborder\"><img loading=\"lazy\" decoding=\"async\" class=\"alignnone size-full wp-image-1405\" src=\"http:\/\/grad-export.hr\/web\/wp-content\/uploads\/elite-model-milano\/milano06.jpg\" alt=\"Model Milano\" width=\"261\" height=\"536\" srcset=\"https:\/\/grad-export.hr\/web\/wp-content\/uploads\/elite-model-milano\/milano06.jpg 261w, https:\/\/grad-export.hr\/web\/wp-content\/uploads\/elite-model-milano\/milano06-196x403.jpg 196w\" sizes=\"(max-width: 261px) 100vw, 261px\" \/><\/div>\n<\/div>\n<div class=\"descr-elite\">\n<span><\/p>\n<h5>Mod\u00e8le: Milano<\/h5>\n<p>Couleur RAL:\u00a06005 brillant<br \/>\nVerre: DPL<br \/>\nApplications: BROSS\u00c9<br \/>\nB\u00e2ton de tirage: KCS 750h<br \/>\nRosace: RKP 50<br \/>\nNum\u00e9ro de maison: BDC 11<br \/>\n<\/span>\n<\/div>\n<\/div>\n","protected":false},"excerpt":{"rendered":"<p>Mod\u00e8le: Milano Couleur: GRIGIO ANTICO Verre: DPZ Applications: POLI B\u00e2ton de tirage: OPS 115h Rosace: RKP 50 Mod\u00e8le: Milano Couleur RAL:\u00a07016 brillant Verre:\u00a0DPU Applications: POLI B\u00e2ton de tirage: DPS 750h Rosace: RKP 50 Protection per panneau: PZP 10 Mod\u00e8le: Milano Couleur RAL:\u00a09016\u00a0mat Verre: DPC Applications: POLI B\u00e2ton de tirage: GPS\u00a0490h Rosace:\u00a0RKP 50 Mod\u00e8le: Milano Couleur:\u00a0PUNTO [&hellip;]<\/p>\n","protected":false},"author":1,"featured_media":9666,"parent":0,"menu_order":0,"comment_status":"open","ping_status":"open","template":"","meta":{"ngg_post_thumbnail":0,"__cvm_playback_settings":[],"__cvm_video_id":"","footnotes":""},"class_list":["post-4076","page","type-page","status-publish","has-post-thumbnail","czr-hentry"],"_links":{"self":[{"href":"https:\/\/grad-export.hr\/fr\/wp-json\/wp\/v2\/pages\/4076"}],"collection":[{"href":"https:\/\/grad-export.hr\/fr\/wp-json\/wp\/v2\/pages"}],"about":[{"href":"https:\/\/grad-export.hr\/fr\/wp-json\/wp\/v2\/types\/page"}],"author":[{"embeddable":true,"href":"https:\/\/grad-export.hr\/fr\/wp-json\/wp\/v2\/users\/1"}],"replies":[{"embeddable":true,"href":"https:\/\/grad-export.hr\/fr\/wp-json\/wp\/v2\/comments?post=4076"}],"version-history":[{"count":4,"href":"https:\/\/grad-export.hr\/fr\/wp-json\/wp\/v2\/pages\/4076\/revisions"}],"predecessor-version":[{"id":31051,"href":"https:\/\/grad-export.hr\/fr\/wp-json\/wp\/v2\/pages\/4076\/revisions\/31051"}],"wp:featuredmedia":[{"embeddable":true,"href":"https:\/\/grad-export.hr\/fr\/wp-json\/wp\/v2\/media\/9666"}],"wp:attachment":[{"href":"https:\/\/grad-export.hr\/fr\/wp-json\/wp\/v2\/media?parent=4076"}],"curies":[{"name":"wp","href":"https:\/\/api.w.org\/{rel}","templated":true}]}}