{"id":4149,"date":"2015-03-31T20:49:26","date_gmt":"2015-03-31T20:49:26","guid":{"rendered":"http:\/\/grad-export.hr\/web\/?page_id=4149"},"modified":"2025-03-07T07:37:21","modified_gmt":"2025-03-07T07:37:21","slug":"model-sarajevo","status":"publish","type":"page","link":"https:\/\/grad-export.hr\/fr\/model-sarajevo","title":{"rendered":"Elite &#8211; Mod\u00e8le\u00a0Sarajevo"},"content":{"rendered":"<div class=\"item\">\n<div class=\"slika-elite\">\n<div class=\"slika-noborder\"><img loading=\"lazy\" decoding=\"async\" class=\"alignnone size-full wp-image-1474\" src=\"http:\/\/grad-export.hr\/web\/wp-content\/uploads\/elite-model-sarajevo\/sarajevo01.jpg\" alt=\"Model Sarajevo\" width=\"261\" height=\"536\" srcset=\"https:\/\/grad-export.hr\/web\/wp-content\/uploads\/elite-model-sarajevo\/sarajevo01.jpg 261w, https:\/\/grad-export.hr\/web\/wp-content\/uploads\/elite-model-sarajevo\/sarajevo01-196x403.jpg 196w\" sizes=\"(max-width: 261px) 100vw, 261px\" \/><\/div>\n<\/div>\n<div class=\"descr-elite\">\n<span><\/p>\n<h5>Mod\u00e8le: Sarajevo<\/h5>\n<p>Couleur RAL:\u00a07016 brillant<br \/>\nVerre: DPC<br \/>\nApplications: POLI<br \/>\nB\u00e2ton de tirage: GPK\u00a0590h<br \/>\nRosace: ROP 50<br \/>\n<\/span>\n<\/div>\n<\/div>\n<hr>\n<div class=\"item\">\n<div class=\"slika-elite\"><img loading=\"lazy\" decoding=\"async\" class=\"alignnone size-full wp-image-1475\" src=\"http:\/\/grad-export.hr\/web\/wp-content\/uploads\/elite-model-sarajevo\/sarajevo02.jpg\" alt=\"Model Sarajevo\" width=\"261\" height=\"536\" srcset=\"https:\/\/grad-export.hr\/web\/wp-content\/uploads\/elite-model-sarajevo\/sarajevo02.jpg 261w, https:\/\/grad-export.hr\/web\/wp-content\/uploads\/elite-model-sarajevo\/sarajevo02-196x403.jpg 196w\" sizes=\"(max-width: 261px) 100vw, 261px\" \/><\/div>\n<div class=\"descr-elite\">\n<span><\/p>\n<h5>Mod\u00e8le: Sarajevo<\/h5>\n<p>Couleur RAL: 9016\u00a0mat<br \/>\nVerre: DPZ<br \/>\nApplications: BROSS\u00c9<br \/>\nB\u00e2ton de tirage: OCS 550h<br \/>\nRosace: ROP 50<br \/>\n<\/span>\n<\/div>\n<\/div>\n<hr>\n<div class=\"item\">\n<div class=\"slika-elite\">\n<div class=\"slika-noborder\"><img loading=\"lazy\" decoding=\"async\" class=\"alignnone size-full wp-image-1477\" src=\"http:\/\/grad-export.hr\/web\/wp-content\/uploads\/elite-model-sarajevo\/sarajevo04.jpg\" alt=\"Model Sarajevo\" width=\"261\" height=\"536\" srcset=\"https:\/\/grad-export.hr\/web\/wp-content\/uploads\/elite-model-sarajevo\/sarajevo04.jpg 261w, https:\/\/grad-export.hr\/web\/wp-content\/uploads\/elite-model-sarajevo\/sarajevo04-196x403.jpg 196w\" sizes=\"(max-width: 261px) 100vw, 261px\" \/><\/div>\n<\/div>\n<div class=\"descr-elite\">\n<span><\/p>\n<h5>Mod\u00e8le: Sarajevo<\/h5>\n<p>Couleur:\u00a0GRIGIO ANTICO<br \/>\nVerre: PTB<br \/>\nApplications: POLI<br \/>\nB\u00e2ton de tirage: CPD\u00a0495h<br \/>\nRosace:\u00a0ROP 50<br \/>\nProtection pour panneau: PZP 10<br \/>\n<\/span>\n<\/div>\n<\/div>\n<hr>\n<div class=\"item\">\n<div class=\"slika-elite\">\n<div class=\"slika-noborder\"><img loading=\"lazy\" decoding=\"async\" class=\"alignnone size-full wp-image-1476\" src=\"http:\/\/grad-export.hr\/web\/wp-content\/uploads\/elite-model-sarajevo\/sarajevo03.jpg\" alt=\"Model Sarajevo\" width=\"261\" height=\"536\" srcset=\"https:\/\/grad-export.hr\/web\/wp-content\/uploads\/elite-model-sarajevo\/sarajevo03.jpg 261w, https:\/\/grad-export.hr\/web\/wp-content\/uploads\/elite-model-sarajevo\/sarajevo03-196x403.jpg 196w\" sizes=\"(max-width: 261px) 100vw, 261px\" \/><\/div>\n<\/div>\n<div class=\"descr-elite\">\n<span><\/p>\n<h5>Mod\u00e8le: Sarajevo<\/h5>\n<p>Couleur:\u00a0GRIGIO ANTICO<br \/>\nVerre: DPB<br \/>\nApplications: POLI<br \/>\nB\u00e2ton de tirage: GPS 590h<br \/>\nRosace: ROP 50<br \/>\n<\/span>\n<\/div>\n<\/div>\n<hr>\n<div class=\"item\">\n<div class=\"slika-elite\"><img loading=\"lazy\" decoding=\"async\" class=\"alignnone size-full wp-image-1478\" src=\"http:\/\/grad-export.hr\/web\/wp-content\/uploads\/elite-model-sarajevo\/sarajevo05.jpg\" alt=\"Model Sarajevo\" width=\"261\" height=\"536\" srcset=\"https:\/\/grad-export.hr\/web\/wp-content\/uploads\/elite-model-sarajevo\/sarajevo05.jpg 261w, https:\/\/grad-export.hr\/web\/wp-content\/uploads\/elite-model-sarajevo\/sarajevo05-196x403.jpg 196w\" sizes=\"(max-width: 261px) 100vw, 261px\" \/><\/div>\n<div class=\"descr-elite\">\n<span><\/p>\n<h5>Mod\u00e8le: Sarajevo<\/h5>\n<p>Couleur RAL: 3004\/\u00a09016\u00a0mat<br \/>\nVerre:\u00a0TOL<br \/>\nApplications: POLI<br \/>\nB\u00e2ton de tirage: GPS 590h<br \/>\nRosace: RKP 50<br \/>\n<\/span>\n<\/div>\n<\/div>\n<hr>\n<div class=\"item\">\n<div class=\"slika-elite\">\n<div class=\"slika-noborder\"><img loading=\"lazy\" decoding=\"async\" class=\"alignnone size-full wp-image-1479\" src=\"http:\/\/grad-export.hr\/web\/wp-content\/uploads\/elite-model-sarajevo\/sarajevo06.jpg\" alt=\"Model Sarajevo\" width=\"261\" height=\"536\" srcset=\"https:\/\/grad-export.hr\/web\/wp-content\/uploads\/elite-model-sarajevo\/sarajevo06.jpg 261w, https:\/\/grad-export.hr\/web\/wp-content\/uploads\/elite-model-sarajevo\/sarajevo06-196x403.jpg 196w\" sizes=\"(max-width: 261px) 100vw, 261px\" \/><\/div>\n<\/div>\n<div class=\"descr-elite\">\n<span><\/p>\n<h5>Mod\u00e8le: Sarajevo<\/h5>\n<p>Couleur RAL: 9006\u00a0brillant<br \/>\nVerre:\u00a0POT<br \/>\nApplications: BROSS\u00c9<br \/>\nB\u00e2ton de tirage: KPS\u00a0950h<br \/>\nRosace: ROP 50<br \/>\nNum\u00e9ro de maison: BDP 10<br \/>\n<\/span>\n<\/div>\n<\/div>\n","protected":false},"excerpt":{"rendered":"<p>Mod\u00e8le: Sarajevo Couleur RAL:\u00a07016 brillant Verre: DPC Applications: POLI B\u00e2ton de tirage: GPK\u00a0590h Rosace: ROP 50 Mod\u00e8le: Sarajevo Couleur RAL: 9016\u00a0mat Verre: DPZ Applications: BROSS\u00c9 B\u00e2ton de tirage: OCS 550h Rosace: ROP 50 Mod\u00e8le: Sarajevo Couleur:\u00a0GRIGIO ANTICO Verre: PTB Applications: POLI B\u00e2ton de tirage: CPD\u00a0495h Rosace:\u00a0ROP 50 Protection pour panneau: PZP 10 Mod\u00e8le: Sarajevo Couleur:\u00a0GRIGIO [&hellip;]<\/p>\n","protected":false},"author":1,"featured_media":9834,"parent":0,"menu_order":0,"comment_status":"open","ping_status":"open","template":"","meta":{"ngg_post_thumbnail":0,"__cvm_playback_settings":[],"__cvm_video_id":"","footnotes":""},"class_list":["post-4149","page","type-page","status-publish","has-post-thumbnail","czr-hentry"],"_links":{"self":[{"href":"https:\/\/grad-export.hr\/fr\/wp-json\/wp\/v2\/pages\/4149"}],"collection":[{"href":"https:\/\/grad-export.hr\/fr\/wp-json\/wp\/v2\/pages"}],"about":[{"href":"https:\/\/grad-export.hr\/fr\/wp-json\/wp\/v2\/types\/page"}],"author":[{"embeddable":true,"href":"https:\/\/grad-export.hr\/fr\/wp-json\/wp\/v2\/users\/1"}],"replies":[{"embeddable":true,"href":"https:\/\/grad-export.hr\/fr\/wp-json\/wp\/v2\/comments?post=4149"}],"version-history":[{"count":2,"href":"https:\/\/grad-export.hr\/fr\/wp-json\/wp\/v2\/pages\/4149\/revisions"}],"predecessor-version":[{"id":31148,"href":"https:\/\/grad-export.hr\/fr\/wp-json\/wp\/v2\/pages\/4149\/revisions\/31148"}],"wp:featuredmedia":[{"embeddable":true,"href":"https:\/\/grad-export.hr\/fr\/wp-json\/wp\/v2\/media\/9834"}],"wp:attachment":[{"href":"https:\/\/grad-export.hr\/fr\/wp-json\/wp\/v2\/media?parent=4149"}],"curies":[{"name":"wp","href":"https:\/\/api.w.org\/{rel}","templated":true}]}}