{"id":4150,"date":"2015-03-31T20:51:08","date_gmt":"2015-03-31T20:51:08","guid":{"rendered":"http:\/\/grad-export.hr\/web\/?page_id=4150"},"modified":"2025-03-07T10:29:24","modified_gmt":"2025-03-07T10:29:24","slug":"model-torino","status":"publish","type":"page","link":"https:\/\/grad-export.hr\/fr\/model-torino","title":{"rendered":"Elite &#8211; Mod\u00e8le\u00a0Torino"},"content":{"rendered":"<div class=\"item\">\n<div class=\"slika-elite\">\n<div class=\"slika-noborder\"><img loading=\"lazy\" decoding=\"async\" class=\"alignnone size-full wp-image-1485\" src=\"http:\/\/grad-export.hr\/web\/wp-content\/uploads\/elite-model-torino\/torino01.jpg\" alt=\"Model Torino\" width=\"261\" height=\"536\" srcset=\"https:\/\/grad-export.hr\/web\/wp-content\/uploads\/elite-model-torino\/torino01.jpg 261w, https:\/\/grad-export.hr\/web\/wp-content\/uploads\/elite-model-torino\/torino01-196x403.jpg 196w\" sizes=\"(max-width: 261px) 100vw, 261px\" \/><\/div>\n<\/div>\n<div class=\"descr-elite\">\n<span><\/p>\n<h5>Mod\u00e8le: Torino<\/h5>\n<p>Couleur RAL: 7016 brillant<br \/>\nVerre: PFM<br \/>\nB\u00e2ton de tirage: DPS\u00a0950h<br \/>\nRosace: RKP 50<br \/>\nDiode \u00e9lectroluminescente: LDK<br \/>\n<\/span>\n<\/div>\n<\/div>\n<hr>\n<div class=\"item\">\n<div class=\"slika-elite\">\n<div class=\"slika-noborder\"><img loading=\"lazy\" decoding=\"async\" class=\"alignnone size-full wp-image-1486\" src=\"http:\/\/grad-export.hr\/web\/wp-content\/uploads\/elite-model-torino\/torino02.jpg\" alt=\"Model Torino\" width=\"261\" height=\"536\" srcset=\"https:\/\/grad-export.hr\/web\/wp-content\/uploads\/elite-model-torino\/torino02.jpg 261w, https:\/\/grad-export.hr\/web\/wp-content\/uploads\/elite-model-torino\/torino02-196x403.jpg 196w\" sizes=\"(max-width: 261px) 100vw, 261px\" \/><\/div>\n<\/div>\n<div class=\"descr-elite\">\n<span><\/p>\n<h5>Mod\u00e8le: Torino<\/h5>\n<p>Couleur:\u00a0GRIGIO ANTICO<br \/>\nVerre: PFB<br \/>\nB\u00e2ton de tirage: DPS 750h<br \/>\nRosace: RKP 50<br \/>\nNum\u00e9ro de maison: BDP 10<br \/>\n<\/span>\n<\/div>\n<\/div>\n<hr>\n<div class=\"item\">\n<div class=\"slika-elite\">\n<div class=\"slika-noborder\"><img loading=\"lazy\" decoding=\"async\" class=\"alignnone size-full wp-image-1487\" src=\"http:\/\/grad-export.hr\/web\/wp-content\/uploads\/elite-model-torino\/torino03.jpg\" alt=\"Model Torino\" width=\"261\" height=\"536\" srcset=\"https:\/\/grad-export.hr\/web\/wp-content\/uploads\/elite-model-torino\/torino03.jpg 261w, https:\/\/grad-export.hr\/web\/wp-content\/uploads\/elite-model-torino\/torino03-196x403.jpg 196w\" sizes=\"(max-width: 261px) 100vw, 261px\" \/><\/div>\n<\/div>\n<div class=\"descr-elite\">\n<span><\/p>\n<h5>Mod\u00e8le: Torino<\/h5>\n<p>Couleur RAL:\u00a08017 mat<br \/>\nVerre: DPA<br \/>\nB\u00e2ton de tirage: OPS\u00a0750h<br \/>\nRosace:\u00a0RKP 50<br \/>\n<\/span>\n<\/div>\n<\/div>\n<hr>\n<div class=\"item\">\n<div class=\"slika-elite\">\n<div class=\"slika-noborder\"><img loading=\"lazy\" decoding=\"async\" class=\"alignnone size-full wp-image-1488\" src=\"http:\/\/grad-export.hr\/web\/wp-content\/uploads\/elite-model-torino\/torino04.jpg\" alt=\"Model Torino\" width=\"261\" height=\"536\" srcset=\"https:\/\/grad-export.hr\/web\/wp-content\/uploads\/elite-model-torino\/torino04.jpg 261w, https:\/\/grad-export.hr\/web\/wp-content\/uploads\/elite-model-torino\/torino04-196x403.jpg 196w\" sizes=\"(max-width: 261px) 100vw, 261px\" \/><\/div>\n<\/div>\n<div class=\"descr-elite\">\n<span><\/p>\n<h5>Mod\u00e8le: Torino<\/h5>\n<p>Couleur:\u00a0PUNTO GRIGIO<br \/>\nVerre: DPL<br \/>\nB\u00e2ton de tirage: DPS 750h<br \/>\nRosace: RKP 50<br \/>\n<\/span>\n<\/div>\n<\/div>\n<hr>\n<div class=\"item\">\n<div class=\"slika-elite\"><img loading=\"lazy\" decoding=\"async\" class=\"alignnone size-full wp-image-1489\" src=\"http:\/\/grad-export.hr\/web\/wp-content\/uploads\/elite-model-torino\/torino05.jpg\" alt=\"Model Torino\" width=\"261\" height=\"536\" srcset=\"https:\/\/grad-export.hr\/web\/wp-content\/uploads\/elite-model-torino\/torino05.jpg 261w, https:\/\/grad-export.hr\/web\/wp-content\/uploads\/elite-model-torino\/torino05-196x403.jpg 196w\" sizes=\"(max-width: 261px) 100vw, 261px\" \/><\/div>\n<div class=\"descr-elite\">\n<span><\/p>\n<h5>Mod\u00e8le: Torino<\/h5>\n<p>Couleur:\u00a0PVC blanc<br \/>\nVerre:\u00a0PPM<br \/>\nB\u00e2ton de tirage: KPS\u00a0550h<br \/>\nRosace: RKP 50<br \/>\n<\/span>\n<\/div>\n<\/div>\n<hr>\n<div class=\"item\">\n<div class=\"slika-elite\">\n<div class=\"slika-noborder\"><img loading=\"lazy\" decoding=\"async\" class=\"alignnone size-full wp-image-1490\" src=\"http:\/\/grad-export.hr\/web\/wp-content\/uploads\/elite-model-torino\/torino06.jpg\" alt=\"Model Torino\" width=\"261\" height=\"536\" srcset=\"https:\/\/grad-export.hr\/web\/wp-content\/uploads\/elite-model-torino\/torino06.jpg 261w, https:\/\/grad-export.hr\/web\/wp-content\/uploads\/elite-model-torino\/torino06-196x403.jpg 196w\" sizes=\"(max-width: 261px) 100vw, 261px\" \/><\/div>\n<\/div>\n<div class=\"descr-elite\">\n<span><\/p>\n<h5>Mod\u00e8le: Torino<\/h5>\n<p>Couleur RAL: 9006\u00a0mat<br \/>\nVerre: DPR<br \/>\nB\u00e2ton de tirage: OPS\u00a0950h<br \/>\nRosace: RKP 50<br \/>\n<\/span>\n<\/div>\n<\/div>\n","protected":false},"excerpt":{"rendered":"<p>Mod\u00e8le: Torino Couleur RAL: 7016 brillant Verre: PFM B\u00e2ton de tirage: DPS\u00a0950h Rosace: RKP 50 Diode \u00e9lectroluminescente: LDK Mod\u00e8le: Torino Couleur:\u00a0GRIGIO ANTICO Verre: PFB B\u00e2ton de tirage: DPS 750h Rosace: RKP 50 Num\u00e9ro de maison: BDP 10 Mod\u00e8le: Torino Couleur RAL:\u00a08017 mat Verre: DPA B\u00e2ton de tirage: OPS\u00a0750h Rosace:\u00a0RKP 50 Mod\u00e8le: Torino Couleur:\u00a0PUNTO GRIGIO Verre: [&hellip;]<\/p>\n","protected":false},"author":1,"featured_media":9858,"parent":0,"menu_order":0,"comment_status":"open","ping_status":"open","template":"","meta":{"ngg_post_thumbnail":0,"__cvm_playback_settings":[],"__cvm_video_id":"","footnotes":""},"class_list":["post-4150","page","type-page","status-publish","has-post-thumbnail","czr-hentry"],"_links":{"self":[{"href":"https:\/\/grad-export.hr\/fr\/wp-json\/wp\/v2\/pages\/4150"}],"collection":[{"href":"https:\/\/grad-export.hr\/fr\/wp-json\/wp\/v2\/pages"}],"about":[{"href":"https:\/\/grad-export.hr\/fr\/wp-json\/wp\/v2\/types\/page"}],"author":[{"embeddable":true,"href":"https:\/\/grad-export.hr\/fr\/wp-json\/wp\/v2\/users\/1"}],"replies":[{"embeddable":true,"href":"https:\/\/grad-export.hr\/fr\/wp-json\/wp\/v2\/comments?post=4150"}],"version-history":[{"count":2,"href":"https:\/\/grad-export.hr\/fr\/wp-json\/wp\/v2\/pages\/4150\/revisions"}],"predecessor-version":[{"id":31213,"href":"https:\/\/grad-export.hr\/fr\/wp-json\/wp\/v2\/pages\/4150\/revisions\/31213"}],"wp:featuredmedia":[{"embeddable":true,"href":"https:\/\/grad-export.hr\/fr\/wp-json\/wp\/v2\/media\/9858"}],"wp:attachment":[{"href":"https:\/\/grad-export.hr\/fr\/wp-json\/wp\/v2\/media?parent=4150"}],"curies":[{"name":"wp","href":"https:\/\/api.w.org\/{rel}","templated":true}]}}