{"id":4153,"date":"2015-03-31T20:57:04","date_gmt":"2015-03-31T20:57:04","guid":{"rendered":"http:\/\/grad-export.hr\/web\/?page_id=4153"},"modified":"2025-03-07T10:32:17","modified_gmt":"2025-03-07T10:32:17","slug":"model-vienna","status":"publish","type":"page","link":"https:\/\/grad-export.hr\/fr\/model-vienna","title":{"rendered":"Elite &#8211; Mod\u00e8le\u00a0Vienna"},"content":{"rendered":"<div class=\"item\">\n<div class=\"slika-elite\">\n<div class=\"slika-noborder\"><img loading=\"lazy\" decoding=\"async\" class=\"alignnone size-full wp-image-1515\" src=\"http:\/\/grad-export.hr\/web\/wp-content\/uploads\/elite-model-vienna\/vienna01.jpg\" alt=\"Model Vienna\" width=\"261\" height=\"536\" srcset=\"https:\/\/grad-export.hr\/web\/wp-content\/uploads\/elite-model-vienna\/vienna01.jpg 261w, https:\/\/grad-export.hr\/web\/wp-content\/uploads\/elite-model-vienna\/vienna01-196x403.jpg 196w\" sizes=\"(max-width: 261px) 100vw, 261px\" \/><\/div>\n<\/div>\n<div class=\"descr-elite\">\n<span><\/p>\n<h5>Mod\u00e8le: Vienna<\/h5>\n<p>Couleur:\u00a0PUNTO GRIGIO<br \/>\nVerre: DPB<br \/>\nApplications: POLI<br \/>\nB\u00e2ton de tirage: DPS 950h<br \/>\nRosace: RKP 50<br \/>\nProtection pour panneau: PZP 10<br \/>\n<\/span>\n<\/div>\n<\/div>\n<hr>\n<div class=\"item\">\n<div class=\"slika-elite\">\n<div class=\"slika-noborder\"><img loading=\"lazy\" decoding=\"async\" class=\"alignnone size-full wp-image-1517\" src=\"http:\/\/grad-export.hr\/web\/wp-content\/uploads\/elite-model-vienna\/vienna03.jpg\" alt=\"Model Vienna\" width=\"261\" height=\"536\" srcset=\"https:\/\/grad-export.hr\/web\/wp-content\/uploads\/elite-model-vienna\/vienna03.jpg 261w, https:\/\/grad-export.hr\/web\/wp-content\/uploads\/elite-model-vienna\/vienna03-196x403.jpg 196w\" sizes=\"(max-width: 261px) 100vw, 261px\" \/><\/div>\n<\/div>\n<div class=\"descr-elite\">\n<span><\/p>\n<h5>Mod\u00e8le: Vienna<\/h5>\n<p>Couleur RAL:\u00a08017 mat<br \/>\nVerre: PLM<br \/>\nApplications: BROSS\u00c9<br \/>\nB\u00e2ton de tirage: KCS 115h<br \/>\nRosace: RKP 50<br \/>\n<\/span>\n<\/div>\n<\/div>\n<hr>\n<div class=\"item\">\n<div class=\"slika-elite\">\n<div class=\"slika-noborder\"><img loading=\"lazy\" decoding=\"async\" class=\"alignnone size-full wp-image-1516\" src=\"http:\/\/grad-export.hr\/web\/wp-content\/uploads\/elite-model-vienna\/vienna02.jpg\" alt=\"Model Vienna\" width=\"261\" height=\"536\" srcset=\"https:\/\/grad-export.hr\/web\/wp-content\/uploads\/elite-model-vienna\/vienna02.jpg 261w, https:\/\/grad-export.hr\/web\/wp-content\/uploads\/elite-model-vienna\/vienna02-196x403.jpg 196w\" sizes=\"(max-width: 261px) 100vw, 261px\" \/><\/div>\n<\/div>\n<div class=\"descr-elite\">\n<span><\/p>\n<h5>Mod\u00e8le: Vienna<\/h5>\n<p>Couleur RAL: 7016 mat<br \/>\nVerre: FPK<br \/>\nApplications: POLI<br \/>\nB\u00e2ton de tirage: DPS\u00a0950h<br \/>\nRosace:\u00a0RKP 50<br \/>\nNum\u00e9ro de maison: BDP\u00a010<br \/>\n<\/span>\n<\/div>\n<\/div>\n<hr>\n<div class=\"item\">\n<div class=\"slika-elite\">\n<div class=\"slika-noborder\"><img loading=\"lazy\" decoding=\"async\" class=\"alignnone size-full wp-image-1518\" src=\"http:\/\/grad-export.hr\/web\/wp-content\/uploads\/elite-model-vienna\/vienna04.jpg\" alt=\"Model Vienna\" width=\"261\" height=\"536\" srcset=\"https:\/\/grad-export.hr\/web\/wp-content\/uploads\/elite-model-vienna\/vienna04.jpg 261w, https:\/\/grad-export.hr\/web\/wp-content\/uploads\/elite-model-vienna\/vienna04-196x403.jpg 196w\" sizes=\"(max-width: 261px) 100vw, 261px\" \/><\/div>\n<\/div>\n<div class=\"descr-elite\">\n<span><\/p>\n<h5>Mod\u00e8le: Vienna<\/h5>\n<p>Couleur RAL:\u00a09006 mat<br \/>\nVerre: PFL<br \/>\nApplications: POLI<br \/>\nB\u00e2ton de tirage: OPS 550h<br \/>\nRosace: RKP 50<br \/>\n<\/span>\n<\/div>\n<\/div>\n<hr>\n<div class=\"item\">\n<div class=\"slika-elite\">\n<div class=\"slika-noborder\"><img loading=\"lazy\" decoding=\"async\" class=\"alignnone size-full wp-image-1519\" src=\"http:\/\/grad-export.hr\/web\/wp-content\/uploads\/elite-model-vienna\/vienna05.jpg\" alt=\"Model Vienna\" width=\"261\" height=\"536\" srcset=\"https:\/\/grad-export.hr\/web\/wp-content\/uploads\/elite-model-vienna\/vienna05.jpg 261w, https:\/\/grad-export.hr\/web\/wp-content\/uploads\/elite-model-vienna\/vienna05-196x403.jpg 196w\" sizes=\"(max-width: 261px) 100vw, 261px\" \/><\/div>\n<\/div>\n<div class=\"descr-elite\">\n<span><\/p>\n<h5>Mod\u00e8le: Vienna<\/h5>\n<p>Couleur: GRIGIO ANTICO<br \/>\nVerre: DPC<br \/>\nApplications: POLI<br \/>\nB\u00e2ton de tirage: DPK\u00a0115h<br \/>\nRosace: RKP 50<br \/>\n<\/span>\n<\/div>\n<\/div>\n<hr>\n<div class=\"item\">\n<div class=\"slika-elite\">\n<div class=\"slika-noborder\"><img loading=\"lazy\" decoding=\"async\" class=\"alignnone size-full wp-image-1520\" src=\"http:\/\/grad-export.hr\/web\/wp-content\/uploads\/elite-model-vienna\/vienna06.jpg\" alt=\"Model Vienna\" width=\"261\" height=\"536\" srcset=\"https:\/\/grad-export.hr\/web\/wp-content\/uploads\/elite-model-vienna\/vienna06.jpg 261w, https:\/\/grad-export.hr\/web\/wp-content\/uploads\/elite-model-vienna\/vienna06-196x403.jpg 196w\" sizes=\"(max-width: 261px) 100vw, 261px\" \/><\/div>\n<\/div>\n<div class=\"descr-elite\">\n<span><\/p>\n<h5>Mod\u00e8le: Vienna<\/h5>\n<p>Couleur RAL: 7016\u00a0mat<br \/>\nVerre: PFB<br \/>\nApplications: POLI<br \/>\nB\u00e2ton de tirage: OPS\u00a0115h<br \/>\nRosace: RKP 50<br \/>\n<\/span>\n<\/div>\n<\/div>\n","protected":false},"excerpt":{"rendered":"<p>Mod\u00e8le: Vienna Couleur:\u00a0PUNTO GRIGIO Verre: DPB Applications: POLI B\u00e2ton de tirage: DPS 950h Rosace: RKP 50 Protection pour panneau: PZP 10 Mod\u00e8le: Vienna Couleur RAL:\u00a08017 mat Verre: PLM Applications: BROSS\u00c9 B\u00e2ton de tirage: KCS 115h Rosace: RKP 50 Mod\u00e8le: Vienna Couleur RAL: 7016 mat Verre: FPK Applications: POLI B\u00e2ton de tirage: DPS\u00a0950h Rosace:\u00a0RKP 50 Num\u00e9ro [&hellip;]<\/p>\n","protected":false},"author":1,"featured_media":9930,"parent":0,"menu_order":0,"comment_status":"open","ping_status":"open","template":"","meta":{"ngg_post_thumbnail":0,"__cvm_playback_settings":[],"__cvm_video_id":"","footnotes":""},"class_list":["post-4153","page","type-page","status-publish","has-post-thumbnail","czr-hentry"],"_links":{"self":[{"href":"https:\/\/grad-export.hr\/fr\/wp-json\/wp\/v2\/pages\/4153"}],"collection":[{"href":"https:\/\/grad-export.hr\/fr\/wp-json\/wp\/v2\/pages"}],"about":[{"href":"https:\/\/grad-export.hr\/fr\/wp-json\/wp\/v2\/types\/page"}],"author":[{"embeddable":true,"href":"https:\/\/grad-export.hr\/fr\/wp-json\/wp\/v2\/users\/1"}],"replies":[{"embeddable":true,"href":"https:\/\/grad-export.hr\/fr\/wp-json\/wp\/v2\/comments?post=4153"}],"version-history":[{"count":2,"href":"https:\/\/grad-export.hr\/fr\/wp-json\/wp\/v2\/pages\/4153\/revisions"}],"predecessor-version":[{"id":31219,"href":"https:\/\/grad-export.hr\/fr\/wp-json\/wp\/v2\/pages\/4153\/revisions\/31219"}],"wp:featuredmedia":[{"embeddable":true,"href":"https:\/\/grad-export.hr\/fr\/wp-json\/wp\/v2\/media\/9930"}],"wp:attachment":[{"href":"https:\/\/grad-export.hr\/fr\/wp-json\/wp\/v2\/media?parent=4153"}],"curies":[{"name":"wp","href":"https:\/\/api.w.org\/{rel}","templated":true}]}}