{"id":4154,"date":"2015-03-31T20:58:11","date_gmt":"2015-03-31T20:58:11","guid":{"rendered":"http:\/\/grad-export.hr\/web\/?page_id=4154"},"modified":"2025-03-07T10:32:42","modified_gmt":"2025-03-07T10:32:42","slug":"model-warszawa","status":"publish","type":"page","link":"https:\/\/grad-export.hr\/fr\/model-warszawa","title":{"rendered":"Elite &#8211; Mod\u00e8le\u00a0Warszawa"},"content":{"rendered":"<div class=\"item\">\n<div class=\"slika-elite\">\n<div class=\"slika-noborder\"><img loading=\"lazy\" decoding=\"async\" class=\"alignnone size-full wp-image-1526\" src=\"http:\/\/grad-export.hr\/web\/wp-content\/uploads\/elite-model-warszawa\/warszawa01.jpg\" alt=\"Model Warszawa\" width=\"261\" height=\"536\" srcset=\"https:\/\/grad-export.hr\/web\/wp-content\/uploads\/elite-model-warszawa\/warszawa01.jpg 261w, https:\/\/grad-export.hr\/web\/wp-content\/uploads\/elite-model-warszawa\/warszawa01-196x403.jpg 196w\" sizes=\"(max-width: 261px) 100vw, 261px\" \/><\/div>\n<\/div>\n<div class=\"descr-elite\">\n<span><\/p>\n<h5>Mod\u00e8le: Warszawa<\/h5>\n<p>Couleur: GRIGIO ANTICO<br \/>\nVerre: DPC<br \/>\nApplications: POLI<br \/>\nB\u00e2ton de tirage: DPS\u00a0115h<br \/>\nRosace: RKP 50<br \/>\nProtection pour panneau: KZP 10<br \/>\n<\/span>\n<\/div>\n<\/div>\n<hr>\n<div class=\"item\">\n<div class=\"slika-elite\">\n<div class=\"slika-noborder\"><img loading=\"lazy\" decoding=\"async\" class=\"alignnone size-full wp-image-1527\" src=\"http:\/\/grad-export.hr\/web\/wp-content\/uploads\/elite-model-warszawa\/warszawa02.jpg\" alt=\"Model Warszawa\" width=\"261\" height=\"536\" srcset=\"https:\/\/grad-export.hr\/web\/wp-content\/uploads\/elite-model-warszawa\/warszawa02.jpg 261w, https:\/\/grad-export.hr\/web\/wp-content\/uploads\/elite-model-warszawa\/warszawa02-196x403.jpg 196w\" sizes=\"(max-width: 261px) 100vw, 261px\" \/><\/div>\n<\/div>\n<div class=\"descr-elite\">\n<span><\/p>\n<h5>Mod\u00e8le: Warszawa<\/h5>\n<p>Couleur RAL: 9006 mat<br \/>\nVerre: DPL<br \/>\nApplications: BROSS\u00c9<br \/>\nB\u00e2ton de tirage: KCS\u00a0950h<br \/>\nRosace: RKP 50<br \/>\nDiode \u00e9lectroluminescente: LDK<br \/>\n<\/span>\n<\/div>\n<\/div>\n<hr>\n<div class=\"item\">\n<div class=\"slika-elite\">\n<div class=\"slika-noborder\"><img loading=\"lazy\" decoding=\"async\" class=\"alignnone size-full wp-image-1528\" src=\"http:\/\/grad-export.hr\/web\/wp-content\/uploads\/elite-model-warszawa\/warszawa03.jpg\" alt=\"Model Warszawa\" width=\"261\" height=\"536\" srcset=\"https:\/\/grad-export.hr\/web\/wp-content\/uploads\/elite-model-warszawa\/warszawa03.jpg 261w, https:\/\/grad-export.hr\/web\/wp-content\/uploads\/elite-model-warszawa\/warszawa03-196x403.jpg 196w\" sizes=\"(max-width: 261px) 100vw, 261px\" \/><\/div>\n<\/div>\n<div class=\"descr-elite\">\n<span><\/p>\n<h5>Mod\u00e8le: Warszawa<\/h5>\n<p>Couleur:\u00a0PUNTO GRIGIO<br \/>\nVerre: PTB<br \/>\nApplications: POLI<br \/>\nB\u00e2ton de tirage: GPS\u00a0490h<br \/>\nRosace: RKP 50<br \/>\n<\/span>\n<\/div>\n<\/div>\n<hr>\n<div class=\"item\">\n<div class=\"slika-elite\"><img loading=\"lazy\" decoding=\"async\" class=\"alignnone size-full wp-image-1529\" src=\"http:\/\/grad-export.hr\/web\/wp-content\/uploads\/elite-model-warszawa\/warszawa04.jpg\" alt=\"Model Warszawa\" width=\"261\" height=\"536\" srcset=\"https:\/\/grad-export.hr\/web\/wp-content\/uploads\/elite-model-warszawa\/warszawa04.jpg 261w, https:\/\/grad-export.hr\/web\/wp-content\/uploads\/elite-model-warszawa\/warszawa04-196x403.jpg 196w\" sizes=\"(max-width: 261px) 100vw, 261px\" \/><\/div>\n<div class=\"descr-elite\">\n<span><\/p>\n<h5>Mod\u00e8le: Warszawa<\/h5>\n<p>Couleur:\u00a0PVC blanc<br \/>\nVerre: PFL<br \/>\nApplications: BROSS\u00c9<br \/>\nB\u00e2ton de tirage: KCS\u00a0750x<br \/>\nRosace: RKP 50<br \/>\n<\/span>\n<\/div>\n<\/div>\n<hr>\n<div class=\"item\">\n<div class=\"slika-elite\">\n<div class=\"slika-noborder\"><img loading=\"lazy\" decoding=\"async\" class=\"alignnone size-full wp-image-1530\" src=\"http:\/\/grad-export.hr\/web\/wp-content\/uploads\/elite-model-warszawa\/warszawa05.jpg\" alt=\"Model Warszawa\" width=\"261\" height=\"536\" srcset=\"https:\/\/grad-export.hr\/web\/wp-content\/uploads\/elite-model-warszawa\/warszawa05.jpg 261w, https:\/\/grad-export.hr\/web\/wp-content\/uploads\/elite-model-warszawa\/warszawa05-196x403.jpg 196w\" sizes=\"(max-width: 261px) 100vw, 261px\" \/><\/div>\n<\/div>\n<div class=\"descr-elite\">\n<span><\/p>\n<h5>Mod\u00e8le: Warszawa<\/h5>\n<p>Couleur RAL:\u00a07016 brillant<br \/>\nVerre: DPP<br \/>\nApplications: POLI<br \/>\nB\u00e2ton de tirage: DPS 950h<br \/>\nRosace: RKP 50<br \/>\nProtection pour panneau: PZP 10<br \/>\n<\/span>\n<\/div>\n<\/div>\n<hr>\n<div class=\"item\">\n<div class=\"slika-elite\">\n<div class=\"slika-noborder\"><img loading=\"lazy\" decoding=\"async\" class=\"alignnone size-full wp-image-1531\" src=\"http:\/\/grad-export.hr\/web\/wp-content\/uploads\/elite-model-warszawa\/warszawa06.jpg\" alt=\"Model Warszawa\" width=\"261\" height=\"536\" srcset=\"https:\/\/grad-export.hr\/web\/wp-content\/uploads\/elite-model-warszawa\/warszawa06.jpg 261w, https:\/\/grad-export.hr\/web\/wp-content\/uploads\/elite-model-warszawa\/warszawa06-196x403.jpg 196w\" sizes=\"(max-width: 261px) 100vw, 261px\" \/><\/div>\n<\/div>\n<div class=\"descr-elite\">\n<span><\/p>\n<h5>Mod\u00e8le: Warszawa<\/h5>\n<p>Couleur RAL:\u00a08017 mat<br \/>\nVerre: FPK<br \/>\nApplications: POLI<br \/>\nB\u00e2ton de tirage: GPS 490h<br \/>\nRosace: RKP 50<br \/>\n<\/span>\n<\/div>\n<\/div>\n","protected":false},"excerpt":{"rendered":"<p>Mod\u00e8le: Warszawa Couleur: GRIGIO ANTICO Verre: DPC Applications: POLI B\u00e2ton de tirage: DPS\u00a0115h Rosace: RKP 50 Protection pour panneau: KZP 10 Mod\u00e8le: Warszawa Couleur RAL: 9006 mat Verre: DPL Applications: BROSS\u00c9 B\u00e2ton de tirage: KCS\u00a0950h Rosace: RKP 50 Diode \u00e9lectroluminescente: LDK Mod\u00e8le: Warszawa Couleur:\u00a0PUNTO GRIGIO Verre: PTB Applications: POLI B\u00e2ton de tirage: GPS\u00a0490h Rosace: RKP [&hellip;]<\/p>\n","protected":false},"author":1,"featured_media":9954,"parent":0,"menu_order":0,"comment_status":"open","ping_status":"open","template":"","meta":{"ngg_post_thumbnail":0,"__cvm_playback_settings":[],"__cvm_video_id":"","footnotes":""},"class_list":["post-4154","page","type-page","status-publish","has-post-thumbnail","czr-hentry"],"_links":{"self":[{"href":"https:\/\/grad-export.hr\/fr\/wp-json\/wp\/v2\/pages\/4154"}],"collection":[{"href":"https:\/\/grad-export.hr\/fr\/wp-json\/wp\/v2\/pages"}],"about":[{"href":"https:\/\/grad-export.hr\/fr\/wp-json\/wp\/v2\/types\/page"}],"author":[{"embeddable":true,"href":"https:\/\/grad-export.hr\/fr\/wp-json\/wp\/v2\/users\/1"}],"replies":[{"embeddable":true,"href":"https:\/\/grad-export.hr\/fr\/wp-json\/wp\/v2\/comments?post=4154"}],"version-history":[{"count":2,"href":"https:\/\/grad-export.hr\/fr\/wp-json\/wp\/v2\/pages\/4154\/revisions"}],"predecessor-version":[{"id":31220,"href":"https:\/\/grad-export.hr\/fr\/wp-json\/wp\/v2\/pages\/4154\/revisions\/31220"}],"wp:featuredmedia":[{"embeddable":true,"href":"https:\/\/grad-export.hr\/fr\/wp-json\/wp\/v2\/media\/9954"}],"wp:attachment":[{"href":"https:\/\/grad-export.hr\/fr\/wp-json\/wp\/v2\/media?parent=4154"}],"curies":[{"name":"wp","href":"https:\/\/api.w.org\/{rel}","templated":true}]}}