{"id":4189,"date":"2015-04-01T20:57:23","date_gmt":"2015-04-01T20:57:23","guid":{"rendered":"http:\/\/grad-export.hr\/web\/?page_id=4189"},"modified":"2025-03-01T13:53:17","modified_gmt":"2025-03-01T13:53:17","slug":"model-basel","status":"publish","type":"page","link":"https:\/\/grad-export.hr\/fr\/model-basel","title":{"rendered":"Elite+ Mod\u00e8le\u00a0Basel"},"content":{"rendered":"<div class=\"item\">\n<div class=\"slika-elite\"><img loading=\"lazy\" decoding=\"async\" class=\"alignnone size-full wp-image-814\" src=\"http:\/\/grad-export.hr\/web\/wp-content\/uploads\/elite-model-basel\/basel01.jpg\" alt=\"Model Basel\" width=\"261\" height=\"536\" srcset=\"https:\/\/grad-export.hr\/web\/wp-content\/uploads\/elite-model-basel\/basel01.jpg 261w, https:\/\/grad-export.hr\/web\/wp-content\/uploads\/elite-model-basel\/basel01-196x403.jpg 196w\" sizes=\"(max-width: 261px) 100vw, 261px\" \/><\/div>\n<div class=\"descr-elite\">\n<span><\/p>\n<h5>Mod\u00e8le: Basel<\/h5>\n<p>Couleur RAL: 9016 mat<br \/>\nVerre: PPM<\/p>\n<p>Application:<br \/>\nFloat 6mm<br \/>\ntremp\u00e9\/\u00e9maill\u00e9 RAL 9006<\/p>\n<p>B\u00e2ton de tirage: OPS\u00a0950h<br \/>\nRosace:\u00a0RKP 50<br \/>\n<\/span>\n<\/div>\n<\/div>\n<hr>\n<div class=\"item\">\n<div class=\"slika-elite\">\n<div class=\"slika-noborder\"><img loading=\"lazy\" decoding=\"async\" class=\"alignnone size-full wp-image-815\" src=\"http:\/\/grad-export.hr\/web\/wp-content\/uploads\/elite-model-basel\/basel02.jpg\" alt=\"Model Basel\" width=\"261\" height=\"536\" srcset=\"https:\/\/grad-export.hr\/web\/wp-content\/uploads\/elite-model-basel\/basel02.jpg 261w, https:\/\/grad-export.hr\/web\/wp-content\/uploads\/elite-model-basel\/basel02-196x403.jpg 196w\" sizes=\"(max-width: 261px) 100vw, 261px\" \/><\/div>\n<\/div>\n<div class=\"descr-elite\">\n<span><\/p>\n<h5>Mod\u00e8le: Basel<\/h5>\n<p>Couleur: PUNTO GRIGIO<br \/>\nVerre: DPL<\/p>\n<p>Application:\u00a0<br \/>\nFloat 6mm<br \/>\ntremp\u00e9\/\u00e9maill\u00e9 RAL 9005<\/p>\n<p>B\u00e2ton de tirage: DPK\u00a0750h<br \/>\nRosace: RKP 50<br \/>\n<\/span>\n<\/div>\n<\/div>\n<hr>\n<div class=\"item\">\n<div class=\"slika-elite\">\n<div class=\"slika-noborder\"><img loading=\"lazy\" decoding=\"async\" class=\"alignnone size-full wp-image-816\" src=\"http:\/\/grad-export.hr\/web\/wp-content\/uploads\/elite-model-basel\/basel03.jpg\" alt=\"Model Basel\" width=\"261\" height=\"536\" srcset=\"https:\/\/grad-export.hr\/web\/wp-content\/uploads\/elite-model-basel\/basel03.jpg 261w, https:\/\/grad-export.hr\/web\/wp-content\/uploads\/elite-model-basel\/basel03-196x403.jpg 196w\" sizes=\"(max-width: 261px) 100vw, 261px\" \/><\/div>\n<\/div>\n<div class=\"descr-elite\">\n<span><\/p>\n<h5>Mod\u00e8le: Basel<\/h5>\n<p>Couleur:\u00a0GRIGIO ANTICO<br \/>\nVerre: PTB<\/p>\n<p>Application:\u00a0<br \/>\nFloat 6mm<br \/>\ntremp\u00e9\/\u00e9maill\u00e9 RAL 9006<\/p>\n<p>B\u00e2ton de tirage: DPS\u00a0750h<br \/>\nRosace: RKP 50<br \/>\nProtection pour panneau: PZP 10<br \/>\n<\/span>\n<\/div>\n<\/div>\n<hr>\n<div class=\"item\">\n<div class=\"slika-elite\">\n<div class=\"slika-noborder\"><img loading=\"lazy\" decoding=\"async\" class=\"alignnone size-full wp-image-817\" src=\"http:\/\/grad-export.hr\/web\/wp-content\/uploads\/elite-model-basel\/basel04.jpg\" alt=\"Model Basel\" width=\"261\" height=\"536\" srcset=\"https:\/\/grad-export.hr\/web\/wp-content\/uploads\/elite-model-basel\/basel04.jpg 261w, https:\/\/grad-export.hr\/web\/wp-content\/uploads\/elite-model-basel\/basel04-196x403.jpg 196w\" sizes=\"(max-width: 261px) 100vw, 261px\" \/><\/div>\n<\/div>\n<div class=\"descr-elite\">\n<span><\/p>\n<h5>Mod\u00e8le: Basel<\/h5>\n<p>Couleur RAL:\u00a09006\u00a0brillant<br \/>\nVerre: DPR<\/p>\n<p>Application:<br \/>\nFloat 6mm<br \/>\ntremp\u00e9\/\u00e9maill\u00e9 RAL 9005<\/p>\n<p>B\u00e2ton de tirage: KPS\u00a0950h<br \/>\nRosace: RKP 50<br \/>\n<\/span>\n<\/div>\n<\/div>\n<hr>\n<div class=\"item\">\n<div class=\"slika-elite\">\n<div class=\"slika-noborder\"><img loading=\"lazy\" decoding=\"async\" class=\"alignnone size-full wp-image-818\" src=\"http:\/\/grad-export.hr\/web\/wp-content\/uploads\/elite-model-basel\/basel05.jpg\" alt=\"Model Basel\" width=\"261\" height=\"535\" srcset=\"https:\/\/grad-export.hr\/web\/wp-content\/uploads\/elite-model-basel\/basel05.jpg 261w, https:\/\/grad-export.hr\/web\/wp-content\/uploads\/elite-model-basel\/basel05-196x403.jpg 196w\" sizes=\"(max-width: 261px) 100vw, 261px\" \/><\/div>\n<\/div>\n<div class=\"descr-elite\">\n<span><\/p>\n<h5>Mod\u00e8le: Basel<\/h5>\n<p>Couleur RAL: 7016\u00a0brillant<br \/>\nVerre: FPK<\/p>\n<p>Application:\u00a0<br \/>\nFloat 6mm<br \/>\ntremp\u00e9\/\u00e9maill\u00e9 RAL 9005<\/p>\n<p>B\u00e2ton de tirage: DPS 950h<br \/>\nRosace: RKP 50<br \/>\n<\/span>\n<\/div>\n<\/div>\n<hr>\n<div class=\"item\">\n<div class=\"slika-elite\"><img loading=\"lazy\" decoding=\"async\" class=\"alignnone size-full wp-image-819\" src=\"http:\/\/grad-export.hr\/web\/wp-content\/uploads\/elite-model-basel\/basel06.jpg\" alt=\"Model Basel\" width=\"261\" height=\"536\" srcset=\"https:\/\/grad-export.hr\/web\/wp-content\/uploads\/elite-model-basel\/basel06.jpg 261w, https:\/\/grad-export.hr\/web\/wp-content\/uploads\/elite-model-basel\/basel06-196x403.jpg 196w\" sizes=\"(max-width: 261px) 100vw, 261px\" \/><\/div>\n<div class=\"descr-elite\">\n<span><\/p>\n<h5>Mod\u00e8le: Basel<\/h5>\n<p>Couleur RAL:\u00a09010 demi-mat<br \/>\nVerre: DPC<\/p>\n<p>Application:<br \/>\nSTOPSOL GRAY light privablue\u00a0<br \/>\n6mm tremp\u00e9\/\u00e9maill\u00e9 RAL\u00a07031<\/p>\n<p>B\u00e2ton de tirage: DPS 550h<br \/>\nRosace: RKP 50<br \/>\n<\/span>\n<\/div>\n<\/div>\n<hr>\n<div class=\"item\">\n<div class=\"slika-elite\">\n<div class=\"slika-noborder\"><img loading=\"lazy\" decoding=\"async\" class=\"alignnone size-full wp-image-820\" src=\"http:\/\/grad-export.hr\/web\/wp-content\/uploads\/elite-model-basel\/basel07.jpg\" alt=\"Model Basel\" width=\"261\" height=\"536\" srcset=\"https:\/\/grad-export.hr\/web\/wp-content\/uploads\/elite-model-basel\/basel07.jpg 261w, https:\/\/grad-export.hr\/web\/wp-content\/uploads\/elite-model-basel\/basel07-196x403.jpg 196w\" sizes=\"(max-width: 261px) 100vw, 261px\" \/><\/div>\n<\/div>\n<div class=\"descr-elite\">\n<span><\/p>\n<h5>Mod\u00e8le: Basel<\/h5>\n<p>Couleur RAL:\u00a07016 mat<br \/>\nVerre: PLF<\/p>\n<p>Application:\u00a0<br \/>\nFloat 6mm<br \/>\ntremp\u00e9\/\u00e9maill\u00e9 RAL 9005<\/p>\n<p>B\u00e2ton de tirage: DPS 115h<br \/>\nRosace: RKP 50<br \/>\n<\/span>\n<\/div>\n<\/div>\n","protected":false},"excerpt":{"rendered":"<p>Mod\u00e8le: Basel Couleur RAL: 9016 mat Verre: PPM Application: Float 6mm tremp\u00e9\/\u00e9maill\u00e9 RAL 9006 B\u00e2ton de tirage: OPS\u00a0950h Rosace:\u00a0RKP 50 Mod\u00e8le: Basel Couleur: PUNTO GRIGIO Verre: DPL Application:\u00a0 Float 6mm tremp\u00e9\/\u00e9maill\u00e9 RAL 9005 B\u00e2ton de tirage: DPK\u00a0750h Rosace: RKP 50 Mod\u00e8le: Basel Couleur:\u00a0GRIGIO ANTICO Verre: PTB Application:\u00a0 Float 6mm tremp\u00e9\/\u00e9maill\u00e9 RAL 9006 B\u00e2ton de tirage: [&hellip;]<\/p>\n","protected":false},"author":1,"featured_media":8986,"parent":0,"menu_order":0,"comment_status":"open","ping_status":"open","template":"","meta":{"ngg_post_thumbnail":0,"__cvm_playback_settings":[],"__cvm_video_id":"","footnotes":""},"class_list":["post-4189","page","type-page","status-publish","has-post-thumbnail","czr-hentry"],"_links":{"self":[{"href":"https:\/\/grad-export.hr\/fr\/wp-json\/wp\/v2\/pages\/4189"}],"collection":[{"href":"https:\/\/grad-export.hr\/fr\/wp-json\/wp\/v2\/pages"}],"about":[{"href":"https:\/\/grad-export.hr\/fr\/wp-json\/wp\/v2\/types\/page"}],"author":[{"embeddable":true,"href":"https:\/\/grad-export.hr\/fr\/wp-json\/wp\/v2\/users\/1"}],"replies":[{"embeddable":true,"href":"https:\/\/grad-export.hr\/fr\/wp-json\/wp\/v2\/comments?post=4189"}],"version-history":[{"count":3,"href":"https:\/\/grad-export.hr\/fr\/wp-json\/wp\/v2\/pages\/4189\/revisions"}],"predecessor-version":[{"id":30530,"href":"https:\/\/grad-export.hr\/fr\/wp-json\/wp\/v2\/pages\/4189\/revisions\/30530"}],"wp:featuredmedia":[{"embeddable":true,"href":"https:\/\/grad-export.hr\/fr\/wp-json\/wp\/v2\/media\/8986"}],"wp:attachment":[{"href":"https:\/\/grad-export.hr\/fr\/wp-json\/wp\/v2\/media?parent=4189"}],"curies":[{"name":"wp","href":"https:\/\/api.w.org\/{rel}","templated":true}]}}