{"id":4190,"date":"2015-04-01T20:58:22","date_gmt":"2015-04-01T20:58:22","guid":{"rendered":"http:\/\/grad-export.hr\/web\/?page_id=4190"},"modified":"2025-03-01T11:55:04","modified_gmt":"2025-03-01T11:55:04","slug":"model-bonn","status":"publish","type":"page","link":"https:\/\/grad-export.hr\/fr\/model-bonn","title":{"rendered":"Elite+ Mod\u00e8le\u00a0Bonn"},"content":{"rendered":"<div class=\"item\">\n<div class=\"slika-elite\">\n<div class=\"slika-noborder\"><img loading=\"lazy\" decoding=\"async\" class=\"alignnone size-full wp-image-1558\" src=\"http:\/\/grad-export.hr\/web\/wp-content\/uploads\/elite-model-bonn\/bonn01.jpg\" alt=\"Model Bonn\" width=\"261\" height=\"536\" srcset=\"https:\/\/grad-export.hr\/web\/wp-content\/uploads\/elite-model-bonn\/bonn01.jpg 261w, https:\/\/grad-export.hr\/web\/wp-content\/uploads\/elite-model-bonn\/bonn01-196x403.jpg 196w\" sizes=\"(max-width: 261px) 100vw, 261px\" \/><\/div>\n<\/div>\n<div class=\"descr-elite\">\n<span><\/p>\n<h5>Mod\u00e8le: Bonn<\/h5>\n<p>Couleur RAL:\u00a09006 brillant<br \/>\nVerre: PPJ<\/p>\n<p>Application:<br \/>\nFloat 6mm<br \/>\ntremp\u00e9\/\u00e9maill\u00e9 RAL 9005<\/p>\n<p>B\u00e2ton de tirage: OCS 115h<br \/>\nRosace:\u00a0RKP 50<br \/>\n<\/span>\n<\/div>\n<\/div>\n<hr>\n<div class=\"item\">\n<div class=\"slika-elite\">\n<div class=\"slika-noborder\"><img loading=\"lazy\" decoding=\"async\" class=\"alignnone size-full wp-image-1559\" src=\"http:\/\/grad-export.hr\/web\/wp-content\/uploads\/elite-model-bonn\/bonn02.jpg\" alt=\"Model Bonn\" width=\"261\" height=\"536\" srcset=\"https:\/\/grad-export.hr\/web\/wp-content\/uploads\/elite-model-bonn\/bonn02.jpg 261w, https:\/\/grad-export.hr\/web\/wp-content\/uploads\/elite-model-bonn\/bonn02-196x403.jpg 196w\" sizes=\"(max-width: 261px) 100vw, 261px\" \/><\/div>\n<\/div>\n<div class=\"descr-elite\">\n<span><\/p>\n<h5>Mod\u00e8le: Bonn<\/h5>\n<p>Couleur: PUNTO GRIGIO<br \/>\nVerre: FPK<\/p>\n<p>Application:\u00a0<br \/>\nFloat 6mm<br \/>\ntremp\u00e9\/\u00e9maill\u00e9 RAL 9006<\/p>\n<p>B\u00e2ton de tirage: DPS\u00a0950h<br \/>\nRosace: RKP 50<br \/>\n<\/span>\n<\/div>\n<\/div>\n<hr>\n<div class=\"item\">\n<div class=\"slika-elite\"><img loading=\"lazy\" decoding=\"async\" class=\"alignnone size-full wp-image-1560\" src=\"http:\/\/grad-export.hr\/web\/wp-content\/uploads\/elite-model-bonn\/bonn03.jpg\" alt=\"Model Bonn\" width=\"261\" height=\"536\" srcset=\"https:\/\/grad-export.hr\/web\/wp-content\/uploads\/elite-model-bonn\/bonn03.jpg 261w, https:\/\/grad-export.hr\/web\/wp-content\/uploads\/elite-model-bonn\/bonn03-196x403.jpg 196w\" sizes=\"(max-width: 261px) 100vw, 261px\" \/><\/div>\n<div class=\"descr-elite\">\n<span><\/p>\n<h5>Mod\u00e8le: Bonn<\/h5>\n<p>Couleur RAL:\u00a09016 brillant<br \/>\nVerre: PFM<\/p>\n<p>Application:<br \/>\nPLANIBEL GRAY\u00a06mm<br \/>\ntremp\u00e9\/\u00e9maill\u00e9 RAL\u00a07024<\/p>\n<p>B\u00e2ton de tirage: DPS\u00a0750h<br \/>\nRosace: RKP 50<br \/>\n<\/span>\n<\/div>\n<\/div>\n<hr>\n<div class=\"item\">\n<div class=\"slika-elite\">\n<div class=\"slika-noborder\"><img loading=\"lazy\" decoding=\"async\" class=\"alignnone size-full wp-image-1561\" src=\"http:\/\/grad-export.hr\/web\/wp-content\/uploads\/elite-model-bonn\/bonn04.jpg\" alt=\"Model Bonn\" width=\"261\" height=\"536\" srcset=\"https:\/\/grad-export.hr\/web\/wp-content\/uploads\/elite-model-bonn\/bonn04.jpg 261w, https:\/\/grad-export.hr\/web\/wp-content\/uploads\/elite-model-bonn\/bonn04-196x403.jpg 196w\" sizes=\"(max-width: 261px) 100vw, 261px\" \/><\/div>\n<\/div>\n<div class=\"descr-elite\">\n<span><\/p>\n<h5>Mod\u00e8le: Bonn<\/h5>\n<p>Couleur:\u00a0PUNTO GRIGIO<br \/>\nVerre: DPZ<\/p>\n<p>Application:<br \/>\nFloat 6mm<br \/>\ntremp\u00e9\/\u00e9maill\u00e9 RAL 9005<\/p>\n<p>B\u00e2ton de tirage: DPK\u00a0115h<br \/>\nRosace: RKP 50<br \/>\n<\/span>\n<\/div>\n<\/div>\n<hr>\n<div class=\"item\">\n<div class=\"slika-elite\">\n<div class=\"slika-noborder\"><img loading=\"lazy\" decoding=\"async\" class=\"alignnone size-full wp-image-1563\" src=\"http:\/\/grad-export.hr\/web\/wp-content\/uploads\/elite-model-bonn\/bonn06.jpg\" alt=\"Model Bonn\" width=\"261\" height=\"536\" srcset=\"https:\/\/grad-export.hr\/web\/wp-content\/uploads\/elite-model-bonn\/bonn06.jpg 261w, https:\/\/grad-export.hr\/web\/wp-content\/uploads\/elite-model-bonn\/bonn06-196x403.jpg 196w\" sizes=\"(max-width: 261px) 100vw, 261px\" \/><\/div>\n<\/div>\n<div class=\"descr-elite\">\n<span><\/p>\n<h5>Mod\u00e8le: Bonn<\/h5>\n<p>Couleur RAL:\u00a07016 brillant<br \/>\nVerre: PFB<\/p>\n<p>Application:\u00a0<br \/>\nFloat 6mm<br \/>\ntremp\u00e9\/\u00e9maill\u00e9 RAL 9005<\/p>\n<p>B\u00e2ton de tirage: DPS 950h<br \/>\nRosace: RKP 50<br \/>\n<\/span>\n<\/div>\n<\/div>\n","protected":false},"excerpt":{"rendered":"<p>Mod\u00e8le: Bonn Couleur RAL:\u00a09006 brillant Verre: PPJ Application: Float 6mm tremp\u00e9\/\u00e9maill\u00e9 RAL 9005 B\u00e2ton de tirage: OCS 115h Rosace:\u00a0RKP 50 Mod\u00e8le: Bonn Couleur: PUNTO GRIGIO Verre: FPK Application:\u00a0 Float 6mm tremp\u00e9\/\u00e9maill\u00e9 RAL 9006 B\u00e2ton de tirage: DPS\u00a0950h Rosace: RKP 50 Mod\u00e8le: Bonn Couleur RAL:\u00a09016 brillant Verre: PFM Application: PLANIBEL GRAY\u00a06mm tremp\u00e9\/\u00e9maill\u00e9 RAL\u00a07024 B\u00e2ton de tirage: [&hellip;]<\/p>\n","protected":false},"author":1,"featured_media":10026,"parent":0,"menu_order":0,"comment_status":"open","ping_status":"open","template":"","meta":{"ngg_post_thumbnail":0,"__cvm_playback_settings":[],"__cvm_video_id":"","footnotes":""},"class_list":["post-4190","page","type-page","status-publish","has-post-thumbnail","czr-hentry"],"_links":{"self":[{"href":"https:\/\/grad-export.hr\/fr\/wp-json\/wp\/v2\/pages\/4190"}],"collection":[{"href":"https:\/\/grad-export.hr\/fr\/wp-json\/wp\/v2\/pages"}],"about":[{"href":"https:\/\/grad-export.hr\/fr\/wp-json\/wp\/v2\/types\/page"}],"author":[{"embeddable":true,"href":"https:\/\/grad-export.hr\/fr\/wp-json\/wp\/v2\/users\/1"}],"replies":[{"embeddable":true,"href":"https:\/\/grad-export.hr\/fr\/wp-json\/wp\/v2\/comments?post=4190"}],"version-history":[{"count":3,"href":"https:\/\/grad-export.hr\/fr\/wp-json\/wp\/v2\/pages\/4190\/revisions"}],"predecessor-version":[{"id":30526,"href":"https:\/\/grad-export.hr\/fr\/wp-json\/wp\/v2\/pages\/4190\/revisions\/30526"}],"wp:featuredmedia":[{"embeddable":true,"href":"https:\/\/grad-export.hr\/fr\/wp-json\/wp\/v2\/media\/10026"}],"wp:attachment":[{"href":"https:\/\/grad-export.hr\/fr\/wp-json\/wp\/v2\/media?parent=4190"}],"curies":[{"name":"wp","href":"https:\/\/api.w.org\/{rel}","templated":true}]}}