{"id":4191,"date":"2015-04-01T20:59:15","date_gmt":"2015-04-01T20:59:15","guid":{"rendered":"http:\/\/grad-export.hr\/web\/?page_id=4191"},"modified":"2025-03-01T13:54:18","modified_gmt":"2025-03-01T13:54:18","slug":"model-monaco","status":"publish","type":"page","link":"https:\/\/grad-export.hr\/fr\/model-monaco","title":{"rendered":"Elite+ Mod\u00e8le\u00a0Monaco"},"content":{"rendered":"<div class=\"item\">\n<div class=\"slika-elite\">\n<div class=\"slika-noborder\"><img loading=\"lazy\" decoding=\"async\" class=\"alignnone size-full wp-image-1571\" src=\"http:\/\/grad-export.hr\/web\/wp-content\/uploads\/elite-model-monaco\/monaco01.jpg\" alt=\"Model Monaco\" width=\"261\" height=\"536\" srcset=\"https:\/\/grad-export.hr\/web\/wp-content\/uploads\/elite-model-monaco\/monaco01.jpg 261w, https:\/\/grad-export.hr\/web\/wp-content\/uploads\/elite-model-monaco\/monaco01-196x403.jpg 196w\" sizes=\"(max-width: 261px) 100vw, 261px\" \/><\/div>\n<\/div>\n<div class=\"descr-elite\">\n<span><\/p>\n<h5>Mod\u00e8le: Monaco<\/h5>\n<p>Couleur RAL:\u00a07016 mat<br \/>\nVerre: DPZ<\/p>\n<p>Application:<br \/>\nFloat 6mm<br \/>\ntremp\u00e9\/\u00e9maill\u00e9 RAL 9005<\/p>\n<p>B\u00e2ton de tirage: DPK\u00a0950h<br \/>\nRosace:\u00a0RKP 50<br \/>\n<\/span>\n<\/div>\n<\/div>\n<hr>\n<div class=\"item\">\n<div class=\"slika-elite\">\n<div class=\"slika-noborder\"><img loading=\"lazy\" decoding=\"async\" class=\"alignnone size-full wp-image-1573\" src=\"http:\/\/grad-export.hr\/web\/wp-content\/uploads\/elite-model-monaco\/monaco03.jpg\" alt=\"Model Monaco\" width=\"261\" height=\"536\" srcset=\"https:\/\/grad-export.hr\/web\/wp-content\/uploads\/elite-model-monaco\/monaco03.jpg 261w, https:\/\/grad-export.hr\/web\/wp-content\/uploads\/elite-model-monaco\/monaco03-196x403.jpg 196w\" sizes=\"(max-width: 261px) 100vw, 261px\" \/><\/div>\n<\/div>\n<div class=\"descr-elite\">\n<span><\/p>\n<h5>Mod\u00e8le: Monaco<\/h5>\n<p>Couleur: PUNTO GRIGIO<br \/>\nVerre: PPJ<\/p>\n<p>Application:\u00a0<br \/>\nFloat 6mm<br \/>\ntremp\u00e9\/\u00e9maill\u00e9 RAL 9005<\/p>\n<p>B\u00e2ton de tirage: DPS 115h<br \/>\nRosace: RKP 50<br \/>\n<\/span>\n<\/div>\n<\/div>\n<hr>\n<div class=\"item\">\n<div class=\"slika-elite\">\n<div class=\"slika-noborder\"><img loading=\"lazy\" decoding=\"async\" class=\"alignnone size-full wp-image-1574\" src=\"http:\/\/grad-export.hr\/web\/wp-content\/uploads\/elite-model-monaco\/monaco04.jpg\" alt=\"Model Monaco\" width=\"261\" height=\"536\" srcset=\"https:\/\/grad-export.hr\/web\/wp-content\/uploads\/elite-model-monaco\/monaco04.jpg 261w, https:\/\/grad-export.hr\/web\/wp-content\/uploads\/elite-model-monaco\/monaco04-196x403.jpg 196w\" sizes=\"(max-width: 261px) 100vw, 261px\" \/><\/div>\n<\/div>\n<div class=\"descr-elite\">\n<span><\/p>\n<h5>Mod\u00e8le: Monaco<\/h5>\n<p>Couleur RAL:\u00a09006 mat<br \/>\nVerre:\u00a0Float<\/p>\n<p>Application:<br \/>\nSTOPSOL GRAY Light Privablue<br \/>\n6mm tremp\u00e9\/\u00e9maill\u00e9 RAL\u00a07031<\/p>\n<p>B\u00e2ton de tirage: DPS 950h<br \/>\nRosace: RKP 50<br \/>\n<\/span>\n<\/div>\n<\/div>\n<hr>\n<div class=\"item\">\n<div class=\"slika-elite\">\n<div class=\"slika-noborder\"><img loading=\"lazy\" decoding=\"async\" class=\"alignnone size-full wp-image-1575\" src=\"http:\/\/grad-export.hr\/web\/wp-content\/uploads\/elite-model-monaco\/monaco05.jpg\" alt=\"Model Monaco\" width=\"261\" height=\"536\" srcset=\"https:\/\/grad-export.hr\/web\/wp-content\/uploads\/elite-model-monaco\/monaco05.jpg 261w, https:\/\/grad-export.hr\/web\/wp-content\/uploads\/elite-model-monaco\/monaco05-196x403.jpg 196w\" sizes=\"(max-width: 261px) 100vw, 261px\" \/><\/div>\n<\/div>\n<div class=\"descr-elite\">\n<span><\/p>\n<h5>Mod\u00e8le: Monaco<\/h5>\n<p>Couleur:\u00a0PUNTO GRIGIO<br \/>\nVerre: PTB<\/p>\n<p>Application:\u00a0<br \/>\nFloat 6mm<br \/>\ntremp\u00e9\/\u00e9maill\u00e9 RAL 9005<\/p>\n<p>B\u00e2ton de tirage:\u00a0OPS\u00a0115h<br \/>\nRosace: RKP 50<br \/>\n<\/span>\n<\/div>\n<\/div>\n<hr>\n<div class=\"item\">\n<div class=\"slika-elite\">\n<div class=\"slika-noborder\"><img loading=\"lazy\" decoding=\"async\" class=\"alignnone size-full wp-image-1576\" src=\"http:\/\/grad-export.hr\/web\/wp-content\/uploads\/elite-model-monaco\/monaco06.jpg\" alt=\"Model Monaco\" width=\"261\" height=\"536\" srcset=\"https:\/\/grad-export.hr\/web\/wp-content\/uploads\/elite-model-monaco\/monaco06.jpg 261w, https:\/\/grad-export.hr\/web\/wp-content\/uploads\/elite-model-monaco\/monaco06-196x403.jpg 196w\" sizes=\"(max-width: 261px) 100vw, 261px\" \/><\/div>\n<\/div>\n<div class=\"descr-elite\">\n<span><\/p>\n<h5>Mod\u00e8le: Monaco<\/h5>\n<p>Couleur:\u00a0GRIGIO ANTICO<br \/>\nVerre: FPK<\/p>\n<p>Application:\u00a0<br \/>\nFloat 6mm<br \/>\ntremp\u00e9\/\u00e9maill\u00e9 RAL 9005<\/p>\n<p>B\u00e2ton de tirage: DPS 750h<br \/>\nRosace: RKP 50<br \/>\n<\/span>\n<\/div>\n<\/div>\n","protected":false},"excerpt":{"rendered":"<p>Mod\u00e8le: Monaco Couleur RAL:\u00a07016 mat Verre: DPZ Application: Float 6mm tremp\u00e9\/\u00e9maill\u00e9 RAL 9005 B\u00e2ton de tirage: DPK\u00a0950h Rosace:\u00a0RKP 50 Mod\u00e8le: Monaco Couleur: PUNTO GRIGIO Verre: PPJ Application:\u00a0 Float 6mm tremp\u00e9\/\u00e9maill\u00e9 RAL 9005 B\u00e2ton de tirage: DPS 115h Rosace: RKP 50 Mod\u00e8le: Monaco Couleur RAL:\u00a09006 mat Verre:\u00a0Float Application: STOPSOL GRAY Light Privablue 6mm tremp\u00e9\/\u00e9maill\u00e9 RAL\u00a07031 B\u00e2ton [&hellip;]<\/p>\n","protected":false},"author":1,"featured_media":10050,"parent":0,"menu_order":0,"comment_status":"open","ping_status":"open","template":"","meta":{"ngg_post_thumbnail":0,"__cvm_playback_settings":[],"__cvm_video_id":"","footnotes":""},"class_list":["post-4191","page","type-page","status-publish","has-post-thumbnail","czr-hentry"],"_links":{"self":[{"href":"https:\/\/grad-export.hr\/fr\/wp-json\/wp\/v2\/pages\/4191"}],"collection":[{"href":"https:\/\/grad-export.hr\/fr\/wp-json\/wp\/v2\/pages"}],"about":[{"href":"https:\/\/grad-export.hr\/fr\/wp-json\/wp\/v2\/types\/page"}],"author":[{"embeddable":true,"href":"https:\/\/grad-export.hr\/fr\/wp-json\/wp\/v2\/users\/1"}],"replies":[{"embeddable":true,"href":"https:\/\/grad-export.hr\/fr\/wp-json\/wp\/v2\/comments?post=4191"}],"version-history":[{"count":4,"href":"https:\/\/grad-export.hr\/fr\/wp-json\/wp\/v2\/pages\/4191\/revisions"}],"predecessor-version":[{"id":30531,"href":"https:\/\/grad-export.hr\/fr\/wp-json\/wp\/v2\/pages\/4191\/revisions\/30531"}],"wp:featuredmedia":[{"embeddable":true,"href":"https:\/\/grad-export.hr\/fr\/wp-json\/wp\/v2\/media\/10050"}],"wp:attachment":[{"href":"https:\/\/grad-export.hr\/fr\/wp-json\/wp\/v2\/media?parent=4191"}],"curies":[{"name":"wp","href":"https:\/\/api.w.org\/{rel}","templated":true}]}}