{"id":4192,"date":"2015-04-01T21:03:40","date_gmt":"2015-04-01T21:03:40","guid":{"rendered":"http:\/\/grad-export.hr\/web\/?page_id=4192"},"modified":"2025-03-01T13:54:53","modified_gmt":"2025-03-01T13:54:53","slug":"model-porto","status":"publish","type":"page","link":"https:\/\/grad-export.hr\/fr\/model-porto","title":{"rendered":"Elite+ Mod\u00e8le\u00a0Porto"},"content":{"rendered":"<div class=\"item\">\n<div class=\"slika-elite\">\n<div class=\"slika-noborder\"><img loading=\"lazy\" decoding=\"async\" class=\"alignnone size-full wp-image-1581\" src=\"http:\/\/grad-export.hr\/web\/wp-content\/uploads\/elite-model-porto\/porto02.jpg\" alt=\"Model Porto\" width=\"261\" height=\"536\" srcset=\"https:\/\/grad-export.hr\/web\/wp-content\/uploads\/elite-model-porto\/porto02.jpg 261w, https:\/\/grad-export.hr\/web\/wp-content\/uploads\/elite-model-porto\/porto02-196x403.jpg 196w\" sizes=\"(max-width: 261px) 100vw, 261px\" \/><\/div>\n<\/div>\n<div class=\"descr-elite\">\n<span><\/p>\n<h5>Mod\u00e8le: Porto<\/h5>\n<p>Couleur:\u00a0GRIGIO ANTICO<br \/>\nVerre: DPI<\/p>\n<p>Application:<br \/>\nFloat 6mm<br \/>\ntremp\u00e9\/\u00e9maill\u00e9 RAL 9005<\/p>\n<p>B\u00e2ton de tirage: DPS 950h<br \/>\nRosace:\u00a0RKP 50<br \/>\n<\/span>\n<\/div>\n<\/div>\n<hr>\n<div class=\"item\">\n<div class=\"slika-elite\">\n<div class=\"slika-noborder\"><img loading=\"lazy\" decoding=\"async\" class=\"alignnone size-full wp-image-1580\" src=\"http:\/\/grad-export.hr\/web\/wp-content\/uploads\/elite-model-porto\/porto01.jpg\" alt=\"Model Porto\" width=\"261\" height=\"536\" srcset=\"https:\/\/grad-export.hr\/web\/wp-content\/uploads\/elite-model-porto\/porto01.jpg 261w, https:\/\/grad-export.hr\/web\/wp-content\/uploads\/elite-model-porto\/porto01-196x403.jpg 196w\" sizes=\"(max-width: 261px) 100vw, 261px\" \/><\/div>\n<\/div>\n<div class=\"descr-elite\">\n<span><\/p>\n<h5>Mod\u00e8le: Porto<\/h5>\n<p>Couleur: PUNTO GRIGIO<br \/>\nVerre: DPM<\/p>\n<p>Application:\u00a0<br \/>\nFloat 6mm<br \/>\ntremp\u00e9\/\u00e9maill\u00e9 RAL 9005<\/p>\n<p>B\u00e2ton de tirage: DPS 115h<br \/>\nRosace: RKP 50<br \/>\n<\/span>\n<\/div>\n<\/div>\n<hr>\n<div class=\"item\">\n<div class=\"slika-elite\">\n<div class=\"slika-noborder\"><img loading=\"lazy\" decoding=\"async\" class=\"alignnone size-full wp-image-1583\" src=\"http:\/\/grad-export.hr\/web\/wp-content\/uploads\/elite-model-porto\/porto04.jpg\" alt=\"Model Porto\" width=\"261\" height=\"537\" \/><\/div>\n<\/div>\n<div class=\"descr-elite\">\n<span><\/p>\n<h5>Mod\u00e8le: Porto<\/h5>\n<p>Couleur RAL: 7016\u00a0mat<br \/>\nVerre: FPK<\/p>\n<p>Application:\u00a0<br \/>\nFloat 6mm<br \/>\ntremp\u00e9\/\u00e9maill\u00e9 RAL 9005<\/p>\n<p>B\u00e2ton de tirage: DPS\u00a0950h<br \/>\nRosace: RKP 50<br \/>\n<\/span>\n<\/div>\n<\/div>\n<hr>\n<div class=\"item\">\n<div class=\"slika-elite\">\n<div class=\"slika-noborder\"><img loading=\"lazy\" decoding=\"async\" class=\"alignnone size-full wp-image-1582\" src=\"http:\/\/grad-export.hr\/web\/wp-content\/uploads\/elite-model-porto\/porto03.jpg\" alt=\"Model Porto\" width=\"261\" height=\"536\" srcset=\"https:\/\/grad-export.hr\/web\/wp-content\/uploads\/elite-model-porto\/porto03.jpg 261w, https:\/\/grad-export.hr\/web\/wp-content\/uploads\/elite-model-porto\/porto03-196x403.jpg 196w\" sizes=\"(max-width: 261px) 100vw, 261px\" \/><\/div>\n<\/div>\n<div class=\"descr-elite\">\n<span><\/p>\n<h5>Mod\u00e8le: Porto<\/h5>\n<p>Couleur RAL:\u00a09006 mat<br \/>\nVerre:\u00a0DPO<\/p>\n<p>Application:<br \/>\nPLANIBEL GRAY 6mm<br \/>\ntremp\u00e9\/\u00e9maill\u00e9 RAL\u00a07024<\/p>\n<p>B\u00e2ton de tirage: KCS\u00a0115h<br \/>\nRosace: RKP 50<br \/>\n<\/span>\n<\/div>\n<\/div>\n<hr>\n<div class=\"item\">\n<div class=\"slika-elite\">\n<div class=\"slika-noborder\"><img loading=\"lazy\" decoding=\"async\" class=\"alignnone size-full wp-image-1584\" src=\"http:\/\/grad-export.hr\/web\/wp-content\/uploads\/elite-model-porto\/porto05.jpg\" alt=\"Model Porto\" width=\"261\" height=\"536\" srcset=\"https:\/\/grad-export.hr\/web\/wp-content\/uploads\/elite-model-porto\/porto05.jpg 261w, https:\/\/grad-export.hr\/web\/wp-content\/uploads\/elite-model-porto\/porto05-196x403.jpg 196w\" sizes=\"(max-width: 261px) 100vw, 261px\" \/><\/div>\n<\/div>\n<div class=\"descr-elite\">\n<span><\/p>\n<h5>Mod\u00e8le: Porto<\/h5>\n<p>Couleur RAL:\u00a09016 mat<br \/>\nVerre: PFL<\/p>\n<p>Application:\u00a0<br \/>\nFloat 6mm<br \/>\ntremp\u00e9\/\u00e9maill\u00e9 RAL 9006<\/p>\n<p>B\u00e2ton de tirage: DPK\u00a0950h<br \/>\nRosace: RKP 50<br \/>\n<\/span>\n<\/div>\n<\/div>\n<hr>\n<div class=\"item\">\n<div class=\"slika-elite\">\n<div class=\"slika-noborder\"><img loading=\"lazy\" decoding=\"async\" class=\"alignnone size-full wp-image-1585\" src=\"http:\/\/grad-export.hr\/web\/wp-content\/uploads\/elite-model-porto\/porto06.jpg\" alt=\"Model Porto\" width=\"261\" height=\"536\" srcset=\"https:\/\/grad-export.hr\/web\/wp-content\/uploads\/elite-model-porto\/porto06.jpg 261w, https:\/\/grad-export.hr\/web\/wp-content\/uploads\/elite-model-porto\/porto06-196x403.jpg 196w\" sizes=\"(max-width: 261px) 100vw, 261px\" \/><\/div>\n<\/div>\n<div class=\"descr-elite\">\n<span><\/p>\n<h5>Mod\u00e8le: Porto<\/h5>\n<p>Couleur RAL:\u00a0GRIGIO ANTICO<br \/>\nVerre: DPH<\/p>\n<p>Application:\u00a0<br \/>\nFloat 6mm<br \/>\ntremp\u00e9\/\u00e9maill\u00e9 RAL 9005<\/p>\n<p>B\u00e2ton de tirage: OPS 115h<br \/>\nRosace: RKP 50<br \/>\nDiode \u00e9lectroluminescente: LDK<br \/>\n<\/span>\n<\/div>\n<\/div>\n","protected":false},"excerpt":{"rendered":"<p>Mod\u00e8le: Porto Couleur:\u00a0GRIGIO ANTICO Verre: DPI Application: Float 6mm tremp\u00e9\/\u00e9maill\u00e9 RAL 9005 B\u00e2ton de tirage: DPS 950h Rosace:\u00a0RKP 50 Mod\u00e8le: Porto Couleur: PUNTO GRIGIO Verre: DPM Application:\u00a0 Float 6mm tremp\u00e9\/\u00e9maill\u00e9 RAL 9005 B\u00e2ton de tirage: DPS 115h Rosace: RKP 50 Mod\u00e8le: Porto Couleur RAL: 7016\u00a0mat Verre: FPK Application:\u00a0 Float 6mm tremp\u00e9\/\u00e9maill\u00e9 RAL 9005 B\u00e2ton de [&hellip;]<\/p>\n","protected":false},"author":1,"featured_media":10078,"parent":0,"menu_order":0,"comment_status":"open","ping_status":"open","template":"","meta":{"ngg_post_thumbnail":0,"__cvm_playback_settings":[],"__cvm_video_id":"","footnotes":""},"class_list":["post-4192","page","type-page","status-publish","has-post-thumbnail","czr-hentry"],"_links":{"self":[{"href":"https:\/\/grad-export.hr\/fr\/wp-json\/wp\/v2\/pages\/4192"}],"collection":[{"href":"https:\/\/grad-export.hr\/fr\/wp-json\/wp\/v2\/pages"}],"about":[{"href":"https:\/\/grad-export.hr\/fr\/wp-json\/wp\/v2\/types\/page"}],"author":[{"embeddable":true,"href":"https:\/\/grad-export.hr\/fr\/wp-json\/wp\/v2\/users\/1"}],"replies":[{"embeddable":true,"href":"https:\/\/grad-export.hr\/fr\/wp-json\/wp\/v2\/comments?post=4192"}],"version-history":[{"count":3,"href":"https:\/\/grad-export.hr\/fr\/wp-json\/wp\/v2\/pages\/4192\/revisions"}],"predecessor-version":[{"id":30532,"href":"https:\/\/grad-export.hr\/fr\/wp-json\/wp\/v2\/pages\/4192\/revisions\/30532"}],"wp:featuredmedia":[{"embeddable":true,"href":"https:\/\/grad-export.hr\/fr\/wp-json\/wp\/v2\/media\/10078"}],"wp:attachment":[{"href":"https:\/\/grad-export.hr\/fr\/wp-json\/wp\/v2\/media?parent=4192"}],"curies":[{"name":"wp","href":"https:\/\/api.w.org\/{rel}","templated":true}]}}