{"id":4193,"date":"2015-04-01T21:04:25","date_gmt":"2015-04-01T21:04:25","guid":{"rendered":"http:\/\/grad-export.hr\/web\/?page_id=4193"},"modified":"2025-03-01T13:55:20","modified_gmt":"2025-03-01T13:55:20","slug":"model-ulm","status":"publish","type":"page","link":"https:\/\/grad-export.hr\/fr\/model-ulm","title":{"rendered":"Elite+ Mod\u00e8le\u00a0Ulm"},"content":{"rendered":"<div class=\"item\">\n<div class=\"slika-elite\">\n<div class=\"slika-noborder\"><img loading=\"lazy\" decoding=\"async\" class=\"alignnone size-full wp-image-1591\" src=\"http:\/\/grad-export.hr\/web\/wp-content\/uploads\/elite-model-ulm\/ulm01.jpg\" alt=\"Model Ulm\" width=\"261\" height=\"536\" srcset=\"https:\/\/grad-export.hr\/web\/wp-content\/uploads\/elite-model-ulm\/ulm01.jpg 261w, https:\/\/grad-export.hr\/web\/wp-content\/uploads\/elite-model-ulm\/ulm01-196x403.jpg 196w\" sizes=\"(max-width: 261px) 100vw, 261px\" \/><\/div>\n<\/div>\n<div class=\"descr-elite\">\n<span><\/p>\n<h5>Mod\u00e8le: Ulm<\/h5>\n<p>Couleur RAL:\u00a07016 brillant<br \/>\nVerre: DPI<\/p>\n<p>Application:<br \/>\nFloat 6mm<br \/>\ntremp\u00e9\/\u00e9maill\u00e9 RAL 9005<\/p>\n<p>B\u00e2ton de tirage: DPS 950h<br \/>\nRosace:\u00a0RKP 50<br \/>\n<\/span>\n<\/div>\n<\/div>\n<hr>\n<div class=\"item\">\n<div class=\"slika-elite\"><img loading=\"lazy\" decoding=\"async\" class=\"alignnone size-full wp-image-1592\" src=\"http:\/\/grad-export.hr\/web\/wp-content\/uploads\/elite-model-ulm\/ulm02.jpg\" alt=\"Model Ulm\" width=\"261\" height=\"536\" srcset=\"https:\/\/grad-export.hr\/web\/wp-content\/uploads\/elite-model-ulm\/ulm02.jpg 261w, https:\/\/grad-export.hr\/web\/wp-content\/uploads\/elite-model-ulm\/ulm02-196x403.jpg 196w\" sizes=\"(max-width: 261px) 100vw, 261px\" \/><\/div>\n<div class=\"descr-elite\">\n<span><\/p>\n<h5>Mod\u00e8le: Ulm<\/h5>\n<p>Couleur RAL:\u00a09003 brillant<br \/>\nVerre: DPB<\/p>\n<p>Application:\u00a0<br \/>\nFloat 6mm<br \/>\ntremp\u00e9\/\u00e9maill\u00e9 RAL 9005<\/p>\n<p>B\u00e2ton de tirage: OPS 750h<br \/>\nRosace: RKP 50<br \/>\n<\/span>\n<\/div>\n<\/div>\n<hr>\n<div class=\"item\">\n<div class=\"slika-elite\">\n<div class=\"slika-noborder\"><img loading=\"lazy\" decoding=\"async\" class=\"alignnone size-full wp-image-1593\" src=\"http:\/\/grad-export.hr\/web\/wp-content\/uploads\/elite-model-ulm\/ulm03.jpg\" alt=\"Model Ulm\" width=\"261\" height=\"536\" srcset=\"https:\/\/grad-export.hr\/web\/wp-content\/uploads\/elite-model-ulm\/ulm03.jpg 261w, https:\/\/grad-export.hr\/web\/wp-content\/uploads\/elite-model-ulm\/ulm03-196x403.jpg 196w\" sizes=\"(max-width: 261px) 100vw, 261px\" \/><\/div>\n<\/div>\n<div class=\"descr-elite\">\n<span><\/p>\n<h5>Mod\u00e8le: Ulm<\/h5>\n<p>Couleur:\u00a0PUNTO GRIGIO<br \/>\nVerre: PFM<\/p>\n<p>Application:\u00a0<br \/>\nFloat 6mm<br \/>\ntremp\u00e9\/\u00e9maill\u00e9 RAL 9006<\/p>\n<p>B\u00e2ton de tirage: DPS 115h<br \/>\nRosace: RKP 50<br \/>\n<\/span>\n<\/div>\n<\/div>\n<hr>\n<div class=\"item\">\n<div class=\"slika-elite\">\n<div class=\"slika-noborder\"><img loading=\"lazy\" decoding=\"async\" class=\"alignnone size-full wp-image-1594\" src=\"http:\/\/grad-export.hr\/web\/wp-content\/uploads\/elite-model-ulm\/ulm04.jpg\" alt=\"Model Ulm\" width=\"261\" height=\"536\" srcset=\"https:\/\/grad-export.hr\/web\/wp-content\/uploads\/elite-model-ulm\/ulm04.jpg 261w, https:\/\/grad-export.hr\/web\/wp-content\/uploads\/elite-model-ulm\/ulm04-196x403.jpg 196w\" sizes=\"(max-width: 261px) 100vw, 261px\" \/><\/div>\n<\/div>\n<div class=\"descr-elite\">\n<span><\/p>\n<h5>Mod\u00e8le: Ulm<\/h5>\n<p>Couleur:\u00a0GRIGIO ANTICO<br \/>\nVerre:\u00a0DPF<\/p>\n<p>Application:\u00a0<br \/>\nFloat 6mm<br \/>\ntremp\u00e9\/\u00e9maill\u00e9 RAL 9005<\/p>\n<p>B\u00e2ton de tirage: KPS 950h<br \/>\nRosace: RKP 50<br \/>\n<\/span>\n<\/div>\n<\/div>\n<hr>\n<div class=\"item\">\n<div class=\"slika-elite\">\n<div class=\"slika-noborder\"><img loading=\"lazy\" decoding=\"async\" class=\"alignnone size-full wp-image-1595\" src=\"http:\/\/grad-export.hr\/web\/wp-content\/uploads\/elite-model-ulm\/ulm05.jpg\" alt=\"Model Ulm\" width=\"261\" height=\"536\" srcset=\"https:\/\/grad-export.hr\/web\/wp-content\/uploads\/elite-model-ulm\/ulm05.jpg 261w, https:\/\/grad-export.hr\/web\/wp-content\/uploads\/elite-model-ulm\/ulm05-196x403.jpg 196w\" sizes=\"(max-width: 261px) 100vw, 261px\" \/><\/div>\n<\/div>\n<div class=\"descr-elite\">\n<span><\/p>\n<h5>Mod\u00e8le: Ulm<\/h5>\n<p>Couleur RAL: 9006\u00a0brillant<br \/>\nVerre: FPK<\/p>\n<p>Application:<br \/>\nPLANIBEL GRAY\u00a06mm<br \/>\ntremp\u00e9\/\u00e9maill\u00e9 RAL\u00a07024<\/p>\n<p>B\u00e2ton de tirage: DPS 750h<br \/>\nRosace: RKP 50<br \/>\n<\/span>\n<\/div>\n<\/div>\n<hr>\n<div class=\"item\">\n<div class=\"slika-elite\"><img loading=\"lazy\" decoding=\"async\" class=\"alignnone size-full wp-image-1596\" src=\"http:\/\/grad-export.hr\/web\/wp-content\/uploads\/elite-model-ulm\/ulm06.jpg\" alt=\"Model Ulm\" width=\"261\" height=\"536\" srcset=\"https:\/\/grad-export.hr\/web\/wp-content\/uploads\/elite-model-ulm\/ulm06.jpg 261w, https:\/\/grad-export.hr\/web\/wp-content\/uploads\/elite-model-ulm\/ulm06-196x403.jpg 196w\" sizes=\"(max-width: 261px) 100vw, 261px\" \/><\/div>\n<div class=\"descr-elite\">\n<span><\/p>\n<h5>Mod\u00e8le: Ulm<\/h5>\n<p>Couleur RAL:\u00a09016 mat<br \/>\nVerre: DPO<\/p>\n<p>Application:\u00a0<br \/>\nFloat 6mm<br \/>\ntremp\u00e9\/\u00e9maill\u00e9 RAL 9005<\/p>\n<p>B\u00e2ton de tirage: DPS 550h<br \/>\nRosace: RKP 50<br \/>\n<\/span>\n<\/div>\n<\/div>\n","protected":false},"excerpt":{"rendered":"<p>Mod\u00e8le: Ulm Couleur RAL:\u00a07016 brillant Verre: DPI Application: Float 6mm tremp\u00e9\/\u00e9maill\u00e9 RAL 9005 B\u00e2ton de tirage: DPS 950h Rosace:\u00a0RKP 50 Mod\u00e8le: Ulm Couleur RAL:\u00a09003 brillant Verre: DPB Application:\u00a0 Float 6mm tremp\u00e9\/\u00e9maill\u00e9 RAL 9005 B\u00e2ton de tirage: OPS 750h Rosace: RKP 50 Mod\u00e8le: Ulm Couleur:\u00a0PUNTO GRIGIO Verre: PFM Application:\u00a0 Float 6mm tremp\u00e9\/\u00e9maill\u00e9 RAL 9006 B\u00e2ton de [&hellip;]<\/p>\n","protected":false},"author":1,"featured_media":10098,"parent":0,"menu_order":0,"comment_status":"open","ping_status":"open","template":"","meta":{"ngg_post_thumbnail":0,"__cvm_playback_settings":[],"__cvm_video_id":"","footnotes":""},"class_list":["post-4193","page","type-page","status-publish","has-post-thumbnail","czr-hentry"],"_links":{"self":[{"href":"https:\/\/grad-export.hr\/fr\/wp-json\/wp\/v2\/pages\/4193"}],"collection":[{"href":"https:\/\/grad-export.hr\/fr\/wp-json\/wp\/v2\/pages"}],"about":[{"href":"https:\/\/grad-export.hr\/fr\/wp-json\/wp\/v2\/types\/page"}],"author":[{"embeddable":true,"href":"https:\/\/grad-export.hr\/fr\/wp-json\/wp\/v2\/users\/1"}],"replies":[{"embeddable":true,"href":"https:\/\/grad-export.hr\/fr\/wp-json\/wp\/v2\/comments?post=4193"}],"version-history":[{"count":3,"href":"https:\/\/grad-export.hr\/fr\/wp-json\/wp\/v2\/pages\/4193\/revisions"}],"predecessor-version":[{"id":30533,"href":"https:\/\/grad-export.hr\/fr\/wp-json\/wp\/v2\/pages\/4193\/revisions\/30533"}],"wp:featuredmedia":[{"embeddable":true,"href":"https:\/\/grad-export.hr\/fr\/wp-json\/wp\/v2\/media\/10098"}],"wp:attachment":[{"href":"https:\/\/grad-export.hr\/fr\/wp-json\/wp\/v2\/media?parent=4193"}],"curies":[{"name":"wp","href":"https:\/\/api.w.org\/{rel}","templated":true}]}}