{"id":4385,"date":"2015-04-11T18:50:38","date_gmt":"2015-04-11T18:50:38","guid":{"rendered":"http:\/\/grad-export.hr\/web\/?page_id=4385"},"modified":"2017-11-07T21:52:02","modified_gmt":"2017-11-07T21:52:02","slug":"linija-moderna","status":"publish","type":"page","link":"https:\/\/grad-export.hr\/fr\/linija-moderna","title":{"rendered":"Le programme Modern &#8211; PVC panneaux decoratifs"},"content":{"rendered":"<p>Les panneaux dans le programme MODERN peuvent \u00eatre standard renforc\u00e9es (d\u00e9nomination SO) et sans renfort (d\u00e9nomination OS).<br \/>\nLes panneaux peuvent \u00eatre d&#8217;epaisseur de 24 mm, 36 mm et 40 mm.<br \/>\nLes vitrages dans les panneaux sont vitrages isolants. De plus, les vitrages peuvent \u00eatre des epaisseurs et coupes differents \u2013 que d\u00e9pend aussi de la epaisseur de panneau.<br \/>\nLes r\u00e9alisations de vitrage sont diff\u00e9rentes: ornamental, satinato avec ruban de plomb, vitrail avec feuille, facettes, vitrail avec facette, verre en fusion \u2026<br \/>\nSeulement certains panneaux ont la possibilit\u00e9 d&#8217;installation de verre de s\u00e9curit\u00e9.<br \/>\nLes couleurs possibles de PVC panneaux decoratifs du programme MODERN \u2013 dans l&#8217;offre \u00e0 c\u00f4t\u00e9 de PVC blanc on a les decors de bois diff\u00e9rents.<br \/>\nLes couleurs possibles des applications \u2013 toutes les couleurs de PVC que sont dans l&#8217;offre (blanc, rouge, vert, bleu, gris, d\u00e9cors de bois) et INOX application.<br \/>\nDans l&#8217;ordre pour partie tierc\u00e9e est obligatoire identifier le mod\u00e8l de panneau et la d\u00e9nomination de verre parce que on a beaucoup de r\u00e9alisations de verre.<br \/>\n&nbsp;<\/p>\n<p><strong>Modern,<\/strong> PVC panneaux decoratifs <span style=\"color: #800000;\"><strong>900 x 1920 mm<\/strong><\/span>:<\/p>\n<div id=\"paneli\">\n<figure id=\"attachment_662\" aria-describedby=\"caption-attachment-662\" style=\"width: 65px\" class=\"wp-caption alignleft\"><a title=\"Moderna \u2013 model Hum\" href=\"https:\/\/grad-export.hr\/fr\/hum\"><img loading=\"lazy\" decoding=\"async\" class=\"size-full wp-image-662\" src=\"http:\/\/grad-export.hr\/web\/wp-content\/uploads\/linija-moderna\/hum_thumb.jpg\" alt=\"Model Hum\" width=\"65\" height=\"135\" \/><\/a><figcaption id=\"caption-attachment-662\" class=\"wp-caption-text\">Hum<\/figcaption><\/figure>\n<figure id=\"attachment_664\" aria-describedby=\"caption-attachment-664\" style=\"width: 65px\" class=\"wp-caption alignleft\"><a title=\"Moderna \u2013 model Krk\" href=\"https:\/\/grad-export.hr\/fr\/krk\"><img loading=\"lazy\" decoding=\"async\" class=\"size-full wp-image-664\" src=\"http:\/\/grad-export.hr\/web\/wp-content\/uploads\/linija-moderna\/krk_thumb.jpg\" alt=\"Model Krk\" width=\"65\" height=\"135\" \/><\/a><figcaption id=\"caption-attachment-664\" class=\"wp-caption-text\">Krk<\/figcaption><\/figure>\n<figure id=\"attachment_665\" aria-describedby=\"caption-attachment-665\" style=\"width: 65px\" class=\"wp-caption alignleft\"><a title=\"Moderna \u2013 model Nin\" href=\"https:\/\/grad-export.hr\/fr\/nin\"><img loading=\"lazy\" decoding=\"async\" class=\"size-full wp-image-665\" src=\"http:\/\/grad-export.hr\/web\/wp-content\/uploads\/linija-moderna\/nin_thumb.jpg\" alt=\"Model Nin\" width=\"65\" height=\"135\" \/><\/a><figcaption id=\"caption-attachment-665\" class=\"wp-caption-text\">Nin<\/figcaption><\/figure>\n<figure id=\"attachment_668\" aria-describedby=\"caption-attachment-668\" style=\"width: 65px\" class=\"wp-caption alignleft\"><a title=\"Moderna \u2013 model Rab\" href=\"https:\/\/grad-export.hr\/fr\/rab\"><img loading=\"lazy\" decoding=\"async\" class=\"size-full wp-image-668\" src=\"http:\/\/grad-export.hr\/web\/wp-content\/uploads\/linija-moderna\/rab_thumb.jpg\" alt=\"Model Rab\" width=\"65\" height=\"135\" \/><\/a><figcaption id=\"caption-attachment-668\" class=\"wp-caption-text\">Rab<\/figcaption><\/figure>\n<figure id=\"attachment_670\" aria-describedby=\"caption-attachment-670\" style=\"width: 65px\" class=\"wp-caption alignleft\"><a title=\"Moderna \u2013 model Vis\" href=\"https:\/\/grad-export.hr\/fr\/vis\"><img loading=\"lazy\" decoding=\"async\" class=\"size-full wp-image-670\" src=\"http:\/\/grad-export.hr\/web\/wp-content\/uploads\/linija-moderna\/vis_thumb.jpg\" alt=\"Model Vis\" width=\"65\" height=\"135\" \/><\/a><figcaption id=\"caption-attachment-670\" class=\"wp-caption-text\">Vis<\/figcaption><\/figure>\n<figure id=\"attachment_672\" aria-describedby=\"caption-attachment-672\" style=\"width: 65px\" class=\"wp-caption alignleft\"><a title=\"Moderna \u2013 model \u017dut\" href=\"https:\/\/grad-export.hr\/fr\/zut\"><img loading=\"lazy\" decoding=\"async\" class=\"size-full wp-image-672\" src=\"http:\/\/grad-export.hr\/web\/wp-content\/uploads\/linija-moderna\/zut_thumb.jpg\" alt=\"Model \u017dut\" width=\"65\" height=\"135\" \/><\/a><figcaption id=\"caption-attachment-672\" class=\"wp-caption-text\">\u017dut<\/figcaption><\/figure>\n<\/div>\n<p><strong>Modern,<\/strong> PVC panneaux decoratifs <span style=\"color: #800000;\"><strong>900 x 2100 mm<\/strong><\/span>:<\/p>\n<div id=\"paneli\">\n<figure id=\"attachment_661\" aria-describedby=\"caption-attachment-661\" style=\"width: 65px\" class=\"wp-caption alignleft\"><a title=\"Moderna \u2013 model Bol\" href=\"https:\/\/grad-export.hr\/fr\/bol\"><img loading=\"lazy\" decoding=\"async\" class=\"size-full wp-image-661\" src=\"http:\/\/grad-export.hr\/web\/wp-content\/uploads\/linija-moderna\/bol_thumb.jpg\" alt=\"Model Bol\" width=\"65\" height=\"135\" \/><\/a><figcaption id=\"caption-attachment-661\" class=\"wp-caption-text\">Bol<\/figcaption><\/figure>\n<figure id=\"attachment_663\" aria-describedby=\"caption-attachment-663\" style=\"width: 65px\" class=\"wp-caption alignleft\"><a title=\"Moderna \u2013 model Ist\" href=\"https:\/\/grad-export.hr\/fr\/ist\"><img loading=\"lazy\" decoding=\"async\" class=\"size-full wp-image-663\" src=\"http:\/\/grad-export.hr\/web\/wp-content\/uploads\/linija-moderna\/ist_thumb.jpg\" alt=\"Model Ist\" width=\"65\" height=\"135\" \/><\/a><figcaption id=\"caption-attachment-663\" class=\"wp-caption-text\">Ist<\/figcaption><\/figure>\n<figure id=\"attachment_666\" aria-describedby=\"caption-attachment-666\" style=\"width: 65px\" class=\"wp-caption alignleft\"><a title=\"Moderna \u2013 model Pag\" href=\"https:\/\/grad-export.hr\/fr\/pag\"><img loading=\"lazy\" decoding=\"async\" class=\"size-full wp-image-666\" src=\"http:\/\/grad-export.hr\/web\/wp-content\/uploads\/linija-moderna\/pag_thumb.jpg\" alt=\"Model Pag\" width=\"65\" height=\"135\" \/><\/a><figcaption id=\"caption-attachment-666\" class=\"wp-caption-text\">Pag<\/figcaption><\/figure>\n<figure id=\"attachment_669\" aria-describedby=\"caption-attachment-669\" style=\"width: 65px\" class=\"wp-caption alignleft\"><a title=\"Moderna \u2013 model Vir\" href=\"https:\/\/grad-export.hr\/fr\/vir\"><img loading=\"lazy\" decoding=\"async\" class=\"size-full wp-image-669\" src=\"http:\/\/grad-export.hr\/web\/wp-content\/uploads\/linija-moderna\/vir_thumb.jpg\" alt=\"Model Vir\" width=\"65\" height=\"135\" \/><\/a><figcaption id=\"caption-attachment-669\" class=\"wp-caption-text\">Vir<\/figcaption><\/figure>\n<figure id=\"attachment_671\" aria-describedby=\"caption-attachment-671\" style=\"width: 65px\" class=\"wp-caption alignleft\"><a title=\"Moderna \u2013 model Vrh\" href=\"https:\/\/grad-export.hr\/fr\/vrh\"><img loading=\"lazy\" decoding=\"async\" class=\"size-full wp-image-671\" src=\"http:\/\/grad-export.hr\/web\/wp-content\/uploads\/linija-moderna\/vrh_thumb.jpg\" alt=\"Model Vrh\" width=\"65\" height=\"135\" \/><\/a><figcaption id=\"caption-attachment-671\" class=\"wp-caption-text\">Vrh<\/figcaption><\/figure>\n<\/div>\n<p><strong>Parties tierc\u00e9es<\/strong><\/p>\n<div id=\"paneli\">\n<figure id=\"attachment_667\" aria-describedby=\"caption-attachment-667\" style=\"width: 96px\" class=\"wp-caption alignleft\"><a title=\"Moderna \u2013 polupaneli\" href=\"https:\/\/grad-export.hr\/fr\/polupaneli-moderna\"><img loading=\"lazy\" decoding=\"async\" class=\"size-full wp-image-667\" src=\"http:\/\/grad-export.hr\/web\/wp-content\/uploads\/linija-moderna\/polupanel_thumb.jpg\" alt=\"Polupaneli linije Moderna\" width=\"96\" height=\"135\" \/><\/a><figcaption id=\"caption-attachment-667\" class=\"wp-caption-text\">Modern &#8211; parties tierc\u00e9es<\/figcaption><\/figure>\n<\/div>\n","protected":false},"excerpt":{"rendered":"<p>Les panneaux dans le programme MODERN peuvent \u00eatre standard renforc\u00e9es (d\u00e9nomination SO) et sans renfort (d\u00e9nomination OS). Les panneaux peuvent \u00eatre d&#8217;epaisseur de 24 mm, 36 mm et 40 mm. Les vitrages dans les panneaux sont vitrages isolants. De plus, les vitrages peuvent \u00eatre des epaisseurs et coupes differents \u2013 que d\u00e9pend aussi de la [&hellip;]<\/p>\n","protected":false},"author":1,"featured_media":662,"parent":0,"menu_order":0,"comment_status":"closed","ping_status":"open","template":"","meta":{"ngg_post_thumbnail":0,"__cvm_playback_settings":[],"__cvm_video_id":"","footnotes":""},"class_list":["post-4385","page","type-page","status-publish","has-post-thumbnail","czr-hentry"],"_links":{"self":[{"href":"https:\/\/grad-export.hr\/fr\/wp-json\/wp\/v2\/pages\/4385"}],"collection":[{"href":"https:\/\/grad-export.hr\/fr\/wp-json\/wp\/v2\/pages"}],"about":[{"href":"https:\/\/grad-export.hr\/fr\/wp-json\/wp\/v2\/types\/page"}],"author":[{"embeddable":true,"href":"https:\/\/grad-export.hr\/fr\/wp-json\/wp\/v2\/users\/1"}],"replies":[{"embeddable":true,"href":"https:\/\/grad-export.hr\/fr\/wp-json\/wp\/v2\/comments?post=4385"}],"version-history":[{"count":7,"href":"https:\/\/grad-export.hr\/fr\/wp-json\/wp\/v2\/pages\/4385\/revisions"}],"predecessor-version":[{"id":15363,"href":"https:\/\/grad-export.hr\/fr\/wp-json\/wp\/v2\/pages\/4385\/revisions\/15363"}],"wp:featuredmedia":[{"embeddable":true,"href":"https:\/\/grad-export.hr\/fr\/wp-json\/wp\/v2\/media\/662"}],"wp:attachment":[{"href":"https:\/\/grad-export.hr\/fr\/wp-json\/wp\/v2\/media?parent=4385"}],"curies":[{"name":"wp","href":"https:\/\/api.w.org\/{rel}","templated":true}]}}