{"id":4411,"date":"2015-04-11T19:25:30","date_gmt":"2015-04-11T19:25:30","guid":{"rendered":"http:\/\/grad-export.hr\/web\/?page_id=4411"},"modified":"2017-11-07T21:35:12","modified_gmt":"2017-11-07T21:35:12","slug":"linija-premium","status":"publish","type":"page","link":"https:\/\/grad-export.hr\/fr\/linija-premium","title":{"rendered":"Le programme Premium &#8211; PVC panneaux decoratifs"},"content":{"rendered":"<p>Les panneaux dans le programme Premium peuvent \u00eatre standard renforc\u00e9es (d\u00e9nomination SO) et sans renfort (d\u00e9nomination OS).<br \/>\nLes panneaux peuvent \u00eatre d&#8217;epaisseur de 24 mm, 36 mm et 40 mm.<br \/>\nLes vitrages dans les panneaux sont vitrages isolants. De plus, les vitrages peuvent \u00eatre des epaisseurs et coupes differents \u2013 que d\u00e9pend aussi de la epaisseur de panneau.<br \/>\nLes r\u00e9alisations de vitrage sont diff\u00e9rentes: ornamental, satinato avec ruban de plomb, vitrail avec feuille, facettes, vitrail avec facette\u2026<br \/>\nSeulement certains panneaux ont la possibilit\u00e9 d&#8217;installation de verre de s\u00e9curit\u00e9.<br \/>\nLes couleurs possibles de PVC panneaux decoratifs du programme Premium \u2013 dans l&#8217;offre \u00e0 c\u00f4t\u00e9 de PVC blanc on a les d\u00e9cors de bois diff\u00e9rents.<br \/>\nLes couleurs possibles des applications \u2013 toutes les couleurs de PVC que sont dans l&#8217;offre (blanc, rouge, vert, bleu, gris, d\u00e9cors de bois) et INOX application.<br \/>\nDans l&#8217;ordre pour partie tierc\u00e9e est obligatoire identifier le mod\u00e8l de panneau et la d\u00e9nomination de verre parce que on a beaucoup de r\u00e9alisations de verre.<br \/>\n&nbsp;<\/p>\n<p><strong>Premium,<\/strong> PVC panneaux decoratifs <span style=\"color: #800000;\"><strong>900 x 2100 mm<\/strong><\/span>:<\/p>\n<div id=\"paneli\">\n<figure id=\"attachment_675\" aria-describedby=\"caption-attachment-675\" style=\"width: 65px\" class=\"wp-caption alignleft\"><a title=\"Premium \u2013 model ANA\" href=\"https:\/\/grad-export.hr\/fr\/ana\"><img loading=\"lazy\" decoding=\"async\" class=\"size-full wp-image-675\" src=\"http:\/\/grad-export.hr\/web\/wp-content\/uploads\/linija-premium\/ana_thumb.jpg\" alt=\"Model Ana\" width=\"65\" height=\"135\" \/><\/a><figcaption id=\"caption-attachment-675\" class=\"wp-caption-text\">Ana<\/figcaption><\/figure>\n<figure id=\"attachment_676\" aria-describedby=\"caption-attachment-676\" style=\"width: 65px\" class=\"wp-caption alignleft\"><a title=\"Premium \u2013 model Dea\" href=\"https:\/\/grad-export.hr\/fr\/dea\"><img loading=\"lazy\" decoding=\"async\" class=\"size-full wp-image-676\" src=\"http:\/\/grad-export.hr\/web\/wp-content\/uploads\/linija-premium\/dea_thumb.jpg\" alt=\"Model Dea\" width=\"65\" height=\"135\" \/><\/a><figcaption id=\"caption-attachment-676\" class=\"wp-caption-text\">Dea<\/figcaption><\/figure>\n<figure id=\"attachment_678\" aria-describedby=\"caption-attachment-678\" style=\"width: 65px\" class=\"wp-caption alignleft\"><a title=\"Premium \u2013 model Eva\" href=\"https:\/\/grad-export.hr\/fr\/eva\"><img loading=\"lazy\" decoding=\"async\" class=\"size-full wp-image-678\" src=\"http:\/\/grad-export.hr\/web\/wp-content\/uploads\/linija-premium\/eva_thumb.jpg\" alt=\"Model Eva\" width=\"65\" height=\"135\" \/><\/a><figcaption id=\"caption-attachment-678\" class=\"wp-caption-text\">Eva<\/figcaption><\/figure>\n<figure id=\"attachment_684\" aria-describedby=\"caption-attachment-684\" style=\"width: 65px\" class=\"wp-caption alignleft\"><a title=\"Premium \u2013 model Tea\" href=\"https:\/\/grad-export.hr\/fr\/tea\"><img loading=\"lazy\" decoding=\"async\" class=\"size-full wp-image-684\" src=\"http:\/\/grad-export.hr\/web\/wp-content\/uploads\/linija-premium\/tea_thumb.jpg\" alt=\"Model Tea\" width=\"65\" height=\"135\" \/><\/a><figcaption id=\"caption-attachment-684\" class=\"wp-caption-text\">Tea<\/figcaption><\/figure>\n<\/div>\n<p><strong>Premium,<\/strong> PVC panneaux decoratifs <span style=\"color: #800000;\"><strong>900 x 1920\u00a0mm<\/strong><\/span>:<\/p>\n<div id=\"paneli\">\n<figure id=\"attachment_677\" aria-describedby=\"caption-attachment-677\" style=\"width: 65px\" class=\"wp-caption alignleft\"><a title=\"Premium \u2013 model Ela\" href=\"https:\/\/grad-export.hr\/fr\/ela\"><img loading=\"lazy\" decoding=\"async\" class=\"size-full wp-image-677\" src=\"http:\/\/grad-export.hr\/web\/wp-content\/uploads\/linija-premium\/ela_thumb.jpg\" alt=\"Model Ela\" width=\"65\" height=\"135\" \/><\/a><figcaption id=\"caption-attachment-677\" class=\"wp-caption-text\">Ela<\/figcaption><\/figure>\n<figure id=\"attachment_680\" aria-describedby=\"caption-attachment-680\" style=\"width: 65px\" class=\"wp-caption alignleft\"><a title=\"Premium \u2013 model Iva\" href=\"https:\/\/grad-export.hr\/fr\/iva\"><img loading=\"lazy\" decoding=\"async\" class=\"size-full wp-image-680\" src=\"http:\/\/grad-export.hr\/web\/wp-content\/uploads\/linija-premium\/iva_thumb.jpg\" alt=\"Model Iva\" width=\"65\" height=\"135\" \/><\/a><figcaption id=\"caption-attachment-680\" class=\"wp-caption-text\">Iva<\/figcaption><\/figure>\n<\/div>\n<p><strong>Parties tierc\u00e9es<\/strong><\/p>\n<div id=\"paneli\">\n<figure id=\"attachment_682\" aria-describedby=\"caption-attachment-682\" style=\"width: 96px\" class=\"wp-caption alignleft\"><a title=\"Premium \u2013 polupaneli\" href=\"https:\/\/grad-export.hr\/fr\/polupaneli-premium\"><img loading=\"lazy\" decoding=\"async\" class=\"size-full wp-image-682\" src=\"http:\/\/grad-export.hr\/web\/wp-content\/uploads\/linija-premium\/polupanel_thumb.jpg\" alt=\"Polupaneli linije Premium\" width=\"96\" height=\"135\" \/><\/a><figcaption id=\"caption-attachment-682\" class=\"wp-caption-text\">Premium &#8211; parties tierc\u00e9es<\/figcaption><\/figure>\n<\/div>\n","protected":false},"excerpt":{"rendered":"<p>Les panneaux dans le programme Premium peuvent \u00eatre standard renforc\u00e9es (d\u00e9nomination SO) et sans renfort (d\u00e9nomination OS). Les panneaux peuvent \u00eatre d&#8217;epaisseur de 24 mm, 36 mm et 40 mm. Les vitrages dans les panneaux sont vitrages isolants. De plus, les vitrages peuvent \u00eatre des epaisseurs et coupes differents \u2013 que d\u00e9pend aussi de la [&hellip;]<\/p>\n","protected":false},"author":1,"featured_media":675,"parent":0,"menu_order":0,"comment_status":"closed","ping_status":"open","template":"","meta":{"ngg_post_thumbnail":0,"__cvm_playback_settings":[],"__cvm_video_id":"","footnotes":""},"class_list":["post-4411","page","type-page","status-publish","has-post-thumbnail","czr-hentry"],"_links":{"self":[{"href":"https:\/\/grad-export.hr\/fr\/wp-json\/wp\/v2\/pages\/4411"}],"collection":[{"href":"https:\/\/grad-export.hr\/fr\/wp-json\/wp\/v2\/pages"}],"about":[{"href":"https:\/\/grad-export.hr\/fr\/wp-json\/wp\/v2\/types\/page"}],"author":[{"embeddable":true,"href":"https:\/\/grad-export.hr\/fr\/wp-json\/wp\/v2\/users\/1"}],"replies":[{"embeddable":true,"href":"https:\/\/grad-export.hr\/fr\/wp-json\/wp\/v2\/comments?post=4411"}],"version-history":[{"count":7,"href":"https:\/\/grad-export.hr\/fr\/wp-json\/wp\/v2\/pages\/4411\/revisions"}],"predecessor-version":[{"id":15357,"href":"https:\/\/grad-export.hr\/fr\/wp-json\/wp\/v2\/pages\/4411\/revisions\/15357"}],"wp:featuredmedia":[{"embeddable":true,"href":"https:\/\/grad-export.hr\/fr\/wp-json\/wp\/v2\/media\/675"}],"wp:attachment":[{"href":"https:\/\/grad-export.hr\/fr\/wp-json\/wp\/v2\/media?parent=4411"}],"curies":[{"name":"wp","href":"https:\/\/api.w.org\/{rel}","templated":true}]}}